{"id":2278,"date":"2023-01-21T18:44:36","date_gmt":"2023-01-21T18:44:36","guid":{"rendered":"https:\/\/surgeryagency.com\/?post_type=product&#038;p=2278"},"modified":"2023-01-21T20:03:10","modified_gmt":"2023-01-21T20:03:10","slug":"urological-and-pediatric-surgery","status":"publish","type":"product","link":"http:\/\/surgeryagency.com\/fr\/produit\/urological-and-pediatric-surgery\/","title":{"rendered":"CHIRURGIE UROLOGIQUE ET P\u00c9DIATRIQUE"},"content":{"rendered":"<p>N\u00e9phrolithotomie percutan\u00e9e (PCNL)<\/p>\n<p>\u2013 Ur\u00e9t\u00e9roscopie souple au laser<\/p>\n<p>\u2013 R\u00e9section endoscopique de la prostate.<\/p>\n<p>\u2013 R\u00e9section endoscopique d'une tumeur de la vessie<\/p>\n<p>\u2013 Cystectomie radicale Prostatectomie radicale<\/p>\n<p>\u2013 Chirurgie des malformations urologiques et digestives<\/p>\n<p>\u2013 Chirurgie endonasale et neurochirurgie.<\/p>","protected":false},"excerpt":{"rendered":"<p>CE QU'IL FAUT SAVOIR<\/p>","protected":false},"featured_media":2279,"comment_status":"open","ping_status":"closed","template":"","meta":[],"product_brand":[],"product_cat":[15],"product_tag":[],"class_list":{"0":"post-2278","1":"product","2":"type-product","3":"status-publish","4":"has-post-thumbnail","6":"product_cat-uncategorized","8":"first","9":"instock","10":"shipping-taxable","11":"product-type-simple"},"_links":{"self":[{"href":"http:\/\/surgeryagency.com\/fr\/wp-json\/wp\/v2\/product\/2278","targetHints":{"allow":["GET"]}}],"collection":[{"href":"http:\/\/surgeryagency.com\/fr\/wp-json\/wp\/v2\/product"}],"about":[{"href":"http:\/\/surgeryagency.com\/fr\/wp-json\/wp\/v2\/types\/product"}],"replies":[{"embeddable":true,"href":"http:\/\/surgeryagency.com\/fr\/wp-json\/wp\/v2\/comments?post=2278"}],"wp:featuredmedia":[{"embeddable":true,"href":"http:\/\/surgeryagency.com\/fr\/wp-json\/wp\/v2\/media\/2279"}],"wp:attachment":[{"href":"http:\/\/surgeryagency.com\/fr\/wp-json\/wp\/v2\/media?parent=2278"}],"wp:term":[{"taxonomy":"product_brand","embeddable":true,"href":"http:\/\/surgeryagency.com\/fr\/wp-json\/wp\/v2\/product_brand?post=2278"},{"taxonomy":"product_cat","embeddable":true,"href":"http:\/\/surgeryagency.com\/fr\/wp-json\/wp\/v2\/product_cat?post=2278"},{"taxonomy":"product_tag","embeddable":true,"href":"http:\/\/surgeryagency.com\/fr\/wp-json\/wp\/v2\/product_tag?post=2278"}],"curies":[{"name":"wp","href":"https:\/\/api.w.org\/{rel}","templated":true}]}}