{"id":2904,"date":"2023-04-24T15:14:28","date_gmt":"2023-04-24T15:14:28","guid":{"rendered":"https:\/\/surgeryagency.com\/?page_id=2904"},"modified":"2023-08-31T10:18:32","modified_gmt":"2023-08-31T10:18:32","slug":"insurance","status":"publish","type":"page","link":"https:\/\/surgeryagency.com\/fr\/insurance\/","title":{"rendered":"assurance"},"content":{"rendered":"<p><div class=\"fusion-fullwidth fullwidth-box fusion-builder-row-1 fusion-flex-container has-pattern-background has-mask-background nonhundred-percent-fullwidth non-hundred-percent-height-scrolling\" style=\"--awb-border-radius-top-left:0px;--awb-border-radius-top-right:0px;--awb-border-radius-bottom-right:0px;--awb-border-radius-bottom-left:0px;--awb-padding-top:124px;--awb-padding-bottom:44px;--awb-padding-top-medium:72px;--awb-background-color:#ffffff;--awb-background-image:linear-gradient(180deg, #ffffff 15%,#f5f7f9 90%);--awb-flex-wrap:wrap;\" ><div class=\"awb-background-pattern\" style=\"background-image:  url(data:image\/svg+xml;utf8,%3Csvg%20width%3D%2260%22%20height%3D%2260%22%20fill%3D%22none%22%20xmlns%3D%22http%3A%2F%2Fwww.w3.org%2F2000%2Fsvg%22%3E%3Cpath%20d%3D%22M6%204a2%202%200%2011-4%200%202%202%200%20014%200%22%20fill%3D%22rgba%28220%2C224%2C227%2C1%29%22%2F%3E%3C%2Fsvg%3E);opacity: 1 ;background-size:36px;mix-blend-mode:normal;\"><\/div><div class=\"fusion-builder-row fusion-row fusion-flex-align-items-flex-start fusion-flex-justify-content-center fusion-flex-content-wrap\" style=\"max-width:1414.4px;margin-left: calc(-4% \/ 2 );margin-right: calc(-4% \/ 2 );\"><div class=\"fusion-layout-column fusion_builder_column fusion-builder-column-0 fusion_builder_column_3_4 3_4 fusion-flex-column\" style=\"--awb-bg-size:cover;--awb-width-large:75%;--awb-margin-top-large:0px;--awb-spacing-right-large:2.56%;--awb-margin-bottom-large:72px;--awb-spacing-left-large:2.56%;--awb-width-medium:75%;--awb-order-medium:0;--awb-spacing-right-medium:2.56%;--awb-spacing-left-medium:2.56%;--awb-width-small:100%;--awb-order-small:0;--awb-spacing-right-small:1.92%;--awb-spacing-left-small:1.92%;\"><div class=\"fusion-column-wrapper fusion-column-has-shadow fusion-flex-justify-content-flex-start fusion-content-layout-column\"><div class=\"fusion-image-element\" style=\"text-align:center;--awb-caption-title-font-family:var(--h2_typography-font-family);--awb-caption-title-font-weight:var(--h2_typography-font-weight);--awb-caption-title-font-style:var(--h2_typography-font-style);--awb-caption-title-size:var(--h2_typography-font-size);--awb-caption-title-transform:var(--h2_typography-text-transform);--awb-caption-title-line-height:var(--h2_typography-line-height);--awb-caption-title-letter-spacing:var(--h2_typography-letter-spacing);\"><span class=\"fusion-imageframe imageframe-none imageframe-1 hover-type-none\"><img decoding=\"async\" width=\"300\" height=\"242\" title=\"logo_home\" src=\"https:\/\/surgeryagency.com\/wp-content\/uploads\/2023\/05\/logo_home.png\" data-orig-src=\"http:\/\/surgeryagency.com\/wp-content\/uploads\/2023\/05\/logo_home-300x242.png\" alt class=\"lazyload img-responsive wp-image-2965\" srcset=\"data:image\/svg+xml,%3Csvg%20xmlns%3D%27http%3A%2F%2Fwww.w3.org%2F2000%2Fsvg%27%20width%3D%27400%27%20height%3D%27322%27%20viewBox%3D%270%200%20400%20322%27%3E%3Crect%20width%3D%27400%27%20height%3D%27322%27%20fill-opacity%3D%220%22%2F%3E%3C%2Fsvg%3E\" data-srcset=\"https:\/\/surgeryagency.com\/wp-content\/uploads\/2023\/05\/logo_home-200x161.png 200w, https:\/\/surgeryagency.com\/wp-content\/uploads\/2023\/05\/logo_home.png 400w\" data-sizes=\"auto\" data-orig-sizes=\"(max-width: 800px) 100vw, 300px\" \/><\/span><\/div><\/div><\/div><\/div><\/div><div class=\"fusion-fullwidth fullwidth-box fusion-builder-row-2 fusion-flex-container has-pattern-background has-mask-background nonhundred-percent-fullwidth non-hundred-percent-height-scrolling\" style=\"--awb-border-radius-top-left:0px;--awb-border-radius-top-right:0px;--awb-border-radius-bottom-right:0px;--awb-border-radius-bottom-left:0px;--awb-padding-top:124px;--awb-padding-bottom:144px;--awb-padding-top-medium:64px;--awb-padding-bottom-medium:96px;--awb-background-color:#f5f7f9;--awb-flex-wrap:wrap;\" ><div class=\"fusion-builder-row fusion-row fusion-flex-align-items-flex-start fusion-flex-justify-content-center fusion-flex-content-wrap\" style=\"max-width:1414.4px;margin-left: calc(-4% \/ 2 );margin-right: calc(-4% \/ 2 );\"><div class=\"fusion-layout-column fusion_builder_column fusion-builder-column-1 fusion_builder_column_1_2 1_2 fusion-flex-column fusion-column-inner-bg-wrapper\" style=\"--awb-padding-top:36px;--awb-padding-right:36px;--awb-padding-bottom:36px;--awb-padding-left:36px;--awb-overflow:hidden;--awb-inner-bg-color:#ffffff;--awb-inner-bg-color-hover:#ffffff;--awb-inner-bg-size:cover;--awb-box-shadow:0px 4px 3px -3px rgba(79,93,109,0.08);;--awb-border-color:rgba(4,13,22,0.1);--awb-border-bottom:1px;--awb-border-style:solid;--awb-border-radius:32px 32px 32px 32px;--awb-inner-bg-border-radius:32px 32px 32px 32px;--awb-inner-bg-overflow:hidden;--awb-transform:translateY(0px);--awb-transform-hover:translateY(-4px);--awb-width-large:50%;--awb-margin-top-large:0px;--awb-spacing-right-large:3.84%;--awb-margin-bottom-large:0px;--awb-spacing-left-large:3.84%;--awb-width-medium:50%;--awb-order-medium:0;--awb-spacing-right-medium:3.84%;--awb-margin-bottom-medium:10px;--awb-spacing-left-medium:3.84%;--awb-width-small:100%;--awb-order-small:0;--awb-spacing-right-small:1.92%;--awb-spacing-left-small:1.92%;\"><span class=\"fusion-column-inner-bg hover-type-none\"><a class=\"fusion-column-anchor\" href=\"https:\/\/drive.google.com\/file\/d\/1elXW7btmYzlb_j324nvr6MlZFTv7Vu1o\/view?usp=sharing\"><span class=\"fusion-column-inner-bg-image\"><\/span><\/a><\/span><div class=\"fusion-column-wrapper fusion-column-has-shadow fusion-flex-justify-content-flex-start fusion-content-layout-column\"><div class=\"fusion-builder-row fusion-builder-row-inner fusion-row fusion-flex-align-items-flex-start fusion-flex-justify-content-center fusion-flex-content-wrap\" style=\"width:104% !important;max-width:104% !important;margin-left: calc(-4% \/ 2 );margin-right: calc(-4% \/ 2 );\"><div class=\"fusion-layout-column fusion_builder_column_inner fusion-builder-nested-column-0 fusion_builder_column_inner_3_4 3_4 fusion-flex-column fusion-column-inner-bg-wrapper\" style=\"--awb-inner-bg-size:cover;--awb-width-large:75%;--awb-margin-top-large:0px;--awb-spacing-right-large:2.56%;--awb-margin-bottom-large:0px;--awb-spacing-left-large:2.56%;--awb-width-medium:75%;--awb-order-medium:0;--awb-spacing-right-medium:2.56%;--awb-spacing-left-medium:2.56%;--awb-width-small:80%;--awb-order-small:0;--awb-spacing-right-small:2.4%;--awb-spacing-left-small:2.4%;\"><span class=\"fusion-column-inner-bg hover-type-none\"><a class=\"fusion-column-anchor\" href=\"https:\/\/drive.google.com\/file\/d\/1elXW7btmYzlb_j324nvr6MlZFTv7Vu1o\/view?usp=sharing\"><span class=\"fusion-column-inner-bg-image\"><\/span><\/a><\/span><div class=\"fusion-column-wrapper fusion-column-has-shadow fusion-flex-justify-content-flex-start fusion-content-layout-column\"><div ><a class=\"fusion-button button-flat fusion-button-default-size button-custom fusion-button-default button-1 fusion-button-default-span fusion-button-default-type\" style=\"--button_accent_color:#040d16;--button_border_color:#dce0e3;--button_accent_hover_color:#f25534;--button_border_hover_color:#f5f7f9;--button_border_width-top:2px;--button_border_width-right:2px;--button_border_width-bottom:2px;--button_border_width-left:2px;--button-border-radius-top-left:48px;--button-border-radius-top-right:48px;--button-border-radius-bottom-right:48px;--button-border-radius-bottom-left:48px;--button_gradient_top_color:#ffffff;--button_gradient_bottom_color:#ffffff;--button_gradient_top_color_hover:#f5f7f9;--button_gradient_bottom_color_hover:#f5f7f9;--button_text_transform:capitalize;--button_font_size:20px;--button_line_height:1.4em;--button_padding-top:16px;--button_padding-right:32px;--button_padding-bottom:16px;--button_padding-left:32px;--button_typography-letter-spacing:0px;--button_typography-font-family:&quot;Plus Jakarta Sans&quot;;--button_typography-font-style:normal;--button_typography-font-weight:500;\" target=\"_self\" href=\"https:\/\/drive.google.com\/file\/d\/1elXW7btmYzlb_j324nvr6MlZFTv7Vu1o\/view?usp=sharing\"><span class=\"fusion-button-text\">T\u00e9l\u00e9chargez-le en anglais<\/span><\/a><\/div><\/div><\/div><div class=\"fusion-layout-column fusion_builder_column_inner fusion-builder-nested-column-1 fusion_builder_column_inner_1_4 1_4 fusion-flex-column fusion-column-inner-bg-wrapper\" style=\"--awb-inner-bg-size:cover;--awb-width-large:25%;--awb-margin-top-large:0px;--awb-spacing-right-large:7.68%;--awb-margin-bottom-large:0px;--awb-spacing-left-large:7.68%;--awb-width-medium:25%;--awb-order-medium:0;--awb-spacing-right-medium:7.68%;--awb-spacing-left-medium:7.68%;--awb-width-small:20%;--awb-order-small:0;--awb-spacing-right-small:9.6%;--awb-spacing-left-small:9.6%;\"><span class=\"fusion-column-inner-bg hover-type-none\"><a class=\"fusion-column-anchor\" href=\"https:\/\/drive.google.com\/file\/d\/1elXW7btmYzlb_j324nvr6MlZFTv7Vu1o\/view?usp=sharing\"><span class=\"fusion-column-inner-bg-image\"><\/span><\/a><\/span><div class=\"fusion-column-wrapper fusion-column-has-shadow fusion-flex-justify-content-flex-start fusion-content-layout-column\"><a class=\"fb-icon-element-1 fb-icon-element fontawesome-icon icon-accountant-chart-2 circle-yes fusion-link\" style=\"--awb-iconcolor:#040d16;--awb-iconcolor-hover:#f25534;--awb-circlecolor:#ffffff;--awb-circlecolor-hover:#ffffff;--awb-circlebordercolor:#dce0e3;--awb-circlebordercolor-hover:#f25534;--awb-circlebordersize:2px;--awb-font-size:32px;--awb-width:61px;--awb-height:61px;--awb-line-height:57px;--awb-align-self:flex-end;--awb-margin-top:0px;--awb-margin-right:0px;--awb-margin-bottom:0px;--awb-margin-left:0px;\" href=\"https:\/\/drive.google.com\/file\/d\/1elXW7btmYzlb_j324nvr6MlZFTv7Vu1o\/view?usp=sharing\" aria-label=\"Link to https:\/\/drive.google.com\/file\/d\/1elXW7btmYzlb_j324nvr6MlZFTv7Vu1o\/view?usp=sharing\" target=\"_self\"><\/a><\/div><\/div><\/div><div class=\"fusion-image-element\" style=\"text-align:center;--awb-margin-top:72px;--awb-margin-bottom:78px;--awb-max-width:220px;--awb-caption-title-font-family:var(--h2_typography-font-family);--awb-caption-title-font-weight:var(--h2_typography-font-weight);--awb-caption-title-font-style:var(--h2_typography-font-style);--awb-caption-title-size:var(--h2_typography-font-size);--awb-caption-title-transform:var(--h2_typography-text-transform);--awb-caption-title-line-height:var(--h2_typography-line-height);--awb-caption-title-letter-spacing:var(--h2_typography-letter-spacing);\"><span class=\"fusion-imageframe imageframe-none imageframe-2 hover-type-none\"><a class=\"fusion-no-lightbox\" href=\"https:\/\/drive.google.com\/file\/d\/1elXW7btmYzlb_j324nvr6MlZFTv7Vu1o\/view?usp=sharing\" target=\"_self\" aria-label=\"ramadan\"><img decoding=\"async\" width=\"300\" height=\"300\" src=\"https:\/\/surgeryagency.com\/wp-content\/uploads\/2023\/04\/ramadan-.png\" data-orig-src=\"http:\/\/surgeryagency.com\/wp-content\/uploads\/2023\/04\/ramadan--300x300.png\" alt class=\"lazyload img-responsive wp-image-2921\" srcset=\"data:image\/svg+xml,%3Csvg%20xmlns%3D%27http%3A%2F%2Fwww.w3.org%2F2000%2Fsvg%27%20width%3D%273375%27%20height%3D%273375%27%20viewBox%3D%270%200%203375%203375%27%3E%3Crect%20width%3D%273375%27%20height%3D%273375%27%20fill-opacity%3D%220%22%2F%3E%3C%2Fsvg%3E\" data-srcset=\"https:\/\/surgeryagency.com\/wp-content\/uploads\/2023\/04\/ramadan--200x200.png 200w, https:\/\/surgeryagency.com\/wp-content\/uploads\/2023\/04\/ramadan--400x400.png 400w, https:\/\/surgeryagency.com\/wp-content\/uploads\/2023\/04\/ramadan--600x600.png 600w, https:\/\/surgeryagency.com\/wp-content\/uploads\/2023\/04\/ramadan--800x800.png 800w, https:\/\/surgeryagency.com\/wp-content\/uploads\/2023\/04\/ramadan--1200x1200.png 1200w, https:\/\/surgeryagency.com\/wp-content\/uploads\/2023\/04\/ramadan-.png 3375w\" data-sizes=\"auto\" data-orig-sizes=\"(max-width: 800px) 100vw, 300px\" \/><\/a><\/span><\/div><\/div><\/div><div class=\"fusion-layout-column fusion_builder_column fusion-builder-column-2 fusion_builder_column_1_2 1_2 fusion-flex-column fusion-column-inner-bg-wrapper\" style=\"--awb-padding-top:36px;--awb-padding-right:36px;--awb-padding-bottom:36px;--awb-padding-left:36px;--awb-overflow:hidden;--awb-inner-bg-color:#ffffff;--awb-inner-bg-color-hover:#ffffff;--awb-inner-bg-size:cover;--awb-box-shadow:0px 4px 3px -3px rgba(79,93,109,0.08);;--awb-border-color:rgba(4,13,22,0.1);--awb-border-bottom:1px;--awb-border-style:solid;--awb-border-radius:32px 32px 32px 32px;--awb-inner-bg-border-radius:32px 32px 32px 32px;--awb-inner-bg-overflow:hidden;--awb-transform:translateY(0px);--awb-transform-hover:translateY(-6px);--awb-width-large:50%;--awb-margin-top-large:0px;--awb-spacing-right-large:3.84%;--awb-margin-bottom-large:0px;--awb-spacing-left-large:3.84%;--awb-width-medium:50%;--awb-order-medium:0;--awb-spacing-right-medium:3.84%;--awb-margin-bottom-medium:10px;--awb-spacing-left-medium:3.84%;--awb-width-small:100%;--awb-order-small:0;--awb-spacing-right-small:1.92%;--awb-spacing-left-small:1.92%;\"><span class=\"fusion-column-inner-bg hover-type-none\"><a class=\"fusion-column-anchor\" href=\"https:\/\/drive.google.com\/file\/d\/1msUeSM--IxXagrM9xGbe2sxI80K69mjm\/view?usp=sharing\"><span class=\"fusion-column-inner-bg-image\"><\/span><\/a><\/span><div class=\"fusion-column-wrapper fusion-column-has-shadow fusion-flex-justify-content-flex-start fusion-content-layout-column\"><div class=\"fusion-builder-row fusion-builder-row-inner fusion-row fusion-flex-align-items-flex-start fusion-flex-justify-content-center fusion-flex-content-wrap\" style=\"width:104% !important;max-width:104% !important;margin-left: calc(-4% \/ 2 );margin-right: calc(-4% \/ 2 );\"><div class=\"fusion-layout-column fusion_builder_column_inner fusion-builder-nested-column-2 fusion_builder_column_inner_3_4 3_4 fusion-flex-column fusion-column-inner-bg-wrapper\" style=\"--awb-inner-bg-size:cover;--awb-width-large:75%;--awb-margin-top-large:0px;--awb-spacing-right-large:2.56%;--awb-margin-bottom-large:0px;--awb-spacing-left-large:2.56%;--awb-width-medium:75%;--awb-order-medium:0;--awb-spacing-right-medium:2.56%;--awb-spacing-left-medium:2.56%;--awb-width-small:80%;--awb-order-small:0;--awb-spacing-right-small:2.4%;--awb-spacing-left-small:2.4%;\"><span class=\"fusion-column-inner-bg hover-type-none\"><a class=\"fusion-column-anchor\" href=\"https:\/\/drive.google.com\/file\/d\/1msUeSM--IxXagrM9xGbe2sxI80K69mjm\/view?usp=sharing\"><span class=\"fusion-column-inner-bg-image\"><\/span><\/a><\/span><div class=\"fusion-column-wrapper fusion-column-has-shadow fusion-flex-justify-content-flex-start fusion-content-layout-column\"><div ><a class=\"fusion-button button-flat fusion-button-default-size button-custom fusion-button-default button-2 fusion-button-default-span fusion-button-default-type\" style=\"--button_accent_color:#040d16;--button_border_color:#dce0e3;--button_accent_hover_color:#f25534;--button_border_hover_color:#f5f7f9;--button_border_width-top:2px;--button_border_width-right:2px;--button_border_width-bottom:2px;--button_border_width-left:2px;--button-border-radius-top-left:48px;--button-border-radius-top-right:48px;--button-border-radius-bottom-right:48px;--button-border-radius-bottom-left:48px;--button_gradient_top_color:#ffffff;--button_gradient_bottom_color:#ffffff;--button_gradient_top_color_hover:#f5f7f9;--button_gradient_bottom_color_hover:#f5f7f9;--button_text_transform:capitalize;--button_font_size:20px;--button_line_height:1.4em;--button_padding-top:16px;--button_padding-right:32px;--button_padding-bottom:16px;--button_padding-left:32px;--button_typography-letter-spacing:0px;--button_typography-font-family:&quot;Plus Jakarta Sans&quot;;--button_typography-font-style:normal;--button_typography-font-weight:500;\" target=\"_self\" href=\"https:\/\/drive.google.com\/file\/d\/1msUeSM--IxXagrM9xGbe2sxI80K69mjm\/view?usp=sharing\"><span class=\"fusion-button-text\">T\u00e9l\u00e9chargez-le en fran\u00e7ais<\/span><\/a><\/div><\/div><\/div><div class=\"fusion-layout-column fusion_builder_column_inner fusion-builder-nested-column-3 fusion_builder_column_inner_1_4 1_4 fusion-flex-column fusion-column-inner-bg-wrapper\" style=\"--awb-inner-bg-size:cover;--awb-width-large:25%;--awb-margin-top-large:0px;--awb-spacing-right-large:7.68%;--awb-margin-bottom-large:0px;--awb-spacing-left-large:7.68%;--awb-width-medium:25%;--awb-order-medium:0;--awb-spacing-right-medium:7.68%;--awb-spacing-left-medium:7.68%;--awb-width-small:20%;--awb-order-small:0;--awb-spacing-right-small:9.6%;--awb-spacing-left-small:9.6%;\"><span class=\"fusion-column-inner-bg hover-type-none\"><a class=\"fusion-column-anchor\" href=\"https:\/\/drive.google.com\/file\/d\/1msUeSM--IxXagrM9xGbe2sxI80K69mjm\/view?usp=sharing\"><span class=\"fusion-column-inner-bg-image\"><\/span><\/a><\/span><div class=\"fusion-column-wrapper fusion-column-has-shadow fusion-flex-justify-content-flex-start fusion-content-layout-column\"><i class=\"fb-icon-element-2 fb-icon-element fontawesome-icon icon-accountant-chart-1 circle-yes\" style=\"--awb-iconcolor:#040d16;--awb-iconcolor-hover:#f25534;--awb-circlecolor:#ffffff;--awb-circlecolor-hover:#ffffff;--awb-circlebordercolor:#dce0e3;--awb-circlebordercolor-hover:#f25534;--awb-circlebordersize:2px;--awb-font-size:32px;--awb-width:61px;--awb-height:61px;--awb-line-height:57px;--awb-align-self:flex-end;--awb-margin-top:0px;--awb-margin-right:0px;--awb-margin-bottom:0px;--awb-margin-left:0px;\"><\/i><\/div><\/div><\/div><div class=\"fusion-image-element\" style=\"text-align:center;--awb-margin-top:72px;--awb-margin-bottom:78px;--awb-max-width:220px;--awb-caption-title-font-family:var(--h2_typography-font-family);--awb-caption-title-font-weight:var(--h2_typography-font-weight);--awb-caption-title-font-style:var(--h2_typography-font-style);--awb-caption-title-size:var(--h2_typography-font-size);--awb-caption-title-transform:var(--h2_typography-text-transform);--awb-caption-title-line-height:var(--h2_typography-line-height);--awb-caption-title-letter-spacing:var(--h2_typography-letter-spacing);\"><span class=\"fusion-imageframe imageframe-none imageframe-3 hover-type-none\"><a class=\"fusion-no-lightbox\" href=\"https:\/\/drive.google.com\/file\/d\/1msUeSM--IxXagrM9xGbe2sxI80K69mjm\/view?usp=sharing\" target=\"_self\" aria-label=\"fra\"><img decoding=\"async\" width=\"300\" height=\"300\" src=\"https:\/\/surgeryagency.com\/wp-content\/uploads\/2023\/04\/fra.png\" data-orig-src=\"http:\/\/surgeryagency.com\/wp-content\/uploads\/2023\/04\/fra-300x300.png\" alt class=\"lazyload img-responsive wp-image-2920\" srcset=\"data:image\/svg+xml,%3Csvg%20xmlns%3D%27http%3A%2F%2Fwww.w3.org%2F2000%2Fsvg%27%20width%3D%273375%27%20height%3D%273375%27%20viewBox%3D%270%200%203375%203375%27%3E%3Crect%20width%3D%273375%27%20height%3D%273375%27%20fill-opacity%3D%220%22%2F%3E%3C%2Fsvg%3E\" data-srcset=\"https:\/\/surgeryagency.com\/wp-content\/uploads\/2023\/04\/fra-200x200.png 200w, https:\/\/surgeryagency.com\/wp-content\/uploads\/2023\/04\/fra-400x400.png 400w, https:\/\/surgeryagency.com\/wp-content\/uploads\/2023\/04\/fra-600x600.png 600w, https:\/\/surgeryagency.com\/wp-content\/uploads\/2023\/04\/fra-800x800.png 800w, https:\/\/surgeryagency.com\/wp-content\/uploads\/2023\/04\/fra-1200x1200.png 1200w, https:\/\/surgeryagency.com\/wp-content\/uploads\/2023\/04\/fra.png 3375w\" data-sizes=\"auto\" data-orig-sizes=\"(max-width: 800px) 100vw, 300px\" \/><\/a><\/span><\/div><\/div><\/div><\/div><\/div><\/p>","protected":false},"excerpt":{"rendered":"","protected":false},"author":1,"featured_media":0,"parent":0,"menu_order":0,"comment_status":"closed","ping_status":"closed","template":"100-width.php","meta":{"footnotes":""},"class_list":["post-2904","page","type-page","status-publish","hentry"],"_links":{"self":[{"href":"https:\/\/surgeryagency.com\/fr\/wp-json\/wp\/v2\/pages\/2904","targetHints":{"allow":["GET"]}}],"collection":[{"href":"https:\/\/surgeryagency.com\/fr\/wp-json\/wp\/v2\/pages"}],"about":[{"href":"https:\/\/surgeryagency.com\/fr\/wp-json\/wp\/v2\/types\/page"}],"author":[{"embeddable":true,"href":"https:\/\/surgeryagency.com\/fr\/wp-json\/wp\/v2\/users\/1"}],"replies":[{"embeddable":true,"href":"https:\/\/surgeryagency.com\/fr\/wp-json\/wp\/v2\/comments?post=2904"}],"version-history":[{"count":5,"href":"https:\/\/surgeryagency.com\/fr\/wp-json\/wp\/v2\/pages\/2904\/revisions"}],"predecessor-version":[{"id":3215,"href":"https:\/\/surgeryagency.com\/fr\/wp-json\/wp\/v2\/pages\/2904\/revisions\/3215"}],"wp:attachment":[{"href":"https:\/\/surgeryagency.com\/fr\/wp-json\/wp\/v2\/media?parent=2904"}],"curies":[{"name":"wp","href":"https:\/\/api.w.org\/{rel}","templated":true}]}}