{"id":2238,"date":"2023-01-21T13:02:33","date_gmt":"2023-01-21T13:02:33","guid":{"rendered":"https:\/\/surgeryagency.com\/?post_type=product&#038;p=2238"},"modified":"2023-03-26T10:18:50","modified_gmt":"2023-03-26T10:18:50","slug":"hip-prosthesis","status":"publish","type":"product","link":"https:\/\/surgeryagency.com\/fr\/produit\/hip-prosthesis\/","title":{"rendered":"PROTH\u00c8SE DE HANCHE"},"content":{"rendered":"<p>La t\u00eate f\u00e9morale endommag\u00e9e de la hanche est extraite et remplac\u00e9e par une tige m\u00e9tallique introduite dans la diaphyse f\u00e9morale. La tige f\u00e9morale est soit scell\u00e9e, soit autrement fix\u00e9e.<\/p>\n<p>La surface articulaire du cartilage ac\u00e9tabulaire est frais\u00e9e puis remplac\u00e9e par une pi\u00e8ce de m\u00e9tal, de c\u00e9ramique ou de plastique. Ceci est fix\u00e9 par des vis ou du ciment.<\/p>\n<p>La surface articulaire du cartilage ac\u00e9tabulaire est frais\u00e9e puis remplac\u00e9e par une pi\u00e8ce de m\u00e9tal, de c\u00e9ramique ou de plastique. Ceci est fix\u00e9 par des vis ou du ciment.<\/p>\n<p>Traditionnellement, la chirurgie de remplacement de la hanche est pratiqu\u00e9e ouvertement. Cependant, il existe de nouvelles techniques peu invasives qui consistent \u00e0 faire de plus petites incisions pour r\u00e9duire les saignements et les cicatrices.<\/p>\n<p>Cependant, parfois, la hanche ne peut pas \u00eatre remplac\u00e9e par ces petites incisions, c'est pourquoi la chirurgie traditionnelle est g\u00e9n\u00e9ralement pr\u00e9f\u00e9r\u00e9e.<\/p>\n<p>PROTH\u00c8SE DE HANCHE : AVANT LA CHIRURGIE<\/p>\n<p>C'est une intervention chirurgicale majeure, le patient doit \u00eatre correctement pr\u00e9par\u00e9 par un examen clinique minutieux, des explorations radiologiques et biologiques.<\/p>\n<p>PROTHESE DE HANCHE : CE QUE VOUS DEVEZ SAVOIR<\/p>\n<p class=\"translation-block\">Une proc\u00e9dure de proth\u00e8se totale de hanche consiste \u00e0 remplacer les surfaces de l'articulation<br>\nde la hanche (cotyle, t\u00eate f\u00e9morale et col) par un implant proth\u00e9tique.<br>\nC'est une chirurgie courante chez les patients souffrant de plusieurs pathologies (arthrose,<br>\narthrites inflammatoires, ost\u00e9on\u00e9crose de la t\u00eate f\u00e9morale\u2026) qui provoquent douleurs et gonflements<br>\narticulations et r\u00e9duire la mobilit\u00e9 des hanches.<br>\nLa proth\u00e8se totale de hanche soulage la douleur, am\u00e9liore la fonction articulaire et la marche<br>\nchez les patients qui ont des douleurs et des difficult\u00e9s avec de tels mouvements.<br>\nLors d'une arthroplastie totale de la hanche, le cartilage endommag\u00e9 est retir\u00e9 et remplac\u00e9 par<br>\nde nouveaux mat\u00e9riaux pour soutenir les articulations. Il peut s'agir de m\u00e9taux, de plastiques ou<br>\nc\u00e9ramique. Les pi\u00e8ces proth\u00e9tiques peuvent alors \u00eatre fix\u00e9es soit en scellant l'articulation \u00e0 l'os<br>\n(ciment chirurgical) ou en utilisant un enduit pour fixer l'os et les articulations.<br>\nLors d'une arthroplastie totale de la hanche, les patients doivent discuter avec le<br>\nchirurgien, son mod\u00e8le et les mat\u00e9riaux utilis\u00e9s. Les hanches proth\u00e9tiques ont parcouru un long chemin<br>\nam\u00e9lior\u00e9 ces derni\u00e8res ann\u00e9es, de plus en plus d'appareils modernes sont utilis\u00e9s et<br>\nsophistiqu\u00e9 avec des technologies de pointe.<\/p>\n<p class=\"translation-block\">La proth\u00e8se totale de hanche peut \u00eatre la solution id\u00e9ale en cas de destruction articulaire, celle-ci<br>\npeut \u00eatre caus\u00e9e par l'arthrose, la polyarthrite rhumato\u00efde, la n\u00e9crose avasculaire. Elle peut<br>\n\u00e9galement \u00eatre recommand\u00e9 en cas de fractures ou de luxation de la hanche, ou dans le<br>\nreconstructions apr\u00e8s r\u00e9section de tumeurs osseuses.<\/p>\n<p>LA TECHNIQUE CHIRURGICALE D'UNE PROTHESE DE HANCHE<\/p>\n<p>La t\u00eate f\u00e9morale endommag\u00e9e de la hanche est extraite et remplac\u00e9e par une tige m\u00e9tallique introduite dans la diaphyse f\u00e9morale. La tige f\u00e9morale est soit scell\u00e9e, soit autrement fix\u00e9e.<\/p>\n<p>La surface articulaire du cartilage ac\u00e9tabulaire est frais\u00e9e puis remplac\u00e9e par une pi\u00e8ce de m\u00e9tal, de c\u00e9ramique ou de plastique. Ceci est fix\u00e9 par des vis ou du ciment.<\/p>\n<p>La surface articulaire du cartilage ac\u00e9tabulaire est frais\u00e9e puis remplac\u00e9e par une pi\u00e8ce de m\u00e9tal, de c\u00e9ramique ou de plastique. Ceci est fix\u00e9 par des vis ou du ciment.<\/p>\n<p>Traditionnellement, la chirurgie de remplacement de la hanche est pratiqu\u00e9e ouvertement. Cependant, il existe de nouvelles techniques peu invasives qui consistent \u00e0 faire de plus petites incisions pour r\u00e9duire les saignements et les cicatrices.<\/p>\n<p>Cependant, parfois, la hanche ne peut pas \u00eatre remplac\u00e9e par ces petites incisions, c'est pourquoi la chirurgie traditionnelle est g\u00e9n\u00e9ralement pr\u00e9f\u00e9r\u00e9e.<\/p>\n<p>PROTH\u00c8SE DE HANCHE : APR\u00c8S LE TRAITEMENT<\/p>\n<p>Suivi postop\u00e9ratoire Apr\u00e8s une arthroplastie totale de la hanche, certains patients pourront marcher un peu le lendemain de l'intervention avec l'aide d'un kin\u00e9sith\u00e9rapeute.<\/p>\n<p>La nouvelle hanche est g\u00e9n\u00e9ralement douloureuse au d\u00e9but et il est normal de passer quatre \u00e0 cinq jours \u00e0 la clinique. Souvent, le patient pourra marcher sans b\u00e9quilles apr\u00e8s 6 semaines et sera compl\u00e8tement r\u00e9tabli apr\u00e8s 12 semaines.<\/p>\n<p>\u00c0 SAVOIR SUR LA PROTH\u00c8SE DE HANCHE<\/p>\n<p>Complications possibles : Luxation, septic\u00e9mie, thrombose veineuse profonde et embolie pulmonaire, fractures p\u00e9riproth\u00e9tiques, paralysie nerveuse.<\/p>","protected":false},"excerpt":{"rendered":"<p>QUE SOUHAITEZ-VOUS SAVOIR<\/p>","protected":false},"featured_media":2240,"comment_status":"open","ping_status":"closed","template":"","meta":[],"product_brand":[],"product_cat":[67,54],"product_tag":[],"class_list":{"0":"post-2238","1":"product","2":"type-product","3":"status-publish","4":"has-post-thumbnail","6":"product_cat-rabii","7":"product_cat-orthopedics-and-traumatology","9":"first","10":"instock","11":"shipping-taxable","12":"product-type-simple"},"_links":{"self":[{"href":"https:\/\/surgeryagency.com\/fr\/wp-json\/wp\/v2\/product\/2238","targetHints":{"allow":["GET"]}}],"collection":[{"href":"https:\/\/surgeryagency.com\/fr\/wp-json\/wp\/v2\/product"}],"about":[{"href":"https:\/\/surgeryagency.com\/fr\/wp-json\/wp\/v2\/types\/product"}],"replies":[{"embeddable":true,"href":"https:\/\/surgeryagency.com\/fr\/wp-json\/wp\/v2\/comments?post=2238"}],"wp:featuredmedia":[{"embeddable":true,"href":"https:\/\/surgeryagency.com\/fr\/wp-json\/wp\/v2\/media\/2240"}],"wp:attachment":[{"href":"https:\/\/surgeryagency.com\/fr\/wp-json\/wp\/v2\/media?parent=2238"}],"wp:term":[{"taxonomy":"product_brand","embeddable":true,"href":"https:\/\/surgeryagency.com\/fr\/wp-json\/wp\/v2\/product_brand?post=2238"},{"taxonomy":"product_cat","embeddable":true,"href":"https:\/\/surgeryagency.com\/fr\/wp-json\/wp\/v2\/product_cat?post=2238"},{"taxonomy":"product_tag","embeddable":true,"href":"https:\/\/surgeryagency.com\/fr\/wp-json\/wp\/v2\/product_tag?post=2238"}],"curies":[{"name":"wp","href":"https:\/\/api.w.org\/{rel}","templated":true}]}}