{"id":2252,"date":"2023-01-21T14:25:39","date_gmt":"2023-01-21T14:25:39","guid":{"rendered":"https:\/\/surgeryagency.com\/?post_type=product&#038;p=2252"},"modified":"2023-01-21T16:21:01","modified_gmt":"2023-01-21T16:21:01","slug":"knee-prosthesis","status":"publish","type":"product","link":"https:\/\/surgeryagency.com\/fr\/produit\/knee-prosthesis\/","title":{"rendered":"PROTH\u00c8SE DE GENOU"},"content":{"rendered":"<p>Il s'agit d'une intervention chirurgicale qui consiste \u00e0 remplacer les surfaces endommag\u00e9es de l'articulation du genou par des composants en plastique et en m\u00e9tal. Il en existe deux types : le remplacement total du genou (TKR) et le remplacement partiel du genou (PUC). L'arthroplastie du genou est g\u00e9n\u00e9ralement pratiqu\u00e9e sur des patients souffrant d'arthrose avanc\u00e9e du genou, d'arthrite inflammatoire ou ayant subi un traumatisme grave du genou.<br \/>\nApr\u00e8s une chirurgie de proth\u00e8se de genou, la r\u00e9cup\u00e9ration fonctionnelle n\u00e9cessite des s\u00e9ances de r\u00e9\u00e9ducation physique.<\/p>\n<p>PROTH\u00c8SE DE GENOU : AVANT LA CHIRURGIE<\/p>\n<p>L'arthroplastie du genou est une proc\u00e9dure majeure, et le patient doit \u00eatre correctement pr\u00e9par\u00e9 pour une telle chirurgie.<\/p>\n<p>Le m\u00e9decin proc\u00e9dera \u00e0 une s\u00e9rie d'explorations biologiques et radiologiques et il sera g\u00e9n\u00e9ralement recommand\u00e9 au patient d'\u00e9viter certains m\u00e9dicaments qui augmentent le saignement, comme l'aspirine.<\/p>\n<p>LA TECHNIQUE CHIRURGICALE D'UNE PROTH\u00c8SE DE GENOU<\/p>\n<p class=\"translation-block\">Cette chirurgie est r\u00e9alis\u00e9e sous anesth\u00e9sie g\u00e9n\u00e9rale et une incision d'environ 12-18 cm est pratiqu\u00e9e \u00e0 l'avant du genou.<br>\nLa rotule est ensuite disloqu\u00e9e, exposant l'extr\u00e9mit\u00e9 la plus proche du f\u00e9mur au tibia.<br>\nLes extr\u00e9mit\u00e9s de ces os sont r\u00e9s\u00e9qu\u00e9es dans la forme souhait\u00e9e et le cartilage ainsi que le ligament crois\u00e9 ant\u00e9rieur et les m\u00e9nisques sont retir\u00e9s. Des pi\u00e8ces en m\u00e9tal ou en plastique sont positionn\u00e9es sur l'os ou fix\u00e9es avec du ciment ou un autre mat\u00e9riau.<br>\nGr\u00e2ce aux r\u00e9cents progr\u00e8s technologiques, l'op\u00e9ration peut \u00eatre r\u00e9alis\u00e9e comme une chirurgie mini-invasive.<br>\nCela implique de faire une incision plus petite qui r\u00e9duit la d\u00e9gradation des tissus mous et peut am\u00e9liorer le temps de r\u00e9cup\u00e9ration apr\u00e8s la chirurgie.<\/p>\n<p>PROTH\u00c8SE DE GENOU\u00a0: APR\u00c8S LE TRAITEMENT<\/p>\n<p>Les patients peuvent commencer \u00e0 marcher avec l'aide d'un physioth\u00e9rapeute 24 heures apr\u00e8s l'op\u00e9ration.<\/p>\n<p>Patients often need 6 to 12 weeks to recover.<\/p>\n<p>THINGS TO KNOW ABOUT KNEE PROSTHESIS<\/p>\n<p>Complications possibles : Saignement, septic\u00e9mie, atteinte nerveuse, fracture osseuse pendant ou apr\u00e8s l'intervention, luxation de la rotule, r\u00e9action allergique aux mat\u00e9riaux utilis\u00e9s, exceptionnelle.<\/p>","protected":false},"excerpt":{"rendered":"<p>CE QU'IL FAUT SAVOIR<\/p>","protected":false},"featured_media":2253,"comment_status":"open","ping_status":"closed","template":"","meta":[],"product_brand":[],"product_cat":[54],"product_tag":[],"class_list":{"0":"post-2252","1":"product","2":"type-product","3":"status-publish","4":"has-post-thumbnail","6":"product_cat-orthopedics-and-traumatology","8":"first","9":"instock","10":"shipping-taxable","11":"product-type-simple"},"_links":{"self":[{"href":"https:\/\/surgeryagency.com\/fr\/wp-json\/wp\/v2\/product\/2252","targetHints":{"allow":["GET"]}}],"collection":[{"href":"https:\/\/surgeryagency.com\/fr\/wp-json\/wp\/v2\/product"}],"about":[{"href":"https:\/\/surgeryagency.com\/fr\/wp-json\/wp\/v2\/types\/product"}],"replies":[{"embeddable":true,"href":"https:\/\/surgeryagency.com\/fr\/wp-json\/wp\/v2\/comments?post=2252"}],"wp:featuredmedia":[{"embeddable":true,"href":"https:\/\/surgeryagency.com\/fr\/wp-json\/wp\/v2\/media\/2253"}],"wp:attachment":[{"href":"https:\/\/surgeryagency.com\/fr\/wp-json\/wp\/v2\/media?parent=2252"}],"wp:term":[{"taxonomy":"product_brand","embeddable":true,"href":"https:\/\/surgeryagency.com\/fr\/wp-json\/wp\/v2\/product_brand?post=2252"},{"taxonomy":"product_cat","embeddable":true,"href":"https:\/\/surgeryagency.com\/fr\/wp-json\/wp\/v2\/product_cat?post=2252"},{"taxonomy":"product_tag","embeddable":true,"href":"https:\/\/surgeryagency.com\/fr\/wp-json\/wp\/v2\/product_tag?post=2252"}],"curies":[{"name":"wp","href":"https:\/\/api.w.org\/{rel}","templated":true}]}}