{"id":2254,"date":"2023-01-21T14:49:20","date_gmt":"2023-01-21T14:49:20","guid":{"rendered":"https:\/\/surgeryagency.com\/?post_type=product&#038;p=2254"},"modified":"2023-01-21T16:20:49","modified_gmt":"2023-01-21T16:20:49","slug":"anterior-cruciate-ligament-surgery","status":"publish","type":"product","link":"https:\/\/surgeryagency.com\/fr\/produit\/anterior-cruciate-ligament-surgery\/","title":{"rendered":"CHIRURGIE DU LIGAMENT CROIS\u00c9 ANT\u00c9RIEUR"},"content":{"rendered":"<p>CHIRURGIE DU LIGAMENT CROIS\u00c9 ANT\u00c9RIEUR (LCA)<\/p>\n<p>La chirurgie du ligament crois\u00e9 ant\u00e9rieur ou LCA est une op\u00e9ration qui consiste \u00e0 greffer un nouveau ligament \u00e0 la place du ligament rompu, provenant d'une autre partie du corps, comme le tiers du tendon rotulien ou les ischio-jambiers.<\/p>\n<p>L'intervention se fait g\u00e9n\u00e9ralement sous arthroscopie, et laisse de petites cicatrices autour du genou.<\/p>\n<p>L'objectif est de restaurer la stabilit\u00e9 ant\u00e9rieure du genou. Bien que le temps de r\u00e9cup\u00e9ration soit important, l'op\u00e9ration en vaut la peine et les effets sont tr\u00e8s souvent b\u00e9n\u00e9fiques.<\/p>\n<p class=\"translation-block\">Une rupture du LCA est l'une des blessures sportives les plus courantes. Il survient g\u00e9n\u00e9ralement lors d'activit\u00e9s sportives telles que le football, le handball ou le ski. Le LCA peut se d\u00e9chirer lors de mouvements brusques et une fois endommag\u00e9, il est difficile de continuer \u00e0 faire du sport.<br>\nDe nombreux patients qui ne sont pas tr\u00e8s actifs peuvent choisir de ne pas subir de chirurgie si la blessure n'affecte pas la vie quotidienne. Les patients doivent \u00eatre conscients que le choix de ne pas subir de chirurgie pour r\u00e9parer la d\u00e9chirure peut parfois entra\u00eener d'autres dommages au genou. Cependant, la chirurgie est recommand\u00e9e pour les patients actifs ou dans les cas o\u00f9 la d\u00e9chirure affecte la qualit\u00e9 de vie.<br>\nL'\u00e2ge, le mode de vie, le niveau athl\u00e9tique et la stabilit\u00e9 du genou sont des facteurs importants \u00e0 prendre en compte lors de la d\u00e9cision de subir une intervention chirurgicale.<\/p>\n<p>CHIRURGIE DU LIGAMENT CROIS\u00c9 ANT\u00c9RIEUR (LCA)\u00a0: AVANT LA CHIRURGIE<\/p>\n<p>La chirurgie du ligament crois\u00e9 ant\u00e9rieur ou LCA est une op\u00e9ration qui consiste \u00e0 greffer un nouveau ligament \u00e0 la place du ligament rompu, provenant d'une autre partie du corps, comme le tiers du tendon rotulien ou les ischio-jambiers.<\/p>\n<p>SURGICAL TECHNIQUE FOR A RUPTURED ACL<\/p>\n<p>La chirurgie du ligament crois\u00e9 ant\u00e9rieur ou LCA est une op\u00e9ration qui consiste \u00e0 greffer un nouveau ligament \u00e0 la place du ligament rompu, provenant d'une autre partie du corps, comme le tiers du tendon rotulien ou les ischio-jambiers.<\/p>\n<p>L'intervention se fait g\u00e9n\u00e9ralement sous arthroscopie, et laisse de petites cicatrices autour du genou.<\/p>\n<p>L'objectif est de restaurer la stabilit\u00e9 ant\u00e9rieure du genou. Bien que le temps de r\u00e9cup\u00e9ration soit important, l'op\u00e9ration en vaut la peine et les effets sont tr\u00e8s souvent b\u00e9n\u00e9fiques.<\/p>\n<p class=\"translation-block\">Une rupture du LCA est l'une des blessures sportives les plus courantes. Il survient g\u00e9n\u00e9ralement lors d'activit\u00e9s sportives telles que le football, le handball ou le ski. Le LCA peut se d\u00e9chirer lors de mouvements brusques et une fois endommag\u00e9, il est difficile de continuer \u00e0 faire du sport.<br>\nDe nombreux patients qui ne sont pas tr\u00e8s actifs peuvent choisir de ne pas subir de chirurgie si la blessure n'affecte pas la vie quotidienne. Les patients doivent \u00eatre conscients que le choix de ne pas subir de chirurgie pour r\u00e9parer la d\u00e9chirure peut parfois entra\u00eener d'autres dommages au genou. Cependant, la chirurgie est recommand\u00e9e pour les patients actifs ou dans les cas o\u00f9 la d\u00e9chirure affecte la qualit\u00e9 de vie.<br>\nL'\u00e2ge, le mode de vie, le niveau athl\u00e9tique et la stabilit\u00e9 du genou sont des facteurs importants \u00e0 prendre en compte lors de la d\u00e9cision de subir une intervention chirurgicale.<\/p>\n<p>CHIRURGIE DU LIGAMENT CROIS\u00c9 ANT\u00c9RIEUR (LCA)\u00a0: APR\u00c8S LE TRAITEMENT<\/p>\n<p>En postop\u00e9ratoire, le genou est douloureux et gonfl\u00e9 pendant quelques jours.<\/p>\n<p>Vous devez garder les incisions propres et s\u00e8ches en changeant les pansements tous les deux jours.<\/p>\n<p>Il est important que les patients suivent une r\u00e9\u00e9ducation pendant 4 \u00e0 6 mois apr\u00e8s l'op\u00e9ration afin de retrouver une bonne mobilit\u00e9 du genou et une force ad\u00e9quate des muscles du membre inf\u00e9rieur.<\/p>\n<p>Dans les 3 mois qui suivent l'op\u00e9ration, les patients ne doivent pratiquer aucun autre exercice physique que ceux de la r\u00e9\u00e9ducation.<\/p>\n<p>&nbsp;<\/p>\n<p>La pratique sportive ne sera reprise qu'apr\u00e8s un d\u00e9lai minimum de 6 mois.<\/p>\n<p>CE QU'IL FAUT SAVOIR SUR LA CHIRURGIE DU LIGAMENT CROIS\u00c9 ANT\u00c9RIEUR (LCA)<\/p>\n<p>Complications possibles : Engourdissement, infection, phl\u00e9bite.<\/p>","protected":false},"excerpt":{"rendered":"<p>CE QU'IL FAUT SAVOIR<\/p>","protected":false},"featured_media":2255,"comment_status":"open","ping_status":"closed","template":"","meta":[],"product_brand":[],"product_cat":[54],"product_tag":[],"class_list":{"0":"post-2254","1":"product","2":"type-product","3":"status-publish","4":"has-post-thumbnail","6":"product_cat-orthopedics-and-traumatology","8":"first","9":"instock","10":"shipping-taxable","11":"product-type-simple"},"_links":{"self":[{"href":"https:\/\/surgeryagency.com\/fr\/wp-json\/wp\/v2\/product\/2254","targetHints":{"allow":["GET"]}}],"collection":[{"href":"https:\/\/surgeryagency.com\/fr\/wp-json\/wp\/v2\/product"}],"about":[{"href":"https:\/\/surgeryagency.com\/fr\/wp-json\/wp\/v2\/types\/product"}],"replies":[{"embeddable":true,"href":"https:\/\/surgeryagency.com\/fr\/wp-json\/wp\/v2\/comments?post=2254"}],"wp:featuredmedia":[{"embeddable":true,"href":"https:\/\/surgeryagency.com\/fr\/wp-json\/wp\/v2\/media\/2255"}],"wp:attachment":[{"href":"https:\/\/surgeryagency.com\/fr\/wp-json\/wp\/v2\/media?parent=2254"}],"wp:term":[{"taxonomy":"product_brand","embeddable":true,"href":"https:\/\/surgeryagency.com\/fr\/wp-json\/wp\/v2\/product_brand?post=2254"},{"taxonomy":"product_cat","embeddable":true,"href":"https:\/\/surgeryagency.com\/fr\/wp-json\/wp\/v2\/product_cat?post=2254"},{"taxonomy":"product_tag","embeddable":true,"href":"https:\/\/surgeryagency.com\/fr\/wp-json\/wp\/v2\/product_tag?post=2254"}],"curies":[{"name":"wp","href":"https:\/\/api.w.org\/{rel}","templated":true}]}}