{"id":2256,"date":"2023-01-21T15:20:58","date_gmt":"2023-01-21T15:20:58","guid":{"rendered":"https:\/\/surgeryagency.com\/?post_type=product&#038;p=2256"},"modified":"2023-01-21T16:20:37","modified_gmt":"2023-01-21T16:20:37","slug":"menisc-surgery","status":"publish","type":"product","link":"https:\/\/surgeryagency.com\/fr\/produit\/menisc-surgery\/","title":{"rendered":"CHIRURGIE DU M\u00c9NISQUE"},"content":{"rendered":"<p>La chirurgie m\u00e9niscale est r\u00e9alis\u00e9e sous arthroscopie, c'est-\u00e0-dire sans ouvrir l'articulation.<\/p>\n<p>L'arthroscopie est une technique microchirurgicale, d\u00e9velopp\u00e9e il y a une trentaine d'ann\u00e9es. Il a r\u00e9volutionn\u00e9 la chirurgie du genou, permettant d'effectuer une intervention chirurgicale sans ouvrir le genou. Les progr\u00e8s de la miniaturisation permettent depuis plusieurs ann\u00e9es d'op\u00e9rer les m\u00e9nisques et de r\u00e9aliser des lavages articulaires, d'\u00e9liminer des particules de cartilage dans l'arthrose, ou de retirer des fragments libres dans l'ost\u00e9ochondrite.<\/p>\n<p>L'arthroscopie permet \u00e9galement de couper une plica (attache anormale entra\u00eenant des frottements douloureux et une usure du cartilage), ou de nettoyer le genou afin de lib\u00e9rer les amplitudes articulaires.<\/p>\n<p>CHIRURGIE DU M\u00c9NISQUE : AVANT LA CHIRURGIE<\/p>\n<p>C'est une intervention chirurgicale qui dure de 20 \u00e0 40 minutes. Elle se pratique soit en anesth\u00e9sie loco-r\u00e9gionale soit en anesth\u00e9sie g\u00e9n\u00e9rale. Elle est pratiqu\u00e9e de jour (chirurgie ambulatoire).<\/p>\n<p>LA TECHNIQUE CHIRURGICALE DE LA CHIRURGIE DU M\u00c9NISQUE<\/p>\n<p>Le chirurgien pratique deux petites incisions de part et d'autre du tendon rotulien, il ins\u00e8rera sans douleur ses instruments dans votre genou endormi : une fibre optique reli\u00e9e \u00e0 une cam\u00e9ra de t\u00e9l\u00e9vision, et divers instruments (pince \u00e0 \u00e9piler, palpeur, aspirateur...).<\/p>\n<p>Vous serez libre de regarder la t\u00e9l\u00e9vision avec le chirurgien, pendant qu'il agit pour r\u00e9soudre votre probl\u00e8me. Une fois l'intervention r\u00e9alis\u00e9e, il suturera les deux points d'entr\u00e9e avec deux fils r\u00e9sorbables.<\/p>\n<p>CHIRURGIE M\u00c9NISCALE : APR\u00c8S LE TRAITEMENT<\/p>\n<p>Les patients ambulatoires sortent le soir, une fois la sensibilit\u00e9 compl\u00e8tement revenue, et apr\u00e8s avoir r\u00e9ussi \u00e0 uriner normalement.<\/p>\n<p>Avant de partir, chacun verra un kin\u00e9sith\u00e9rapeute qui lui donnera tous les conseils n\u00e9cessaires pour bien marcher \u00e0 nouveau. Certains fonctionnent bien imm\u00e9diatement, mais boiter pendant quelques jours est courant.<\/p>\n<p>Les b\u00e2tons de marche peuvent alors aider la premi\u00e8re semaine. Des s\u00e9ances de r\u00e9\u00e9ducation fonctionnelle vous seront prescrites, \u00e0 partir du cinqui\u00e8me jour environ apr\u00e8s l'op\u00e9ration, avec le kin\u00e9sith\u00e9rapeute.<\/p>","protected":false},"excerpt":{"rendered":"<p>CE QU'IL FAUT SAVOIR<\/p>","protected":false},"featured_media":2257,"comment_status":"open","ping_status":"closed","template":"","meta":[],"product_brand":[],"product_cat":[54],"product_tag":[],"class_list":{"0":"post-2256","1":"product","2":"type-product","3":"status-publish","4":"has-post-thumbnail","6":"product_cat-orthopedics-and-traumatology","8":"first","9":"instock","10":"shipping-taxable","11":"product-type-simple"},"_links":{"self":[{"href":"https:\/\/surgeryagency.com\/fr\/wp-json\/wp\/v2\/product\/2256","targetHints":{"allow":["GET"]}}],"collection":[{"href":"https:\/\/surgeryagency.com\/fr\/wp-json\/wp\/v2\/product"}],"about":[{"href":"https:\/\/surgeryagency.com\/fr\/wp-json\/wp\/v2\/types\/product"}],"replies":[{"embeddable":true,"href":"https:\/\/surgeryagency.com\/fr\/wp-json\/wp\/v2\/comments?post=2256"}],"wp:featuredmedia":[{"embeddable":true,"href":"https:\/\/surgeryagency.com\/fr\/wp-json\/wp\/v2\/media\/2257"}],"wp:attachment":[{"href":"https:\/\/surgeryagency.com\/fr\/wp-json\/wp\/v2\/media?parent=2256"}],"wp:term":[{"taxonomy":"product_brand","embeddable":true,"href":"https:\/\/surgeryagency.com\/fr\/wp-json\/wp\/v2\/product_brand?post=2256"},{"taxonomy":"product_cat","embeddable":true,"href":"https:\/\/surgeryagency.com\/fr\/wp-json\/wp\/v2\/product_cat?post=2256"},{"taxonomy":"product_tag","embeddable":true,"href":"https:\/\/surgeryagency.com\/fr\/wp-json\/wp\/v2\/product_tag?post=2256"}],"curies":[{"name":"wp","href":"https:\/\/api.w.org\/{rel}","templated":true}]}}