{"id":2258,"date":"2023-01-21T15:32:16","date_gmt":"2023-01-21T15:32:16","guid":{"rendered":"https:\/\/surgeryagency.com\/?post_type=product&#038;p=2258"},"modified":"2023-01-21T16:20:17","modified_gmt":"2023-01-21T16:20:17","slug":"rotator-cuff-surgery","status":"publish","type":"product","link":"https:\/\/surgeryagency.com\/fr\/produit\/rotator-cuff-surgery\/","title":{"rendered":"CHIRURGIE DE LA COIFFE DES ROTATEURS"},"content":{"rendered":"<p>CHIRURGIE DE LA COIFFE DES ROTATEURS<\/p>\n<p>La coiffe des rotateurs est constitu\u00e9e d'un groupe de muscles et de tendons qui stabilisent l'articulation de l'\u00e9paule. La chirurgie de la coiffe des rotateurs est une proc\u00e9dure qui restaure une partie des tendons de la coiffe des rotateurs endommag\u00e9s.<\/p>\n<p>Lorsqu'une d\u00e9chirure se produit, elle provoque une douleur importante lors du d\u00e9placement de l'\u00e9paule, en particulier lorsque la main est d\u00e9plac\u00e9e vers le haut ou \u00e9loign\u00e9e du corps.<\/p>\n<p>Une rupture de la coiffe des rotateurs peut survenir de mani\u00e8re aigu\u00eb suite \u00e0 un traumatisme de l'\u00e9paule, ou simplement de mani\u00e8re chronique (usure due \u00e0 l'\u00e2ge).<\/p>\n<p>CHIRURGIE DE LA COIFFE DES ROTATEURS\u00a0: AVANT LA CHIRURGIE<\/p>\n<p class=\"translation-block\">La chirurgie est g\u00e9n\u00e9ralement n\u00e9cessaire lorsque les traitements alternatifs sont vou\u00e9s \u00e0 l'\u00e9chec (traitement m\u00e9dical et r\u00e9\u00e9ducation fonctionnelle). Elle peut \u00eatre r\u00e9alis\u00e9e en chirurgie ouverte, mini-ouverte, mais elle se fait le plus souvent sous arthroscopie.<br>\nLa chirurgie de la coiffe des rotateurs peut \u00eatre indiqu\u00e9e dans les cas o\u00f9 une blessure \u00e0 la coiffe des rotateurs provoque une douleur et\/ou une faiblesse chroniques \u00e0 l'\u00e9paule.<\/p>\n<p>TECHNIQUE CHIRURGICALE<\/p>\n<p>Le chirurgien peut utiliser un arthroscope (un petit appareil d'imagerie) pour visualiser la coiffe des rotateurs et effectuer la chirurgie n\u00e9cessaire \u00e0 travers une petite incision.<\/p>\n<p>La chirurgie arthroscopique est de plus en plus populaire et a montr\u00e9 des r\u00e9sultats positifs chez les patients souffrant de probl\u00e8mes articulaires.<\/p>\n<p>Pour effectuer une chirurgie ouverte de l'\u00e9paule, le chirurgien pratique une mini-incision le long du muscle delto\u00efde pour effectuer les r\u00e9parations n\u00e9cessaires.<\/p>\n<p>CHIRURGIE DE LA COIFFE DES ROTATEURS : APR\u00c8S LE TRAITEMENT<\/p>\n<p>Apr\u00e8s l'op\u00e9ration, les patients devront mettre le bras en \u00e9charpe, pour prot\u00e9ger la r\u00e9insertion effectu\u00e9e de la coiffe des rotateurs et ce pour une dur\u00e9e de 45 jours.<br \/>\nPar la suite, un programme de r\u00e9\u00e9ducation fonctionnelle doit \u00eatre poursuivi afin de retrouver une bonne mobilit\u00e9 articulaire avec une bonne force musculaire.<\/p>\n<p>CE QU'IL FAUT SAVOIR SUR LA CHIRURGIE DE LA COIFFE DES ROTATIFS<\/p>\n<p>Chez la plupart des patients, la chirurgie de la coiffe des rotateurs r\u00e9sout les probl\u00e8mes de douleur et d'impuissance fonctionnelle.<\/p>\n<p>Certaines complications peuvent rarement \u00e9mailler l'\u00e9volution, \u00e0 savoir : Infection, douleur ou raideur.<\/p>","protected":false},"excerpt":{"rendered":"<p>CE QU'IL FAUT SAVOIR<\/p>","protected":false},"featured_media":2259,"comment_status":"open","ping_status":"closed","template":"","meta":[],"product_brand":[],"product_cat":[54],"product_tag":[],"class_list":{"0":"post-2258","1":"product","2":"type-product","3":"status-publish","4":"has-post-thumbnail","6":"product_cat-orthopedics-and-traumatology","8":"first","9":"instock","10":"shipping-taxable","11":"product-type-simple"},"_links":{"self":[{"href":"https:\/\/surgeryagency.com\/fr\/wp-json\/wp\/v2\/product\/2258","targetHints":{"allow":["GET"]}}],"collection":[{"href":"https:\/\/surgeryagency.com\/fr\/wp-json\/wp\/v2\/product"}],"about":[{"href":"https:\/\/surgeryagency.com\/fr\/wp-json\/wp\/v2\/types\/product"}],"replies":[{"embeddable":true,"href":"https:\/\/surgeryagency.com\/fr\/wp-json\/wp\/v2\/comments?post=2258"}],"wp:featuredmedia":[{"embeddable":true,"href":"https:\/\/surgeryagency.com\/fr\/wp-json\/wp\/v2\/media\/2259"}],"wp:attachment":[{"href":"https:\/\/surgeryagency.com\/fr\/wp-json\/wp\/v2\/media?parent=2258"}],"wp:term":[{"taxonomy":"product_brand","embeddable":true,"href":"https:\/\/surgeryagency.com\/fr\/wp-json\/wp\/v2\/product_brand?post=2258"},{"taxonomy":"product_cat","embeddable":true,"href":"https:\/\/surgeryagency.com\/fr\/wp-json\/wp\/v2\/product_cat?post=2258"},{"taxonomy":"product_tag","embeddable":true,"href":"https:\/\/surgeryagency.com\/fr\/wp-json\/wp\/v2\/product_tag?post=2258"}],"curies":[{"name":"wp","href":"https:\/\/api.w.org\/{rel}","templated":true}]}}