{"id":2260,"date":"2023-01-21T15:39:04","date_gmt":"2023-01-21T15:39:04","guid":{"rendered":"https:\/\/surgeryagency.com\/?post_type=product&#038;p=2260"},"modified":"2023-01-21T16:18:56","modified_gmt":"2023-01-21T16:18:56","slug":"hand-surgery-carpal-tunnel-surgery","status":"publish","type":"product","link":"https:\/\/surgeryagency.com\/fr\/produit\/hand-surgery-carpal-tunnel-surgery\/","title":{"rendered":"CHIRURGIE DE LA MAIN \/ CHIRURGIE DU CANAL CARPIEN"},"content":{"rendered":"<p>CHIRURGIE DE LA MAIN\/CHIRURGIE DU CANAL CARPIEN<\/p>\n<p>La chirurgie du canal carpien coupe le ligament carpien transverse. Cela d\u00e9compresse le nerf, ce qui diminue la pression sur celui-ci. Les patients ne ressentent plus de douleur ni d'engourdissement.<\/p>\n<p>Avant de subir une intervention chirurgicale, les patients essaient g\u00e9n\u00e9ralement de r\u00e9soudre leur probl\u00e8me avec des traitements non invasifs tels que des injections de corticost\u00e9ro\u00efdes (qui r\u00e9duisent la douleur et l'inflammation), le port d'une attelle de poignet la nuit et des anti-inflammatoires.<\/p>\n<p>Pour les cas plus avanc\u00e9s de syndrome du canal carpien, la chirurgie est l'indication de choix. La chirurgie est indiqu\u00e9e chez les patients atteints du syndrome du canal carpien, lorsqu'il provoque des engourdissements ou des picotements, une faiblesse musculaire ou une atrophie.<\/p>\n<p>AVANT LA CHIRURGIE<\/p>\n<p>Les patients atteints du syndrome du canal carpien doivent discuter des options de traitement avant la chirurgie, pour voir si les sympt\u00f4mes peuvent \u00eatre soulag\u00e9s par un traitement chirurgical. Le m\u00e9decin proc\u00e8de normalement \u00e0 un examen physique, testant sp\u00e9cifiquement la sensibilit\u00e9 des doigts et la force de la main.<\/p>\n<p>TECHNIQUE CHIRURGICALE<\/p>\n<p>En chirurgie ouverte, une incision est pratiqu\u00e9e dans la paume de la main \u00e0 travers laquelle le ligament carpien transverse est coup\u00e9. Cela provoque une d\u00e9compression du nerf m\u00e9dian, ce qui entra\u00eenera un soulagement de la douleur et un engourdissement.<\/p>\n<p>La chirurgie du canal carpien peut \u00eatre pratiqu\u00e9e \u00e0 ciel ouvert ou endoscopique.<\/p>\n<p>La chirurgie endoscopique du canal carpien est moins invasive<\/p>\n<p>APR\u00c8S LE TRAITEMENT<\/p>\n<p>Apr\u00e8s la proc\u00e9dure, il est recommand\u00e9 de plier et d'\u00e9tirer les doigts r\u00e9guli\u00e8rement.<\/p>\n<p>Gardez votre bras sur\u00e9lev\u00e9 la nuit pour r\u00e9duire l'inflammation. Il est important de garder le pansement propre et sec. Apr\u00e8s une chirurgie ouverte, le r\u00e9tablissement complet peut prendre jusqu'\u00e0 04 semaines.<\/p>\n<p>CE QU'IL FAUT SAVOIR SUR LA CHIRURGIE DU CANAL CARPIEN<\/p>\n<p>L'inconfort et l'engourdissement peuvent dispara\u00eetre imm\u00e9diatement apr\u00e8s la chirurgie ou peuvent mettre plusieurs mois \u00e0 s'estomper, en particulier lors de compressions s\u00e9v\u00e8res.<\/p>\n<p><!--more--><\/p>","protected":false},"excerpt":{"rendered":"<p>CE QU'IL FAUT SAVOIR<\/p>","protected":false},"featured_media":2261,"comment_status":"open","ping_status":"closed","template":"","meta":[],"product_brand":[],"product_cat":[54],"product_tag":[],"class_list":{"0":"post-2260","1":"product","2":"type-product","3":"status-publish","4":"has-post-thumbnail","6":"product_cat-orthopedics-and-traumatology","8":"first","9":"instock","10":"shipping-taxable","11":"product-type-simple"},"_links":{"self":[{"href":"https:\/\/surgeryagency.com\/fr\/wp-json\/wp\/v2\/product\/2260","targetHints":{"allow":["GET"]}}],"collection":[{"href":"https:\/\/surgeryagency.com\/fr\/wp-json\/wp\/v2\/product"}],"about":[{"href":"https:\/\/surgeryagency.com\/fr\/wp-json\/wp\/v2\/types\/product"}],"replies":[{"embeddable":true,"href":"https:\/\/surgeryagency.com\/fr\/wp-json\/wp\/v2\/comments?post=2260"}],"wp:featuredmedia":[{"embeddable":true,"href":"https:\/\/surgeryagency.com\/fr\/wp-json\/wp\/v2\/media\/2261"}],"wp:attachment":[{"href":"https:\/\/surgeryagency.com\/fr\/wp-json\/wp\/v2\/media?parent=2260"}],"wp:term":[{"taxonomy":"product_brand","embeddable":true,"href":"https:\/\/surgeryagency.com\/fr\/wp-json\/wp\/v2\/product_brand?post=2260"},{"taxonomy":"product_cat","embeddable":true,"href":"https:\/\/surgeryagency.com\/fr\/wp-json\/wp\/v2\/product_cat?post=2260"},{"taxonomy":"product_tag","embeddable":true,"href":"https:\/\/surgeryagency.com\/fr\/wp-json\/wp\/v2\/product_tag?post=2260"}],"curies":[{"name":"wp","href":"https:\/\/api.w.org\/{rel}","templated":true}]}}