{"id":2262,"date":"2023-01-21T15:55:49","date_gmt":"2023-01-21T15:55:49","guid":{"rendered":"https:\/\/surgeryagency.com\/?post_type=product&#038;p=2262"},"modified":"2023-01-21T16:18:23","modified_gmt":"2023-01-21T16:18:23","slug":"foot-surgery-hallux-valgus-surgery","status":"publish","type":"product","link":"https:\/\/surgeryagency.com\/fr\/produit\/foot-surgery-hallux-valgus-surgery\/","title":{"rendered":"CHIRURGIE DU PIED \/ CHIRURGIE HALLUX VALGUS"},"content":{"rendered":"<p>La chirurgie de l'hallux valgus est une intervention chirurgicale visant \u00e0 r\u00e9aligner une articulation d\u00e9form\u00e9e du pied. Aussi appel\u00e9 oignon, l'hallux valgus est une d\u00e9formation du gros orteil entra\u00eenant un d\u00e9salignement de l'os et des tissus. L'oignon se formerait principalement \u00e0 cause de chaussures trop serr\u00e9es, qui appliqueraient alors trop de pression sur l'orteil et le c\u00f4t\u00e9 du pied. Un autre facteur possible serait une pr\u00e9disposition g\u00e9n\u00e9tique.<\/p>\n<p>La pr\u00e9sence d'un oignon provoque des douleurs, une g\u00eane lors de la mise en place des chaussures, ainsi qu'une irritation de la peau \u00e0 c\u00f4t\u00e9. Le plus souvent, la chirurgie de l'hallux valgus consiste \u00e0 op\u00e9rer la plus grosse articulation de l'avant-pied, c'est-\u00e0-dire l'endroit o\u00f9 le gros orteil est reli\u00e9 au pied. L'op\u00e9ration consiste \u00e0 r\u00e9aligner l'articulation pour rem\u00e9dier \u00e0 la douleur et \u00e0 l'enflure.<\/p>\n<p>CHIRURGIE HALLUX VALGUS : AVANT LA CHIRURGIE<\/p>\n<p>La chirurgie de la bursite de l'orteil est recommand\u00e9e pour les patients pour lesquels la bursite est douloureuse et pour lesquels d'autres soins non chirurgicaux n'ont pas fonctionn\u00e9 avec une d\u00e9formation importante du gros orteil.<\/p>\n<p>Cette op\u00e9ration est recommand\u00e9e pour les patients pr\u00e9sentant une bursite (oignon) causant de la douleur ou de l'inconfort et qui n'ont pas obtenu de r\u00e9sultats positifs par des moyens non chirurgicaux.<\/p>\n<p>CHIRURGIE HALLUX VALGUS : LA TECHNIQUE CHIRURGICALE<\/p>\n<p>Il existe diff\u00e9rentes techniques chirurgicales pour traiter l'hallux valgus. La chirurgie consiste \u00e0 faire une incision le long de l'hallux valgus.<\/p>\n<p>La technique consiste \u00e0 ouvrir l'articulation du gros orteil, \u00e0 pratiquer une ost\u00e9otomie puis \u00e0 r\u00e9aligner les fragments osseux dans leur position normale et \u00e0 les fixer avec des vis sp\u00e9ciales.<\/p>\n<p>L'exostectomie consiste \u00e0 r\u00e9s\u00e9quer l'extr\u00e9mit\u00e9 saillante de l'os.<\/p>\n<p>CHIRURGIE HALLUX VALGUS : APR\u00c8S LE TRAITEMENT<\/p>\n<p>Les patients doivent g\u00e9n\u00e9ralement porter une chaussure sp\u00e9ciale pendant les quatre premi\u00e8res semaines apr\u00e8s la chirurgie.<\/p>\n<p>CE QU'IL FAUT SAVOIR SUR LA CHIRURGIE DE L'HALLUX VALGUS<\/p>\n<p>Le patient peut s'attendre \u00e0 une sensation d'inconfort et de gonflement dans le bas de la jambe, qui peut durer plusieurs semaines apr\u00e8s la chirurgie.<\/p>","protected":false},"excerpt":{"rendered":"<p>CE QU'IL FAUT SAVOIR<\/p>","protected":false},"featured_media":2263,"comment_status":"open","ping_status":"closed","template":"","meta":[],"product_brand":[],"product_cat":[54],"product_tag":[],"class_list":{"0":"post-2262","1":"product","2":"type-product","3":"status-publish","4":"has-post-thumbnail","6":"product_cat-orthopedics-and-traumatology","8":"first","9":"instock","10":"shipping-taxable","11":"product-type-simple"},"_links":{"self":[{"href":"https:\/\/surgeryagency.com\/fr\/wp-json\/wp\/v2\/product\/2262","targetHints":{"allow":["GET"]}}],"collection":[{"href":"https:\/\/surgeryagency.com\/fr\/wp-json\/wp\/v2\/product"}],"about":[{"href":"https:\/\/surgeryagency.com\/fr\/wp-json\/wp\/v2\/types\/product"}],"replies":[{"embeddable":true,"href":"https:\/\/surgeryagency.com\/fr\/wp-json\/wp\/v2\/comments?post=2262"}],"wp:featuredmedia":[{"embeddable":true,"href":"https:\/\/surgeryagency.com\/fr\/wp-json\/wp\/v2\/media\/2263"}],"wp:attachment":[{"href":"https:\/\/surgeryagency.com\/fr\/wp-json\/wp\/v2\/media?parent=2262"}],"wp:term":[{"taxonomy":"product_brand","embeddable":true,"href":"https:\/\/surgeryagency.com\/fr\/wp-json\/wp\/v2\/product_brand?post=2262"},{"taxonomy":"product_cat","embeddable":true,"href":"https:\/\/surgeryagency.com\/fr\/wp-json\/wp\/v2\/product_cat?post=2262"},{"taxonomy":"product_tag","embeddable":true,"href":"https:\/\/surgeryagency.com\/fr\/wp-json\/wp\/v2\/product_tag?post=2262"}],"curies":[{"name":"wp","href":"https:\/\/api.w.org\/{rel}","templated":true}]}}