{"id":2265,"date":"2023-01-21T16:01:41","date_gmt":"2023-01-21T16:01:41","guid":{"rendered":"https:\/\/surgeryagency.com\/?post_type=product&#038;p=2265"},"modified":"2023-01-21T18:17:04","modified_gmt":"2023-01-21T18:17:04","slug":"gynecology-and-in-vitro-fertilization","status":"publish","type":"product","link":"https:\/\/surgeryagency.com\/fr\/produit\/gynecology-and-in-vitro-fertilization\/","title":{"rendered":"GYN\u00c9COLOGIE ET F\u00c9CONDATION IN VITRO"},"content":{"rendered":"<p>La f\u00e9condation in vitro (FIV) est le processus par lequel les ovules d'une femme sont f\u00e9cond\u00e9s \u00e0 l'ext\u00e9rieur du corps avant d'\u00eatre plac\u00e9s dans l'ut\u00e9rus pour augmenter les chances de grossesse.<\/p>\n<p>La FIV est une solution pour les patients qui ont des difficult\u00e9s \u00e0 concevoir un enfant naturellement. Les probl\u00e8mes de fertilit\u00e9 peuvent \u00eatre caus\u00e9s par l'endom\u00e9triose, un faible nombre de spermatozo\u00efdes, des probl\u00e8mes d'ovulation, des probl\u00e8mes de trompes de Fallope ou d'ut\u00e9rus.<\/p>\n<p>Le traitement commence par des injections d'hormones pour stimuler la production de plusieurs ovules au lieu d'un mensuel.<br \/>\nThe eggs mature and then are removed from the ovaries, which is called a follicular puncture. Most of the time the operation is performed with a needle and under sedation. It is normal to feel some pain after the procedure.<\/p>\n<p>Les m\u00e9decins collectent g\u00e9n\u00e9ralement entre 5 et 30 ovules. Parfois, un donneur fournira les ovules pour la FIV. Le sperme utilis\u00e9 pour la f\u00e9condation peut \u00eatre celui d'un partenaire ou d'un donneur. Les ovules sont f\u00e9cond\u00e9s \u00e0 l'ext\u00e9rieur du corps et les embryons soigneusement s\u00e9lectionn\u00e9s sont ensuite plac\u00e9s dans l'ut\u00e9rus.<\/p>\n<p>La f\u00e9condation in vitro (FIV) est recommand\u00e9e dans les cas o\u00f9 il y a des difficult\u00e9s \u00e0 concevoir naturellement. Cela peut \u00eatre caus\u00e9 par des probl\u00e8mes de fertilit\u00e9 masculine (faible nombre ou mobilit\u00e9 des spermatozo\u00efdes) ou f\u00e9minine (trompes de Fallope endommag\u00e9es ou bloqu\u00e9es, troubles de l'ovulation).<\/p>\n<p>La FIV est conseill\u00e9e en option lorsqu'il existe une chance raisonnable de succ\u00e8s. Les candidats doivent avoir un poids normal et un ut\u00e9rus sain. Les chances de succ\u00e8s diminuent avec l'\u00e2ge, cependant, la femme la plus \u00e2g\u00e9e \u00e0 avoir r\u00e9ussi \u00e0 avoir un b\u00e9b\u00e9 par FIV avait 66 ans.<\/p>\n<p>Recommand\u00e9 :<br \/>\nLa f\u00e9condation in vitro (FIV) est recommand\u00e9e dans les cas o\u00f9 il y a des difficult\u00e9s \u00e0 concevoir naturellement. Cela peut \u00eatre caus\u00e9 par des probl\u00e8mes de fertilit\u00e9 masculine (faible quantit\u00e9 ou<br \/>\nmobilit\u00e9 des spermatozo\u00efdes) ou f\u00e9minin (trompes de Fallope endommag\u00e9es ou obstru\u00e9es, troubles de l'ovulation).<br \/>\nLa FIV est conseill\u00e9e en option lorsqu'il existe une chance raisonnable de succ\u00e8s. Les candidats doivent avoir un poids normal et un ut\u00e9rus sain. Les chances de succ\u00e8s diminuent avec l'\u00e2ge, cependant, la femme la plus \u00e2g\u00e9e \u00e0 avoir r\u00e9ussi \u00e0 avoir un b\u00e9b\u00e9 par FIV avait 66 ans.<\/p>\n<p style=\"text-align: left;\"><em>Gyn\u00e9cologie<\/em><\/p>\n<p style=\"text-align: left;\"><em>- C\u00e9sarienne<\/em><br \/>\n<em>\u2013 Hyst\u00e9rectomie<\/em><br \/>\n<em>\u2013 Prolapsus urog\u00e9nital<\/em><br \/>\n<em>\u2013 Laparoscopie op\u00e9ratoire<\/em><br \/>\n<em>-(kyste ovarien-tubalplastie)<\/em><br \/>\n<em>-Fibromes ut\u00e9rins<\/em><br \/>\n<em>- Cancer de l'ut\u00e9rus<\/em><br \/>\n<em>- Cancer des ovaires<\/em><br \/>\n<em>- Cancer du sein<\/em><br \/>\n<em>\u2013 Chirurgie du p\u00e9rin\u00e9e<\/em><\/p>","protected":false},"excerpt":{"rendered":"<p>CE QU'IL FAUT SAVOIR<\/p>","protected":false},"featured_media":2268,"comment_status":"open","ping_status":"closed","template":"","meta":[],"product_brand":[],"product_cat":[55],"product_tag":[],"class_list":{"0":"post-2265","1":"product","2":"type-product","3":"status-publish","4":"has-post-thumbnail","6":"product_cat-interventional-cardiology-and-cardiac-surgery","8":"first","9":"instock","10":"shipping-taxable","11":"product-type-simple"},"_links":{"self":[{"href":"https:\/\/surgeryagency.com\/fr\/wp-json\/wp\/v2\/product\/2265","targetHints":{"allow":["GET"]}}],"collection":[{"href":"https:\/\/surgeryagency.com\/fr\/wp-json\/wp\/v2\/product"}],"about":[{"href":"https:\/\/surgeryagency.com\/fr\/wp-json\/wp\/v2\/types\/product"}],"replies":[{"embeddable":true,"href":"https:\/\/surgeryagency.com\/fr\/wp-json\/wp\/v2\/comments?post=2265"}],"wp:featuredmedia":[{"embeddable":true,"href":"https:\/\/surgeryagency.com\/fr\/wp-json\/wp\/v2\/media\/2268"}],"wp:attachment":[{"href":"https:\/\/surgeryagency.com\/fr\/wp-json\/wp\/v2\/media?parent=2265"}],"wp:term":[{"taxonomy":"product_brand","embeddable":true,"href":"https:\/\/surgeryagency.com\/fr\/wp-json\/wp\/v2\/product_brand?post=2265"},{"taxonomy":"product_cat","embeddable":true,"href":"https:\/\/surgeryagency.com\/fr\/wp-json\/wp\/v2\/product_cat?post=2265"},{"taxonomy":"product_tag","embeddable":true,"href":"https:\/\/surgeryagency.com\/fr\/wp-json\/wp\/v2\/product_tag?post=2265"}],"curies":[{"name":"wp","href":"https:\/\/api.w.org\/{rel}","templated":true}]}}