{"id":2269,"date":"2023-01-21T17:12:30","date_gmt":"2023-01-21T17:12:30","guid":{"rendered":"https:\/\/surgeryagency.com\/?post_type=product&#038;p=2269"},"modified":"2023-01-21T18:16:52","modified_gmt":"2023-01-21T18:16:52","slug":"interventional-cardiology-and-cardiac-surgery","status":"publish","type":"product","link":"https:\/\/surgeryagency.com\/fr\/produit\/interventional-cardiology-and-cardiac-surgery\/","title":{"rendered":"CARDIOLOGIE INTERVENTIONNELLE ET CHIRURGIE CARDIAQUE"},"content":{"rendered":"<p>PONTAGE CORONAIRE : LA TECHNIQUE CHIRURGICALE<\/p>\n<p>Une incision est pratiqu\u00e9e \u00e0 l'endroit o\u00f9 le mat\u00e9riau de greffe, g\u00e9n\u00e9ralement la jambe, est s\u00e9lectionn\u00e9 et les vaisseaux sanguins sont retir\u00e9s.<\/p>\n<p>Une incision est ensuite pratiqu\u00e9e au milieu de la poitrine et le sternum est fendu. Il y aura alors cr\u00e9ation d'une circulation extra-corporelle pour que le c\u0153ur puisse s'arr\u00eater et que la machine le remplace.<\/p>\n<p>Les vaisseaux sanguins pr\u00e9lev\u00e9s sont ensuite greff\u00e9s au-dessus et au-dessous de l'art\u00e8re bloqu\u00e9e. Selon qu'il s'agit d'un pontage coronarien simple, double, triple ou quadruple, plus d'une greffe devra \u00eatre r\u00e9alis\u00e9e.<\/p>\n<p>Une fois les vaisseaux en place, les cath\u00e9ters sont retir\u00e9s du c\u0153ur, la pompe \u00e0 sang est retir\u00e9e et le c\u0153ur est red\u00e9marr\u00e9 afin qu'il reprenne sa fonction. Le sternum est ferm\u00e9 et fix\u00e9 avec de petits fils dans des fers et la peau de la poitrine est cousue avec des points de suture.<\/p>\n<p>PONTAGE CORONAIRE : APR\u00c8S LE TRAITEMENT<\/p>\n<p>Les patients passeront g\u00e9n\u00e9ralement une courte p\u00e9riode de r\u00e9cup\u00e9ration dans l'unit\u00e9 de soins intensifs (USI) avant d'\u00eatre transf\u00e9r\u00e9s dans une chambre normale pendant 1 \u00e0 2 semaines.<\/p>\n<p>Apr\u00e8s leur sortie de l'h\u00f4pital, les patients devront \u00eatre tr\u00e8s prudents pendant les semaines suivantes.<\/p>\n<p>CE QU'IL FAUT SAVOIR SUR LE PONTAGE CORONARIEN (PACDEM)<\/p>\n<p>Taux de r\u00e9ussite:<\/p>\n<p>Cette op\u00e9ration a un taux de survie \u00e0 cinq ans de 90%.<\/p>\n<p>Non recommand\u00e9:<\/p>\n<p>Patients plus \u00e2g\u00e9s<\/p>\n<p>Patients ayant de graves probl\u00e8mes de sant\u00e9<\/p>\n<p>Riques potentiels:<\/p>\n<p>Infection<\/p>\n<p>Saignement<\/p>\n<p>Rythme cardiaque irr\u00e9gulier<\/p>\n<p>Crise cardiaque<\/p>\n<p>accident vasculaire c\u00e9r\u00e9bral<\/p>\n<p>Caillots sanguins<\/p>","protected":false},"excerpt":{"rendered":"<p>CE QU'IL FAUT SAVOIR<\/p>","protected":false},"featured_media":2271,"comment_status":"open","ping_status":"closed","template":"","meta":[],"product_brand":[],"product_cat":[55],"product_tag":[],"class_list":{"0":"post-2269","1":"product","2":"type-product","3":"status-publish","4":"has-post-thumbnail","6":"product_cat-interventional-cardiology-and-cardiac-surgery","8":"first","9":"instock","10":"shipping-taxable","11":"product-type-simple"},"_links":{"self":[{"href":"https:\/\/surgeryagency.com\/fr\/wp-json\/wp\/v2\/product\/2269","targetHints":{"allow":["GET"]}}],"collection":[{"href":"https:\/\/surgeryagency.com\/fr\/wp-json\/wp\/v2\/product"}],"about":[{"href":"https:\/\/surgeryagency.com\/fr\/wp-json\/wp\/v2\/types\/product"}],"replies":[{"embeddable":true,"href":"https:\/\/surgeryagency.com\/fr\/wp-json\/wp\/v2\/comments?post=2269"}],"wp:featuredmedia":[{"embeddable":true,"href":"https:\/\/surgeryagency.com\/fr\/wp-json\/wp\/v2\/media\/2271"}],"wp:attachment":[{"href":"https:\/\/surgeryagency.com\/fr\/wp-json\/wp\/v2\/media?parent=2269"}],"wp:term":[{"taxonomy":"product_brand","embeddable":true,"href":"https:\/\/surgeryagency.com\/fr\/wp-json\/wp\/v2\/product_brand?post=2269"},{"taxonomy":"product_cat","embeddable":true,"href":"https:\/\/surgeryagency.com\/fr\/wp-json\/wp\/v2\/product_cat?post=2269"},{"taxonomy":"product_tag","embeddable":true,"href":"https:\/\/surgeryagency.com\/fr\/wp-json\/wp\/v2\/product_tag?post=2269"}],"curies":[{"name":"wp","href":"https:\/\/api.w.org\/{rel}","templated":true}]}}