{"id":2272,"date":"2023-01-21T17:36:13","date_gmt":"2023-01-21T17:36:13","guid":{"rendered":"https:\/\/surgeryagency.com\/?post_type=product&#038;p=2272"},"modified":"2023-01-21T18:16:39","modified_gmt":"2023-01-21T18:16:39","slug":"interventional-cardiology-and-cardiac-surgery-2","status":"publish","type":"product","link":"https:\/\/surgeryagency.com\/fr\/produit\/interventional-cardiology-and-cardiac-surgery-2\/","title":{"rendered":"CARDIOLOGIE INTERVENTIONNELLE ET CHIRURGIE CARDIAQUE"},"content":{"rendered":"<p>POSITION DU PACEMAKER\u00a0: QU'EST-CE QUE C'EST\u00a0?<\/p>\n<p>Le patient re\u00e7oit une anesth\u00e9sie locale afin de ne pas ressentir de douleur pendant la proc\u00e9dure. L'implantation transveineuse est la m\u00e9thode la plus courante d'implantation d'un stimulateur cardiaque.<\/p>\n<p>Le chirurgien commencera par pratiquer une incision de 5 \u00e0 6 cm dans le haut de la poitrine, sous la clavicule et pr\u00e8s du c\u0153ur, pour acc\u00e9der \u00e0 une veine. Gr\u00e2ce \u00e0 cela, deux fils sont ins\u00e9r\u00e9s dans le c\u0153ur (la quantit\u00e9 de fils d\u00e9pend du type de stimulateur utilis\u00e9).<\/p>\n<p>Une petite poche est alors cr\u00e9\u00e9e dans la peau, o\u00f9 le stimulateur est ins\u00e9r\u00e9. Les fils sont ensuite connect\u00e9s au stimulateur cardiaque et le stimulateur cardiaque est test\u00e9 pour s'assurer qu'il fonctionne correctement. La zone d'incision est ensuite ferm\u00e9e avec des sutures.<\/p>\n<p>PLACEMENT DU PACEMAKER\u00a0: APR\u00c8S LE TRAITEMENT<\/p>\n<p>Apr\u00e8s la chirurgie, le rythme cardiaque du patient sera \u00e9troitement surveill\u00e9 et une radiographie pulmonaire sera prise pour v\u00e9rifier que le stimulateur cardiaque est dans la bonne position.<\/p>\n<p>Avant leur sortie de l'h\u00f4pital, les patients recevront une carte indiquant la marque et le mod\u00e8le du stimulateur cardiaque dont ils ont \u00e9t\u00e9 \u00e9quip\u00e9s, qu'ils doivent toujours garder avec eux.<\/p>\n<p>CE QU'IL FAUT SAVOIR SUR LE PONTAGE CORONARIEN (PACDEM)<\/p>\n<p>Riques potentiels:<\/p>\n<p>\u2022 Caillots sanguins<\/p>\n<p>\u2022 Infections<\/p>\n<p>\u2022 Dysfonctionnement du stimulateur cardiaque<\/p>","protected":false},"excerpt":{"rendered":"<p>CE QU'IL FAUT SAVOIR<\/p>","protected":false},"featured_media":2273,"comment_status":"open","ping_status":"closed","template":"","meta":[],"product_brand":[],"product_cat":[55],"product_tag":[],"class_list":{"0":"post-2272","1":"product","2":"type-product","3":"status-publish","4":"has-post-thumbnail","6":"product_cat-interventional-cardiology-and-cardiac-surgery","8":"first","9":"instock","10":"shipping-taxable","11":"product-type-simple"},"_links":{"self":[{"href":"https:\/\/surgeryagency.com\/fr\/wp-json\/wp\/v2\/product\/2272","targetHints":{"allow":["GET"]}}],"collection":[{"href":"https:\/\/surgeryagency.com\/fr\/wp-json\/wp\/v2\/product"}],"about":[{"href":"https:\/\/surgeryagency.com\/fr\/wp-json\/wp\/v2\/types\/product"}],"replies":[{"embeddable":true,"href":"https:\/\/surgeryagency.com\/fr\/wp-json\/wp\/v2\/comments?post=2272"}],"wp:featuredmedia":[{"embeddable":true,"href":"https:\/\/surgeryagency.com\/fr\/wp-json\/wp\/v2\/media\/2273"}],"wp:attachment":[{"href":"https:\/\/surgeryagency.com\/fr\/wp-json\/wp\/v2\/media?parent=2272"}],"wp:term":[{"taxonomy":"product_brand","embeddable":true,"href":"https:\/\/surgeryagency.com\/fr\/wp-json\/wp\/v2\/product_brand?post=2272"},{"taxonomy":"product_cat","embeddable":true,"href":"https:\/\/surgeryagency.com\/fr\/wp-json\/wp\/v2\/product_cat?post=2272"},{"taxonomy":"product_tag","embeddable":true,"href":"https:\/\/surgeryagency.com\/fr\/wp-json\/wp\/v2\/product_tag?post=2272"}],"curies":[{"name":"wp","href":"https:\/\/api.w.org\/{rel}","templated":true}]}}