{"id":2280,"date":"2023-01-21T19:01:28","date_gmt":"2023-01-21T19:01:28","guid":{"rendered":"https:\/\/surgeryagency.com\/?post_type=product&#038;p=2280"},"modified":"2023-01-21T19:01:28","modified_gmt":"2023-01-21T19:01:28","slug":"cancer-treatment-radiotherapy","status":"publish","type":"product","link":"https:\/\/surgeryagency.com\/fr\/produit\/cancer-treatment-radiotherapy\/","title":{"rendered":"TRAITEMENT DU CANCER : RADIOTH\u00c9RAPIE"},"content":{"rendered":"<p>Avant le traitement, l'oncologue \u00e9valuera l'\u00e9tat de sant\u00e9 g\u00e9n\u00e9ral du patient et effectuera g\u00e9n\u00e9ralement une IRM (imagerie par r\u00e9sonance magn\u00e9tique) ou une tomodensitom\u00e9trie (tomographie) pour localiser le cancer et s'assurer qu'il ne s'est pas d\u00e9velopp\u00e9 ou propag\u00e9. ne s'est pas propag\u00e9 depuis les derni\u00e8res analyses.<\/p>\n<p>L'oncologue pr\u00e9parera alors un plan de traitement adapt\u00e9 pour traiter le cancer du patient.<br \/>\nCela peut inclure la combinaison d'autres traitements avec la radioth\u00e9rapie. Ils d\u00e9cideront de la dose de rayonnement \u00e0 utiliser et \u00e0 quelle fr\u00e9quence.<\/p>\n<p>En pr\u00e9paration au traitement, une machine de simulation peut \u00eatre utilis\u00e9e pour aider \u00e0 \u00e9tablir la position id\u00e9ale du patient pendant le traitement, et \u00e9galement pour planifier le point exact o\u00f9 les faisceaux de rayonnement doivent \u00eatre dirig\u00e9s. Ce point sera parfois marqu\u00e9 \u00e0 l'encre sur le corps.<\/p>\n<p>Avec des conditions complexes, tout patient peut b\u00e9n\u00e9ficier d'un deuxi\u00e8me avis avant de commencer un plan de traitement. Cela signifie qu'un autre m\u00e9decin, g\u00e9n\u00e9ralement un expert ayant beaucoup d'exp\u00e9rience, examinera les ant\u00e9c\u00e9dents m\u00e9dicaux, les sympt\u00f4mes, les analyses, les r\u00e9sultats des tests et toute autre information importante du patient pour fournir un plan de r\u00e9tablissement. diagnostic et traitement.<br \/>\n45% des r\u00e9sidents am\u00e9ricains qui ont re\u00e7u un deuxi\u00e8me avis ont d\u00e9clar\u00e9 avoir re\u00e7u un diagnostic, un pronostic ou un plan de traitement diff\u00e9rent.<\/p>\n<p>LA RADIOTH\u00c9RAPIE : EN QUOI CONSISTE-T-ELLE ?<\/p>\n<p>Pour la radioth\u00e9rapie externe, le patient sera allong\u00e9 sur une table, positionn\u00e9e en fonction de la zone \u00e0 traiter. Une machine, commun\u00e9ment appel\u00e9e machine \u00e0 acc\u00e9l\u00e9rateur lin\u00e9aire, est ensuite configur\u00e9e pour diriger les faisceaux de rayonnement vers la zone cibl\u00e9e. Le patient doit rester aussi immobile que possible pendant le traitement.<\/p>\n<p>Pendant le traitement, le patient sera laiss\u00e9 seul dans la chambre et un radiologue sera pr\u00e9sent dans une pi\u00e8ce attenante, d'o\u00f9 il pourra entendre et communiquer avec le patient si n\u00e9cessaire.<\/p>\n<p>Pour des doses de rayonnement plus intenses, il existe d'autres technologies telles que le traitement CyberKnife, qui d\u00e9livre un rayonnement \u00e0 travers plusieurs faisceaux, et la radiochirurgie Gamma Knife, utilis\u00e9e pour traiter le cancer du cerveau avec un rayonnement \u00e0 haute fr\u00e9quence. dose en utilisant jusqu'\u00e0 200 petits faisceaux. Ces types de radioth\u00e9rapies sont avanc\u00e9s et plus pr\u00e9cis, et visent \u00e0 d\u00e9livrer une dose \u00e9lev\u00e9e de rayonnement directement sur le cancer et \u00e0 minimiser l'exposition aux cellules et organes sains environnants, tout en diminuant le nombre de traitements n\u00e9cessaires.<\/p>\n<p>La radioth\u00e9rapie interne consiste \u00e0 ins\u00e9rer des mati\u00e8res radioactives dans le corps pour cibler directement le cancer, par injection, ingestion ou implantation. La radioth\u00e9rapie peut \u00e9galement \u00eatre administr\u00e9e sous forme liquide, en ing\u00e9rant un liquide, en injectant un mat\u00e9riau radioactif dans une veine ou par injection directe dans la zone canc\u00e9reuse \u00e0 traiter.<\/p>\n<p>Un implant radioactif peut \u00eatre implant\u00e9 dans la zone o\u00f9 se situe le cancer. Cette m\u00e9thode s'appelle la curieth\u00e9rapie.<\/p>\n<p>Le produit radioactif est g\u00e9n\u00e9ralement implant\u00e9 sous forme de granul\u00e9s<\/p>\n<p>et est principalement utilis\u00e9 pour traiter le cancer de la prostate. Les pastilles sont laiss\u00e9es \u00e0 l'int\u00e9rieur du corps jusqu'\u00e0 ce que le cancer soit gu\u00e9ri ou jusqu'\u00e0 ce que le nombre de cellules malades ait diminu\u00e9, selon l'objectif du traitement.<\/p>\n<p>Ils sont ensuite retir\u00e9s une fois qu'ils ont rempli leur fonction.<br \/>\nIl existe \u00e9galement des implants permanents qui ne sont pas retir\u00e9s apr\u00e8s le traitement. Ceux-ci ne causent aucun dommage en restant \u00e0 l'int\u00e9rieur du corps.<\/p>\n<p>CHOSES \u00c0 SAVOIR SUR LA RADIOTH\u00c9RAPIE<\/p>\n<p>Suivi postop\u00e9ratoire Apr\u00e8s une arthroplastie totale de la hanche, certains patients pourront marcher un peu le lendemain de l'intervention avec l'aide d'un kin\u00e9sith\u00e9rapeute.<\/p>\n<p>La nouvelle hanche est g\u00e9n\u00e9ralement douloureuse au d\u00e9but et il est normal de passer quatre \u00e0 cinq jours \u00e0 la clinique. Souvent, le patient pourra marcher sans b\u00e9quilles apr\u00e8s 6 semaines et sera compl\u00e8tement r\u00e9tabli apr\u00e8s douze semaines.<br \/>\nNon recommand\u00e9:<br \/>\nFemme enceinte<\/p>\n<p>Riques potentiels:<\/p>\n<p>Chute de cheveux<\/p>\n<p>Naus\u00e9e<\/p>\n<p>Vomissement<\/p>\n<p>Diarrh\u00e9e<\/p>\n<p>Plaies dans la bouche<\/p>\n<p>Fatigue<\/p>\n<p>Infertilit\u00e9 (dans de rares cas)<\/p>\n<p>Effets secondaires:<\/p>\n<p>Chute de cheveux<\/p>\n<p>Naus\u00e9e<\/p>\n<p>Vomissement<\/p>\n<p>Diarrh\u00e9e<\/p>\n<p>Apparition de plaies dans la bouche<\/p>\n<p>Fatigue<\/p>\n<p>RADIOTH\u00c9RAPIE : INCONFORT POSSIBLE<\/p>\n<p>If radiation therapy is used to treat throat, neck, or brain cancer, a plastic mask is applied to the face during treatment to keep the patient still, which can cause discomfort.<\/p>\n<p>Si la radioth\u00e9rapie est interne via un implant, le processus d'implantation peut causer de l'inconfort.<\/p>","protected":false},"excerpt":{"rendered":"<p>CE QU'IL FAUT SAVOIR<\/p>","protected":false},"featured_media":2281,"comment_status":"open","ping_status":"closed","template":"","meta":[],"product_brand":[],"product_cat":[58],"product_tag":[],"class_list":{"0":"post-2280","1":"product","2":"type-product","3":"status-publish","4":"has-post-thumbnail","6":"product_cat-cancer-treatment","8":"first","9":"instock","10":"shipping-taxable","11":"product-type-simple"},"_links":{"self":[{"href":"https:\/\/surgeryagency.com\/fr\/wp-json\/wp\/v2\/product\/2280","targetHints":{"allow":["GET"]}}],"collection":[{"href":"https:\/\/surgeryagency.com\/fr\/wp-json\/wp\/v2\/product"}],"about":[{"href":"https:\/\/surgeryagency.com\/fr\/wp-json\/wp\/v2\/types\/product"}],"replies":[{"embeddable":true,"href":"https:\/\/surgeryagency.com\/fr\/wp-json\/wp\/v2\/comments?post=2280"}],"wp:featuredmedia":[{"embeddable":true,"href":"https:\/\/surgeryagency.com\/fr\/wp-json\/wp\/v2\/media\/2281"}],"wp:attachment":[{"href":"https:\/\/surgeryagency.com\/fr\/wp-json\/wp\/v2\/media?parent=2280"}],"wp:term":[{"taxonomy":"product_brand","embeddable":true,"href":"https:\/\/surgeryagency.com\/fr\/wp-json\/wp\/v2\/product_brand?post=2280"},{"taxonomy":"product_cat","embeddable":true,"href":"https:\/\/surgeryagency.com\/fr\/wp-json\/wp\/v2\/product_cat?post=2280"},{"taxonomy":"product_tag","embeddable":true,"href":"https:\/\/surgeryagency.com\/fr\/wp-json\/wp\/v2\/product_tag?post=2280"}],"curies":[{"name":"wp","href":"https:\/\/api.w.org\/{rel}","templated":true}]}}