{"id":2283,"date":"2023-01-21T19:12:21","date_gmt":"2023-01-21T19:12:21","guid":{"rendered":"https:\/\/surgeryagency.com\/?post_type=product&#038;p=2283"},"modified":"2023-01-21T19:12:21","modified_gmt":"2023-01-21T19:12:21","slug":"chemotherapy","status":"publish","type":"product","link":"https:\/\/surgeryagency.com\/fr\/produit\/chemotherapy\/","title":{"rendered":"CHIMIOTH\u00c9RAPIE"},"content":{"rendered":"<p>CHIMIOTH\u00c9RAPIE<\/p>\n<p>La chimioth\u00e9rapie fait r\u00e9f\u00e9rence \u00e0 l'utilisation de m\u00e9dicaments contenant des produits chimiques pour traiter le cancer. Il peut \u00eatre utilis\u00e9 en association avec d'autres traitements contre le cancer tels que la radioth\u00e9rapie ou la chirurgie. La chimioth\u00e9rapie agit en tuant les cellules canc\u00e9reuses qui se d\u00e9veloppent ou se multiplient rapidement.<\/p>\n<p>CHIMIOTH\u00c9RAPIE : AVANT LE TRAITEMENT<\/p>\n<p class=\"translation-block\">Avant le d\u00e9but du traitement, le patient rencontrera l'oncologue pour discuter du plan de traitement.<br>\nLe m\u00e9decin informera le patient des m\u00e9dicaments qui seront utilis\u00e9s et de la mani\u00e8re de les administrer.<br>\nL'oncologue effectuera une s\u00e9rie de tests pour s'assurer que le patient est en assez bonne sant\u00e9 pour subir une chimioth\u00e9rapie.<\/p>\n<p>Si le patient souhaite avoir des enfants \u00e0 l'avenir, l'oncologue peut orienter le patient vers un sp\u00e9cialiste de la fertilit\u00e9, car la chimioth\u00e9rapie peut entra\u00eener l'infertilit\u00e9. La cong\u00e9lation d'embryons ou de sperme peut am\u00e9liorer les chances de concevoir un b\u00e9b\u00e9 plus tard.<\/p>\n<p>L'oncologue peut conseiller au patient de prendre rendez-vous avec un dentiste pour s'assurer qu'il n'y a pas d'infection dans la bouche apr\u00e8s la chimioth\u00e9rapie. Cela peut en effet \u00eatre un des effets secondaires du traitement.<\/p>\n<p>Si la chimioth\u00e9rapie est administr\u00e9e par voie intraveineuse, un cath\u00e9ter veineux central (CVC) peut \u00eatre implant\u00e9 dans une grosse veine du bras avant le traitement, pour aider \u00e0 transf\u00e9rer les m\u00e9dicaments dans le corps.<\/p>\n<p>Les patients doivent demander \u00e0 quelqu'un de les ramener \u00e0 l'h\u00f4tel apr\u00e8s le traitement, car ils peuvent se sentir \u00e9puis\u00e9s et avoir des naus\u00e9es apr\u00e8s la s\u00e9ance.<\/p>\n<p class=\"translation-block\">Les patients atteints de maladies complexes peuvent b\u00e9n\u00e9ficier d'un deuxi\u00e8me avis avant de commencer un plan de traitement. Cela signifie qu'un autre m\u00e9decin, g\u00e9n\u00e9ralement un expert ayant beaucoup d'exp\u00e9rience, examinera les ant\u00e9c\u00e9dents m\u00e9dicaux, les sympt\u00f4mes, les analyses, les r\u00e9sultats des tests et d'autres informations importantes du patient pour fournir un plan de r\u00e9tablissement. diagnostic et traitement.<br>\n45% des r\u00e9sidents am\u00e9ricains qui ont re\u00e7u un deuxi\u00e8me avis ont d\u00e9clar\u00e9 avoir un diagnostic, un pronostic ou un plan de traitement diff\u00e9rent.<\/p>\n<p>LA CHIMIOTH\u00c9RAPIE\u00a0: EN QUOI CONSISTE-T-ELLE\u00a0?<\/p>\n<p class=\"translation-block\">Il existe diff\u00e9rentes m\u00e9thodes d'administration de la chimioth\u00e9rapie, notamment par voie intraveineuse (IV), intra-art\u00e9rielle (IA) ou intrap\u00e9riton\u00e9ale (IP). La chimioth\u00e9rapie peut \u00e9galement \u00eatre administr\u00e9e par voie orale ou appliqu\u00e9e \u00e0 l'aide de cr\u00e8mes topiques.<br>\nLa chimioth\u00e9rapie administr\u00e9e par voie intraveineuse peut \u00eatre administr\u00e9e au moyen d'un cath\u00e9ter veineux central (CVC) implant\u00e9 avant le traitement, ou directement dans une veine au moyen d'une canule plac\u00e9e dans la main. Une aiguille, reli\u00e9e \u00e0 un tube qui contient les m\u00e9dicaments, est ins\u00e9r\u00e9e dans le CVC, ou canule.<\/p>\n<p>Les m\u00e9dicaments peuvent \u00eatre inject\u00e9s dans le sang avec une aiguille ou peuvent \u00eatre administr\u00e9s par une art\u00e8re, appel\u00e9e intra-art\u00e9rielle (IA). L'administration intrap\u00e9riton\u00e9ale consiste \u00e0 administrer des m\u00e9dicaments \u00e0 travers la cavit\u00e9 p\u00e9riton\u00e9ale qui contient l'estomac, les intestins et le foie.<\/p>\n<p>Les m\u00e9dicaments peuvent \u00eatre appliqu\u00e9s sur la peau sous forme de cr\u00e8me topique qui est absorb\u00e9e par le corps. L'autre option consiste \u00e0 administrer les m\u00e9dicaments par voie orale, sous forme de comprim\u00e9s ou sous forme liquide.<\/p>\n<p>Les patients peuvent se sentir naus\u00e9eux et fatigu\u00e9s apr\u00e8s la chimioth\u00e9rapie. S'ils ressentent beaucoup d'effets secondaires, ils doivent en informer le m\u00e9decin, car de nombreux sympt\u00f4mes peuvent \u00eatre g\u00e9r\u00e9s facilement.<\/p>\n<p>CHOSES \u00c0 SAVOIR SUR LA RADIOTH\u00c9RAPIE<\/p>\n<p>Suivi postop\u00e9ratoire Apr\u00e8s une arthroplastie totale de la hanche, certains patients pourront marcher un peu le lendemain de l'intervention avec l'aide d'un kin\u00e9sith\u00e9rapeute.<\/p>\n<p>La nouvelle hanche est g\u00e9n\u00e9ralement douloureuse au d\u00e9but et il est normal de passer quatre \u00e0 cinq jours \u00e0 la clinique. Souvent, le patient pourra marcher sans b\u00e9quilles apr\u00e8s 6 semaines et sera compl\u00e8tement r\u00e9tabli apr\u00e8s douze semaines.<\/p>\n<p>CHOSES \u00c0 SAVOIR SUR LA CHIMIOTH\u00c9RAPIE<\/p>\n<ol>\n<li>Non recommand\u00e9:<br \/>\n\u2022 Femmes enceintes<br \/>\nRiques potentiels:<br \/>\n\u2022 Chute de cheveux<br \/>\n\u2022 Naus\u00e9e<br \/>\n\u2022Vomissement<br \/>\n\u2022 Douleur<br \/>\n\u2022 Fatigue<br \/>\n\u2022 Infertilit\u00e9<br \/>\n\u2022 Probl\u00e8mes cardiaques ou r\u00e9naux<br \/>\n\u2022 D\u00e9g\u00e2ts nerveux<br \/>\nEffet secondaire:<br \/>\n\u2022 Chute de cheveux<br \/>\n\u2022 Naus\u00e9e<br \/>\n\u2022Vomissement<br \/>\n\u2022 Fatigue<\/li>\n<\/ol>","protected":false},"excerpt":{"rendered":"<p>CE QU'IL FAUT SAVOIR<\/p>","protected":false},"featured_media":2284,"comment_status":"open","ping_status":"closed","template":"","meta":[],"product_brand":[],"product_cat":[58],"product_tag":[],"class_list":{"0":"post-2283","1":"product","2":"type-product","3":"status-publish","4":"has-post-thumbnail","6":"product_cat-cancer-treatment","8":"first","9":"instock","10":"shipping-taxable","11":"product-type-simple"},"_links":{"self":[{"href":"https:\/\/surgeryagency.com\/fr\/wp-json\/wp\/v2\/product\/2283","targetHints":{"allow":["GET"]}}],"collection":[{"href":"https:\/\/surgeryagency.com\/fr\/wp-json\/wp\/v2\/product"}],"about":[{"href":"https:\/\/surgeryagency.com\/fr\/wp-json\/wp\/v2\/types\/product"}],"replies":[{"embeddable":true,"href":"https:\/\/surgeryagency.com\/fr\/wp-json\/wp\/v2\/comments?post=2283"}],"wp:featuredmedia":[{"embeddable":true,"href":"https:\/\/surgeryagency.com\/fr\/wp-json\/wp\/v2\/media\/2284"}],"wp:attachment":[{"href":"https:\/\/surgeryagency.com\/fr\/wp-json\/wp\/v2\/media?parent=2283"}],"wp:term":[{"taxonomy":"product_brand","embeddable":true,"href":"https:\/\/surgeryagency.com\/fr\/wp-json\/wp\/v2\/product_brand?post=2283"},{"taxonomy":"product_cat","embeddable":true,"href":"https:\/\/surgeryagency.com\/fr\/wp-json\/wp\/v2\/product_cat?post=2283"},{"taxonomy":"product_tag","embeddable":true,"href":"https:\/\/surgeryagency.com\/fr\/wp-json\/wp\/v2\/product_tag?post=2283"}],"curies":[{"name":"wp","href":"https:\/\/api.w.org\/{rel}","templated":true}]}}