{"id":2337,"date":"2023-01-22T13:36:23","date_gmt":"2023-01-22T13:36:23","guid":{"rendered":"https:\/\/surgeryagency.com\/?post_type=product&#038;p=2337"},"modified":"2023-01-22T13:41:51","modified_gmt":"2023-01-22T13:41:51","slug":"rhinoplasty","status":"publish","type":"product","link":"https:\/\/surgeryagency.com\/fr\/produit\/rhinoplasty\/","title":{"rendered":"Rhinoplastie"},"content":{"rendered":"<p>&nbsp;<\/p>\n<p>De par sa position au centre du visage, notre nez est un \u00e9l\u00e9ment esth\u00e9tique essentiel du visage. Les d\u00e9salignements, la forme et la taille sont donc rapidement per\u00e7us comme g\u00eanants. Et la m\u00e9decine esth\u00e9tique, par le biais de la rhinoplastie, offre la possibilit\u00e9 de corriger ces d\u00e9fauts. D\u00e9couvrez pourquoi cette proc\u00e9dure est l'une des proc\u00e9dures cosm\u00e9tiques les plus populaires en Tunisie et dans le monde.<\/p>\n<p>Devis express gratuit<\/p>\n<p>Qu'est-ce que la rhinoplastie en Tunisie ?<br \/>\nLa rhinoplastie, \u00e9galement appel\u00e9e \u00ab rhinoplastie \u00bb ou \u00ab remodelage du nez \u00bb par les patients, est une intervention chirurgicale qui am\u00e9liore la sym\u00e9trie de votre visage et les proportions de votre nez. Cette op\u00e9ration peut \u00e9galement corriger des probl\u00e8mes respiratoires li\u00e9s \u00e0 des d\u00e9fauts structurels du nez.<\/p>\n<p>Rhinoplastie Tunisie prix et prix pas cher<br \/>\nLe prix de la rhinoplastie en Tunisie est bas par rapport aux autres destinations m\u00e9dicales internationales. Ce prix comprend les frais de consultation, le co\u00fbt total de l'op\u00e9ration et les frais d'hospitalisation. Si vous souhaitez conna\u00eetre l'estimation des co\u00fbts \u00e0 pr\u00e9voir pour une rhinoplastie, il vous suffit de demander un devis gratuit, d\u00e9taill\u00e9, personnalis\u00e9 et sans engagement.<\/p>\n<p class=\"translation-block\">Qui peut \u00eatre candidat \u00e0 la rhinoplastie esth\u00e9tique\u00a0?<br>\nLa rhinoplastie est une proc\u00e9dure hautement individualis\u00e9e. Vous devez le faire pour vous-m\u00eame, pas pour satisfaire les d\u00e9sirs des autres ou pour essayer de vous conformer \u00e0 une image id\u00e9ale. Vous pouvez \u00eatre un bon candidat pour une rhinoplastie en Tunisie si :<\/p>\n<p>\u2022 Votre croissance faciale est termin\u00e9e<\/p>\n<p>\u2022 Vous \u00eates en bonne condition physique<\/p>\n<p>\u2022 Vous ne fumez pas<\/p>\n<p>\u2022 Vous avez une attitude positive et des objectifs r\u00e9alistes pour am\u00e9liorer votre apparence<\/p>\n<p>Comment se d\u00e9roule la proc\u00e9dure de rhinoplastie ?<br \/>\nL'intervention de rhinoplastie Tunisie comprend les \u00e9tapes suivantes :<\/p>\n<p>\u00c9tape 1 - anesth\u00e9sie<br \/>\nDes m\u00e9dicaments seront administr\u00e9s pour votre commodit\u00e9 pendant l'op\u00e9ration. Vous pouvez choisir entre une s\u00e9dation intraveineuse ou une anesth\u00e9sie g\u00e9n\u00e9rale. Le m\u00e9decin vous aidera \u00e0 faire le meilleur choix.<\/p>\n<p>\u00c9tape 2 \u2013 incisions<br \/>\nLa rhinoplastie se fait soit en utilisant une proc\u00e9dure ferm\u00e9e, o\u00f9 les incisions dans le nez sont cach\u00e9es, soit une proc\u00e9dure ouverte, o\u00f9 une incision est pratiqu\u00e9e \u00e0 travers la columelle, c'est-\u00e0-dire l'\u00e9troite bande de tissu qui s\u00e9pare les narines. Ces incisions soul\u00e8vent doucement la peau recouvrant les os et le cartilage du nez, permettant un acc\u00e8s pour remodeler la structure nasale.<\/p>\n<p>\u00c9tape 3 \u2013 remodelage du nez en Tunisie<br \/>\nUn nez trop gros peut \u00eatre r\u00e9duit en enlevant les os ou le cartilage. Dans certains cas, la chirurgie du nez en Tunisie peut conduire \u00e0 l'ajout de greffes de cartilage. Le plus souvent, le cartilage du septum, le septum au milieu du nez, est utilis\u00e9 \u00e0 cet effet. Parfois, du cartilage de l'oreille ou, rarement, une section de cartilage costal peut \u00eatre utilis\u00e9.<\/p>\n<p>\u00c9tape 4 - Corriger un septum d\u00e9vi\u00e9<br \/>\nSi le septum est d\u00e9vi\u00e9, il peut \u00eatre redress\u00e9 et les saillies r\u00e9duites pour am\u00e9liorer la respiration.<\/p>\n<p>\u00c9tape 5 - Fermez l'incision<br \/>\nD\u00e8s que la structure sous-jacente du nez a \u00e9t\u00e9 fa\u00e7onn\u00e9e dans la forme souhait\u00e9e, la peau et le tissu nasal sont \u00e0 nouveau retir\u00e9s et les incisions sont ferm\u00e9es. Des incisions suppl\u00e9mentaires peuvent \u00eatre faites dans les plis naturels du nez pour modifier sa taille.<\/p>\n<p>\u00c0 quoi dois-je m'attendre apr\u00e8s une op\u00e9ration du nez?<br \/>\nUne semaine apr\u00e8s l'op\u00e9ration, le pansement peut \u00eatre retir\u00e9 pour r\u00e9v\u00e9ler le nouveau profil du nez. Certains gonflements dus \u00e0 la chirurgie peuvent durer quelques semaines avant de dispara\u00eetre progressivement. Le r\u00e9sultat final devrait \u00eatre visible apr\u00e8s quelques mois. Un changement dans le contour du nez peut \u00eatre remarqu\u00e9 dans la premi\u00e8re ann\u00e9e apr\u00e8s l'op\u00e9ration. Il n'y a rien \u00e0 craindre, c'est tout \u00e0 fait normal. Il est pr\u00e9f\u00e9rable de ne pas faire d'exercice intense pendant les quatre premi\u00e8res semaines apr\u00e8s l'op\u00e9ration.<\/p>\n<p>Quels sont les risques et les complications possibles de la chirurgie du nez ?<br \/>\nLes risques et les complications potentielles de la rhinoplastie comprennent\u00a0:<\/p>\n<p>\u2022 Risques d'anesth\u00e9sie<\/p>\n<p>\u2022 Engourdissement ou douleur<\/p>\n<p>\u2022 Difficult\u00e9 \u00e0 respirer<\/p>\n<p>\u2022 Infection<\/p>\n<p>\u2022 La perforation de la cloison nasale (un trou dans la cloison nasale) est rare.<\/p>\n<p>\u2022 Mauvaise cicatrisation ou cicatrisation<\/p>\n<p>\u2022 Possibilit\u00e9 de chirurgie de r\u00e9vision<\/p>\n<p>\u2022 D\u00e9coloration et gonflement de la peau<\/p>\n<p>\u2022 Apparence nasale insatisfaisante Ces risques et bien d'autres seront pass\u00e9s en revue en d\u00e9tail avant l'intervention. Il est important que vous discutiez de toutes vos questions directement avec votre chirurgien plasticien.<\/p>\n<p>Quels sont les r\u00e9sultats de la chirurgie esth\u00e9tique du nez ?<br \/>\nLes r\u00e9sultats de la chirurgie du nez seront durables. Bien que le gonflement initial disparaisse en quelques semaines, il peut parfois falloir jusqu'\u00e0 un an pour que votre nouveau contour du nez s'affine compl\u00e8tement. En attendant, vous remarquerez peut-\u00eatre des changements graduels dans l'apparence de votre nez \u00e0 mesure qu'il s'amincit pour un r\u00e9sultat plus permanent. Au fur et \u00e0 mesure que votre corps vieillit, il est naturel que votre visage, y compris votre nez, change progressivement. Cependant, la majorit\u00e9 de vos mises \u00e0 niveau devraient \u00eatre plus ou moins permanentes. Un mode de vie sain et une protection solaire \u00e0 vie contribueront \u00e0 prolonger les r\u00e9sultats de votre nouveau look.<\/p>","protected":false},"excerpt":{"rendered":"<p>CE QU'IL FAUT SAVOIR<\/p>","protected":false},"featured_media":2339,"comment_status":"open","ping_status":"closed","template":"","meta":[],"product_brand":[],"product_cat":[59],"product_tag":[],"class_list":{"0":"post-2337","1":"product","2":"type-product","3":"status-publish","4":"has-post-thumbnail","6":"product_cat-aesthetic","8":"first","9":"instock","10":"shipping-taxable","11":"product-type-simple"},"_links":{"self":[{"href":"https:\/\/surgeryagency.com\/fr\/wp-json\/wp\/v2\/product\/2337","targetHints":{"allow":["GET"]}}],"collection":[{"href":"https:\/\/surgeryagency.com\/fr\/wp-json\/wp\/v2\/product"}],"about":[{"href":"https:\/\/surgeryagency.com\/fr\/wp-json\/wp\/v2\/types\/product"}],"replies":[{"embeddable":true,"href":"https:\/\/surgeryagency.com\/fr\/wp-json\/wp\/v2\/comments?post=2337"}],"wp:featuredmedia":[{"embeddable":true,"href":"https:\/\/surgeryagency.com\/fr\/wp-json\/wp\/v2\/media\/2339"}],"wp:attachment":[{"href":"https:\/\/surgeryagency.com\/fr\/wp-json\/wp\/v2\/media?parent=2337"}],"wp:term":[{"taxonomy":"product_brand","embeddable":true,"href":"https:\/\/surgeryagency.com\/fr\/wp-json\/wp\/v2\/product_brand?post=2337"},{"taxonomy":"product_cat","embeddable":true,"href":"https:\/\/surgeryagency.com\/fr\/wp-json\/wp\/v2\/product_cat?post=2337"},{"taxonomy":"product_tag","embeddable":true,"href":"https:\/\/surgeryagency.com\/fr\/wp-json\/wp\/v2\/product_tag?post=2337"}],"curies":[{"name":"wp","href":"https:\/\/api.w.org\/{rel}","templated":true}]}}