{"id":2340,"date":"2023-01-22T14:09:09","date_gmt":"2023-01-22T14:09:09","guid":{"rendered":"https:\/\/surgeryagency.com\/?post_type=product&#038;p=2340"},"modified":"2023-01-22T14:09:09","modified_gmt":"2023-01-22T14:09:09","slug":"genioplasty","status":"publish","type":"product","link":"https:\/\/surgeryagency.com\/fr\/produit\/genioplasty\/","title":{"rendered":"G\u00e9nioplastie"},"content":{"rendered":"<p>La g\u00e9nioplastie tunisienne est un type de chirurgie r\u00e9alis\u00e9e sur le menton. Les chirurgiens plasticiens et les chirurgiens maxillo-faciaux peuvent effectuer ce type d'intervention.<\/p>\n<p>La g\u00e9nioplastie ou mentoplastie en Tunisie est le plus souvent de la chirurgie esth\u00e9tique, ce qui signifie que les gens choisissent de la subir en raison de son apparence et non d'un probl\u00e8me m\u00e9dical. En cons\u00e9quence, elle n'est souvent pas couverte par l'assurance maladie ou la s\u00e9curit\u00e9 sociale. L'op\u00e9ration est recommand\u00e9e s'il y a:<\/p>\n<p>Un avancement ou une progression du menton (menton en galosh)<\/p>\n<p>Un recul ou un d\u00e9placement du menton vers l'arri\u00e8re (menton fuyant)<\/p>\n<p>Quels sont les diff\u00e9rents types de g\u00e9nioplastie ?<\/p>\n<p>Il existe deux grands types de g\u00e9nioplastie : la g\u00e9nioplastie glissante et les implants mentonniers.<\/p>\n<p>Mentoplastie par ost\u00e9otomie<\/p>\n<p>Consid\u00e9r\u00e9e comme une chirurgie maxillo-faciale, la g\u00e9nioplastie ou mentoplastie par ost\u00e9otomie consiste \u00e0 couper l'os du menton du reste de la m\u00e2choire et \u00e0 le d\u00e9placer pour corriger une d\u00e9ficience du menton. On parle aussi de g\u00e9nioplastie osseuse.<\/p>\n<p>Ce type de g\u00e9nioplastie est recommand\u00e9 pour les personnes souffrant de r\u00e9trog\u00e9nie s\u00e9v\u00e8re (chin chin) ou pour les personnes dont le menton est trop \u00e9loign\u00e9 du reste du visage. Cela peut \u00e9galement aider \u00e0 corriger les mentons trop avanc\u00e9s et trop longs.<\/p>\n<p>Pose d'implants<\/p>\n<p>Les implants de menton peuvent \u00eatre utilis\u00e9s pour remodeler, agrandir ou am\u00e9liorer l'apparence du menton. Cela peut se faire par des proth\u00e8ses ou par injection de graisse.<\/p>\n<p>L'augmentation chirurgicale du menton consiste \u00e0 implanter un mat\u00e9riau plastique dans le menton fuyant et \u00e0 le coller \u00e0 l'os. Les implants alloplastiques (ceux fabriqu\u00e9s \u00e0 partir de mat\u00e9riaux synth\u00e9tiques) sont les plus courants.<\/p>\n<p>L'augmentation non chirurgicale du menton implique l'utilisation d'aiguilles pour injecter des charges, telles que de la graisse corporelle, afin d'am\u00e9liorer l'apparence du menton.<\/p>\n<p>Comment se d\u00e9roule la chirurgie du menton ?<\/p>\n<p>Cette intervention se d\u00e9roule sous anesth\u00e9sie g\u00e9n\u00e9rale. Pour commencer, le chirurgien abaisse la l\u00e8vre inf\u00e9rieure et coupe la gencive de la l\u00e8vre inf\u00e9rieure sous les dents inf\u00e9rieures.<\/p>\n<p>Ensuite, les tissus mous sont s\u00e9par\u00e9s de l'os du menton. Le chirurgien utilise une scie pour couper une petite ligne verticale au niveau du menton comme r\u00e9f\u00e9rence. L'os reste donc droit lorsqu'il est d\u00e9plac\u00e9 vers l'avant ou vers l'arri\u00e8re.<\/p>\n<p>Le chirurgien fait ensuite une coupe horizontale le long de l'os du menton. Si vous avez un menton fuyant ou r\u00e9tr\u00e9ci, le m\u00e9decin vous coupera \u00e9galement un morceau d'os. Ils font ensuite glisser l'os vers l'avant ou vers l'arri\u00e8re et fixent des vis et \u00e9ventuellement une plaque m\u00e9tallique pour s'assurer qu'il reste en place.<\/p>\n<p>Comment se d\u00e9roule la chirurgie du menton recul\u00e9 ?<\/p>\n<p>Pour ins\u00e9rer un implant de menton, le chirurgien peut faire une incision \u00e0 l'int\u00e9rieur de la bouche ou sous le menton. Avant l'op\u00e9ration, le chirurgien aura sculpt\u00e9 l'implant \u00e0 la taille et \u00e0 la forme correctes afin qu'il soit pr\u00eat \u00e0 \u00eatre ins\u00e9r\u00e9.<\/p>\n<p>Il existe diff\u00e9rents types de proth\u00e8ses utilis\u00e9es pour le menton, telles que le silicone, le t\u00e9flon et le poly\u00e9thyl\u00e8ne. Ce dernier est un nouveau mat\u00e9riau qui devient de plus en plus populaire car il poss\u00e8de des \u00ab pores \u00bb, qui permettent au tissu d'adh\u00e9rer \u00e0 l'implant plut\u00f4t qu'autour de celui-ci. Les implants sont coll\u00e9s \u00e0 l'os \u00e0 l'aide de vis.<\/p>\n<p>Une fois le mat\u00e9riel implant\u00e9, le chirurgien recoud l'incision. Cette proc\u00e9dure peut durer de 30 minutes \u00e0 trois heures.<\/p>\n<p>Si vous choisissez d'avoir un implant non chirurgical, votre m\u00e9decin peut vous injecter des produits de comblement cutan\u00e9 ou une partie de votre propre graisse apr\u00e8s la liposuccion.<\/p>\n<p>R\u00e9cup\u00e9ration apr\u00e8s mentoplastie<\/p>\n<p>R\u00e9alis\u00e9e en Tunisie ou ailleurs, la g\u00e9nioplastie est une chirurgie plastique indolore, \u00e0 l'exception de certaines interventions r\u00e9alis\u00e9es sur la m\u00e2choire inf\u00e9rieure et la l\u00e8vre inf\u00e9rieure.<\/p>\n<p>La g\u00e9nioplastie fait partie de la chirurgie faciale sym\u00e9trique qui n\u00e9cessite une convalescence de 4 \u00e0 8 jours en cas de proth\u00e8se.<\/p>\n<p>En cas de manipulation osseuse, elle n\u00e9cessite 15 jours de convalescence et l'application d'un pl\u00e2tre de compression modelant sur la zone op\u00e9r\u00e9e.<\/p>\n<p>En plus du pl\u00e2tre de modelage, il est demand\u00e9 au patient de maintenir une hygi\u00e8ne bucco-dentaire irr\u00e9prochable en utilisant un bain de bouche grimpant.<\/p>\n<p>Dans les 48 heures suivant l'op\u00e9ration, un \u0153d\u00e8me facial peut appara\u00eetre, qui dispara\u00eetra progressivement en 8 jours. Le r\u00e9sultat final d'une g\u00e9nioplastie est visible 15 jours apr\u00e8s l'op\u00e9ration.<\/p>\n<p>Le chirurgien vous conseillera de reporter vos activit\u00e9s sportives d'un mois apr\u00e8s l'op\u00e9ration.<\/p>\n<p>Durant les premiers jours postop\u00e9ratoires, le patient devra suivre un r\u00e9gime semi-liquide.<\/p>\n<p>Une consultation post-op\u00e9ratoire est n\u00e9cessaire pour \u00e9valuer les r\u00e9sultats de la g\u00e9nioplastie en Tunisie et v\u00e9rifier le bon d\u00e9roulement de la convalescence.<\/p>","protected":false},"excerpt":{"rendered":"<p>CE QU'IL FAUT SAVOIR<\/p>","protected":false},"featured_media":2341,"comment_status":"open","ping_status":"closed","template":"","meta":[],"product_brand":[],"product_cat":[59],"product_tag":[],"class_list":{"0":"post-2340","1":"product","2":"type-product","3":"status-publish","4":"has-post-thumbnail","6":"product_cat-aesthetic","8":"first","9":"instock","10":"shipping-taxable","11":"product-type-simple"},"_links":{"self":[{"href":"https:\/\/surgeryagency.com\/fr\/wp-json\/wp\/v2\/product\/2340","targetHints":{"allow":["GET"]}}],"collection":[{"href":"https:\/\/surgeryagency.com\/fr\/wp-json\/wp\/v2\/product"}],"about":[{"href":"https:\/\/surgeryagency.com\/fr\/wp-json\/wp\/v2\/types\/product"}],"replies":[{"embeddable":true,"href":"https:\/\/surgeryagency.com\/fr\/wp-json\/wp\/v2\/comments?post=2340"}],"wp:featuredmedia":[{"embeddable":true,"href":"https:\/\/surgeryagency.com\/fr\/wp-json\/wp\/v2\/media\/2341"}],"wp:attachment":[{"href":"https:\/\/surgeryagency.com\/fr\/wp-json\/wp\/v2\/media?parent=2340"}],"wp:term":[{"taxonomy":"product_brand","embeddable":true,"href":"https:\/\/surgeryagency.com\/fr\/wp-json\/wp\/v2\/product_brand?post=2340"},{"taxonomy":"product_cat","embeddable":true,"href":"https:\/\/surgeryagency.com\/fr\/wp-json\/wp\/v2\/product_cat?post=2340"},{"taxonomy":"product_tag","embeddable":true,"href":"https:\/\/surgeryagency.com\/fr\/wp-json\/wp\/v2\/product_tag?post=2340"}],"curies":[{"name":"wp","href":"https:\/\/api.w.org\/{rel}","templated":true}]}}