{"id":2348,"date":"2023-01-22T14:51:18","date_gmt":"2023-01-22T14:51:18","guid":{"rendered":"https:\/\/surgeryagency.com\/?post_type=product&#038;p=2348"},"modified":"2023-01-23T12:25:11","modified_gmt":"2023-01-23T12:25:11","slug":"abdominoplasty","status":"publish","type":"product","link":"https:\/\/surgeryagency.com\/fr\/produit\/abdominoplasty\/","title":{"rendered":"Abdominoplastie"},"content":{"rendered":"<p>Les activit\u00e9s physiques et les r\u00e9gimes ne semblent pas toujours \u00eatre des m\u00e9thodes efficaces pour les personnes qui souhaitent perdre du poids et avoir un ventre bien d\u00e9fini.<\/p>\n<p>L'abdominoplastie, \u00e9galement appel\u00e9e dermolipectomie du ventre, peut \u00eatre consid\u00e9r\u00e9e comme une m\u00e9thode efficace. En effet, l'abdominoplastie en Tunisie est devenue une pratique chirurgicale tr\u00e8s courante. On s'interroge alors sur le principe de cette op\u00e9ration esth\u00e9tique, ses techniques, son r\u00e9sultat et son co\u00fbt.<\/p>\n<p>Chirurgie esth\u00e9tique du ventre en Tunisie<\/p>\n<p>L'abdominoplastie en Tunisie est une op\u00e9ration esth\u00e9tique qui s'aligne sur la chirurgie reconstructrice ou esth\u00e9tique. L'abdominoplastie est une intervention qui permet ensuite de remodeler l'abdomen, et ce, en \u00e9liminant les cellules graisseuses ainsi que l'exc\u00e8s de peau. Il convient de noter qu'une telle op\u00e9ration peut \u00e9galement restructurer et renforcer les muscles situ\u00e9s dans l'estomac.<\/p>\n<p>Il aide \u00e9galement \u00e0 traiter le rel\u00e2chement cutan\u00e9 de l'abdomen. C'est un traitement efficace qui a l'avantage d'offrir un r\u00e9sultat rapide. Rappelons que dans certains cas, l'abdominoplastie peut s'accompagner d'une liposuccion. Au fil des ans, ce traitement est devenu de plus en plus courant. Suite \u00e0 une abdominoplastie le patient pourra avoir un r\u00e9sultat concret pendant une courte p\u00e9riode ; \u00e0 savoir entre 3 et 4 mois.<\/p>\n<p>Who is an abdominoplasty for?<br \/>\nFollowing problems of excess fat, pregnancy or even sagging skin caused by weight loss, the belly tends to be unsightly. As a result, abdominoplasty is for anyone who aims to have a flat and well-defined stomach. It is a surgical intervention that is intended for anyone wishing to refine their silhouette and regain a perfect physical appearance.<\/p>\n<p class=\"translation-block\">Pourquoi la Tunisie\u00a0?<br>\nActuellement, la Tunisie est devenue une destination tr\u00e8s convoit\u00e9e pour subir une abdominoplastie. Plusieurs c\u00e9l\u00e9brit\u00e9s ont choisi la Tunisie pour pratiquer une telle op\u00e9ration, gr\u00e2ce \u00e0 la comp\u00e9tence de ses m\u00e9decins et au professionnalisme des \u00e9quipes m\u00e9dicales. Il est \u00e0 noter que le prix d'une abdominoplastie est moins cher que dans d'autres destinations. En dehors de ce facteur, il convient de noter que la chirurgie esth\u00e9tique est reconnue pour la qualit\u00e9 du mat\u00e9riel m\u00e9dical. Ceux-ci sont certifi\u00e9s.<\/p>\n<p>How is belly surgery performed?<br \/>\nAbdominoplasty is an intervention that lasts between 2 and 3 hours. This is a treatment that is done under general anesthesia. The operated person will remain hospitalized for two days. The surgeon first makes incisions in the affected area. As soon as the skin becomes taut, the doctor makes an incision across the width of the abdomen. Secondly, he will peel off the skin from the abdominal wall in order to lift it and pull it towards the ribs. Subsequently, the skin will be removed and a hole will be prepared for the navel. Finally, the doctor sutures the wound with absorbable sutures. A compression bandage will be placed in the affected area. It should be noted that wearing a compression sheath will be necessary for this type of surgical intervention.<\/p>\n<p>Avant l'intervention d'une plastie abdominale, le patient pourra poser toutes ses questions lors d'un rendez-vous pr\u00e9alable avec son chirurgien.<\/p>\n<p class=\"translation-block\">Quelles sont les suites postop\u00e9ratoires d'une abdominoplastie ?<br>\nL'abdominoplastie est consid\u00e9r\u00e9e comme une chirurgie esth\u00e9tique quelque peu d\u00e9licate. En cons\u00e9quence, le patient peut ressentir de la douleur pendant la premi\u00e8re semaine. Face \u00e0 ce ph\u00e9nom\u00e8ne, la personne op\u00e9r\u00e9e peut prendre des antalgiques (prescrits par le m\u00e9decin). Le port d'une gaine de compression est obligatoire pendant 2 \u00e0 3 semaines. Cela facilitera la cicatrisation de la zone op\u00e9r\u00e9e. Un repos entre 14 et 20 jours est n\u00e9cessaire pour \u00e9viter tout risque de complications.<\/p>\n<p>Le patient doit prendre soin de lui et doit contacter son chirurgien si n\u00e9cessaire. Un suivi m\u00e9dical post-op\u00e9ratoire sera indispensable afin de suivre l'\u00e9volution de la cicatrisation et de s'assurer de l'\u00e9tat du patient.<\/p>\n<p class=\"translation-block\">Comment perdre du poids apr\u00e8s une abdominoplastie ?<br>\nApr\u00e8s l'abdominoplastie ou la dermolipectomie du ventre, il est recommand\u00e9 au patient de suivre une nouvelle hygi\u00e8ne de vie assez particuli\u00e8re. Cela permet de maintenir la perte de poids afin de conserver une taille populaire. Ainsi, le patient doit :<br>\n\u2013 Faire du sport r\u00e9guli\u00e8rement un mois (selon l'importance de l'intervention) apr\u00e8s l'op\u00e9ration ;<br>\n\u2013 Consulter un nutritionniste qui pourra l'aider \u00e0 \u00e9tablir un programme alimentaire digne d'un r\u00e9gime.<br>\nConcernant le type d'activit\u00e9s sportives \u00e0 faire, la natation est l'une des activit\u00e9s les plus recommand\u00e9es.<\/p>\n<p class=\"translation-block\">Comment dormir apr\u00e8s une abdominoplastie ?<br>\nLa fa\u00e7on dont vous dormez est un facteur tr\u00e8s important apr\u00e8s une abdominoplastie ou une dermolipectomie abdominale. Cela influence directement la qualit\u00e9 et le rythme de votre r\u00e9cup\u00e9ration apr\u00e8s l'op\u00e9ration, car adopter une mauvaise position pendant le sommeil peut compromettre les r\u00e9sultats escompt\u00e9s. Cependant, les experts recommandent de ne pas dormir dans une position \u00e9tir\u00e9e mais plut\u00f4t dans une position l\u00e9g\u00e8rement pli\u00e9e. Ainsi, au lieu de dormir \u00e0 plat ventre comme vous en avez l'habitude, les chirurgiens vous conseillent d'utiliser un fauteuil inclinable. Ce dernier vous offre un moyen s\u00fbr et agr\u00e9able de dormir.<\/p>\n<p class=\"translation-block\">Combien de temps pour se remettre d'une abdominoplastie ?<br>\nBien que le temps de r\u00e9cup\u00e9ration varie selon les patients et l'importance de l'op\u00e9ration, en g\u00e9n\u00e9ral, vous pouvez reprendre une vie pleinement ouverte \u00e0 tous \u00e0 partir de la quatri\u00e8me semaine.<br>\nLa douleur est plus observ\u00e9e dans les premiers jours postop\u00e9ratoires.<br>\nCependant, l'intervention elle-m\u00eame ne n\u00e9cessite pas n\u00e9cessairement l'arr\u00eat de l'activit\u00e9 professionnelle si elle n'est qu'intellectuelle et non physique. De plus, il est recommand\u00e9 de marcher un peu les premiers jours. Mais, parfois, vous aurez peut-\u00eatre besoin de quelques jours de repos.<\/p>\n<p class=\"translation-block\">Comment r\u00e9duire l'\u0153d\u00e8me apr\u00e8s une abdominoplastie ?<br>\nBien que l'apparition d'oed\u00e8mes soit l\u00e9gitime dans l'organisme suite \u00e0 une intervention chirurgicale en g\u00e9n\u00e9ral et une abdominoplastie en particulier. Le meilleur moyen d'\u00e9viter l'inflammation de l'abdomen est de porter r\u00e9guli\u00e8rement un v\u00eatement de compression adapt\u00e9 \u00e0 votre morphologie.<\/p>\n<p>Certes, celles-ci peuvent persister jusqu'\u00e0 deux (2) ou trois (3) semaines, elles finissent par dispara\u00eetre avec le temps si et seulement si les consignes post-op\u00e9ratoires sont bien respect\u00e9es.<\/p>\n<p class=\"translation-block\">Comment masser une cicatrice apr\u00e8s une abdominoplastie ?<br>\nSuite \u00e0 l'intervention, vous pourrez constater la pr\u00e9sence de cicatrices. Ces cicatrices s'estompent avec le temps.<br>\nCependant, il est recommand\u00e9 d'appliquer \u00e0 plusieurs reprises une s\u00e9rie de massages apr\u00e8s l'application du traitement des cicatrices.<br>\nAinsi, le massage se fait en appuyant avec son index ainsi que son majeur sur la zone de la cicatrice. Et ce, en effectuant des mouvements circulaires.<br>\nDe m\u00eame, vous devez pincer et soulever l\u00e9g\u00e8rement les cicatrices avec vos doigts pour desserrer la peau et limiter l'adh\u00e9rence de celle-ci.<\/p>\n<p class=\"translation-block\">Quelle gaine pour une abdominoplastie ?<br>\nBien que la r\u00e9duction de l'\u0153d\u00e8me puisse \u00eatre obtenue en enfilant un v\u00eatement de compression, les experts recommandent particuli\u00e8rement une qualit\u00e9 qui fonctionne avec la plupart des patients : le v\u00eatement de compression pour abdominoplastie. Cela a un effet plus efficace, constant et homog\u00e8ne.<\/p>\n<p>Cependant, merci de rester attentif et de respecter les consignes de votre chirurgien, car il saura vous recommander le type de gaine \u00e0 porter.<\/p>\n<p class=\"translation-block\">Quels sont les r\u00e9sultats d'une abdominoplastie ?<br>\nLe r\u00e9sultat d'une abdominoplastie s'av\u00e8re satisfaisant pour la majorit\u00e9 des patients qui ont eu recours \u00e0 cette intervention chirurgicale. Cependant, ce traitement ne doit pas \u00eatre confondu avec d'autres techniques d'amincissement. Par cons\u00e9quent, pour avoir un r\u00e9sultat durable, vous devrez prendre soin de votre hygi\u00e8ne de vie. Le r\u00e9sultat d\u00e9finitif de cette op\u00e9ration esth\u00e9tique sera d\u00e9fini au bout de trois mois. Il faudra attendre que l'\u0153d\u00e8me se r\u00e9sorbe et que les cicatrices disparaissent.<\/p>","protected":false},"excerpt":{"rendered":"<p>CE QU'IL FAUT SAVOIR<\/p>","protected":false},"featured_media":2355,"comment_status":"open","ping_status":"closed","template":"","meta":[],"product_brand":[],"product_cat":[59],"product_tag":[],"class_list":{"0":"post-2348","1":"product","2":"type-product","3":"status-publish","4":"has-post-thumbnail","6":"product_cat-aesthetic","8":"first","9":"instock","10":"shipping-taxable","11":"product-type-simple"},"_links":{"self":[{"href":"https:\/\/surgeryagency.com\/fr\/wp-json\/wp\/v2\/product\/2348","targetHints":{"allow":["GET"]}}],"collection":[{"href":"https:\/\/surgeryagency.com\/fr\/wp-json\/wp\/v2\/product"}],"about":[{"href":"https:\/\/surgeryagency.com\/fr\/wp-json\/wp\/v2\/types\/product"}],"replies":[{"embeddable":true,"href":"https:\/\/surgeryagency.com\/fr\/wp-json\/wp\/v2\/comments?post=2348"}],"wp:featuredmedia":[{"embeddable":true,"href":"https:\/\/surgeryagency.com\/fr\/wp-json\/wp\/v2\/media\/2355"}],"wp:attachment":[{"href":"https:\/\/surgeryagency.com\/fr\/wp-json\/wp\/v2\/media?parent=2348"}],"wp:term":[{"taxonomy":"product_brand","embeddable":true,"href":"https:\/\/surgeryagency.com\/fr\/wp-json\/wp\/v2\/product_brand?post=2348"},{"taxonomy":"product_cat","embeddable":true,"href":"https:\/\/surgeryagency.com\/fr\/wp-json\/wp\/v2\/product_cat?post=2348"},{"taxonomy":"product_tag","embeddable":true,"href":"https:\/\/surgeryagency.com\/fr\/wp-json\/wp\/v2\/product_tag?post=2348"}],"curies":[{"name":"wp","href":"https:\/\/api.w.org\/{rel}","templated":true}]}}