{"id":2350,"date":"2023-01-22T15:30:20","date_gmt":"2023-01-22T15:30:20","guid":{"rendered":"https:\/\/surgeryagency.com\/?post_type=product&#038;p=2350"},"modified":"2023-06-02T09:52:55","modified_gmt":"2023-06-02T09:52:55","slug":"mammal-augmentation","status":"publish","type":"product","link":"https:\/\/surgeryagency.com\/fr\/produit\/mammal-augmentation\/","title":{"rendered":"Augmentation mammaire"},"content":{"rendered":"<p>Pour qui, pour quoi :<\/p>\n<p>Une augmentation mammaire vise \u00e0 donner ou redonner du volume \u00e0 la poitrine et ainsi augmenter la taille des seins.<\/p>\n<p>Pour ce faire, une proth\u00e8se (enveloppe de silicone renfermant un gel ou une solution saline) est ins\u00e9r\u00e9e sous le muscle mammaire dans la plupart des cas.<\/p>\n<p>Plusieurs formes de proth\u00e8ses sont disponibles (rondes, anatomiques, piriformes, etc.) en fonction de la morphologie du patient et du besoin exprim\u00e9 (donner forme, corriger la ptose, etc.).<\/p>\n<p>Une grande vari\u00e9t\u00e9 de tailles sont disponibles.<\/p>\n<p>Comment augmenter la taille des seins ?<\/p>\n<p>La plus courante est \u00e9videmment la pose de proth\u00e8ses mammaires. Elle consiste \u00e0 poser des implants mammaires en silicone plac\u00e9s derri\u00e8re ou devant le muscle pectoral selon la taille de d\u00e9part du sein. Il donne d'excellents r\u00e9sultats, imm\u00e9diatement visibles et permettant d'aller jusqu'\u00e0 2 ou 3 tasses au dessus.<\/p>\n<p>Quelles sont les d\u00e9marches \u00e0 effectuer ?<\/p>\n<p>La premi\u00e8re \u00e9tape est une consultation avec un chirurgien esth\u00e9tique. L'objectif de cet entretien est d'exposer ce qui vous d\u00e9range et de formuler les corrections que vous aimeriez apporter \u00e0 vos seins. Le praticien vous pr\u00e9sentera les diff\u00e9rentes techniques de chirurgie esth\u00e9tique du sein susceptibles d'obtenir le r\u00e9sultat souhait\u00e9, dont l'augmentation mammaire par pose de proth\u00e8ses en fait partie. Un d\u00e9lai de r\u00e9flexion de 15 jours sera n\u00e9cessaire avant que la d\u00e9cision finale ne soit prise. Vous d\u00e9cidez de sauter le pas. Lors de cette deuxi\u00e8me consultation, le chirurgien vous expliquera les caract\u00e9ristiques des diff\u00e9rents implants mammaires.<\/p>\n<p>Volume :<\/p>\n<p>Des tests avec des proth\u00e8ses externes plac\u00e9es dans le soutien-gorge vous permettront de choisir le volume qui vous convient.<\/p>\n<p>Il est \u00e9vident que tout chirurgien esth\u00e9tique s\u00e9rieux ne se pliera pas \u00e0 des demandes fantaisistes. Par exemple, passer d'un bonnet A \u00e0 un bonnet E pour une femme avec une petite poitrine.<\/p>\n<p>Le profil :<\/p>\n<p>C'est la projection vers l'avant de la poitrine. Une femme qui souhaite avoir des seins bomb\u00e9s et un d\u00e9collet\u00e9 plus plongeant choisira un profil plus large.<\/p>\n<p>Forme et texture :<\/p>\n<p>Il existe des proth\u00e8ses rondes et d'autres qui sont anatomiques voire en forme de poire et donc donnant, th\u00e9oriquement, un aspect plus naturel. En pratique, le r\u00e9sultat obtenu d\u00e9pendra plus de l'habilet\u00e9 du chirurgien plasticien que de la forme de la proth\u00e8se mammaire.<\/p>\n<p>Il est bien connu que les implants mammaires \u00e0 surface textur\u00e9e sont moins sujets \u00e0 l'apparition de coques que les implants \u00e0 surface lisse. Le choix est donc assez \u00e9vident.<\/p>\n<p>La marque :<\/p>\n<p>Bien s\u00fbr, nous ne travaillons qu'avec des fabricants connus qui doivent avoir le marquage CE. Le praticien d\u00e9taillera \u00e9galement la technique utilis\u00e9e et notamment l'abord ainsi que l'endroit o\u00f9 il placera les proth\u00e8ses.<\/p>\n<p>Le chemin d'abord :<\/p>\n<p>C'est l'endroit du mors o\u00f9 le chirurgien plasticien fera son incision. Le plus commun est la moiti\u00e9 inf\u00e9rieure de l'ar\u00e9ole mammaire. Dans des cas plus rares, l'acc\u00e8s se fera par l'aisselle ou le pli sous-mammaire.<\/p>\n<p>Lieu de pose des implants mammaires :<\/p>\n<p>La voie sous-pectorale sera privil\u00e9gi\u00e9e si les seins sont trop petits. L'avantage est un look beaucoup plus naturel. L'inconv\u00e9nient est une intervention plus douloureuse dans les premiers jours postop\u00e9ratoires.<\/p>\n<p>&nbsp;<\/p>\n<p>M\u00eame si nous avons volontairement d\u00e9taill\u00e9 toutes ces possibilit\u00e9s, le chirurgien vous facilitera la t\u00e2che en vous guidant au mieux. En fonction du volume souhait\u00e9, du profil du d\u00e9collet\u00e9 et de la taille de votre poitrine, il orientera votre choix et vous donnera les meilleurs conseils afin d'obtenir le r\u00e9sultat souhait\u00e9.<\/p>\n<p>Pr\u00e9paration \u00e0 l'op\u00e9ration :<\/p>\n<p>Vous aurez \u00e0 faire<\/p>\n<p>Une \u00e9chographie mammaire ou une mammographie mammaire avant l'op\u00e9ration.<\/p>\n<p>Une prise de sang pr\u00e9op\u00e9ratoire.<\/p>\n<p>Des photos de votre poitrine seront prises pour les comparer au r\u00e9sultat postop\u00e9ratoire.<\/p>\n<p>Apr\u00e8s la proc\u00e9dure :<\/p>\n<p>Apr\u00e8s la chirurgie d'augmentation mammaire, la patiente aura un bandage de compression avec un soutien-gorge de compression qui maintiendra mieux les proth\u00e8ses en place. Un \u0153d\u00e8me ou un gonflement est attendu apr\u00e8s la chirurgie et commencera \u00e0 dispara\u00eetre 1 \u00e0 2 semaines apr\u00e8s l'op\u00e9ration. Habituellement, les patients peuvent reprendre le travail apr\u00e8s 5 \u00e0 10 jours selon le type d'activit\u00e9. La plupart des patients peuvent reprendre une activit\u00e9 mod\u00e9r\u00e9e dans les 2 semaines et r\u00e9cup\u00e9rer compl\u00e8tement entre la 4\u00e8me et la 6\u00e8me semaine apr\u00e8s la chirurgie.<\/p>\n<p>Qu'attendre de l'intervention ?<\/p>\n<p>Les diff\u00e9rentes techniques garantissent des cicatrices bien cach\u00e9es avec un r\u00e9sultat naturel.<\/p>\n<p>Complications<\/p>\n<p>Concernant l'intervention :<\/p>\n<p>\u2013 L'h\u00e9matome : Il se voit dans les heures qui suivent l'op\u00e9ration. Il en r\u00e9sulte un gonflement d'un des 2 seins qui devient tendu et douloureux. Elle impose une reprise chirurgicale afin d'\u00e9vacuer le sang et ne compromet en rien la qualit\u00e9 du r\u00e9sultat final une fois \u00e9vacu\u00e9.<\/p>\n<p>\u2013 L'\u00e9coulement de liquide lymphatique : Il appara\u00eet apr\u00e8s 1 \u00e0 2 semaines et consiste en une fuite de liquide jaun\u00e2tre \u00e0 travers la cicatrice qui peut retarder sa fermeture. Tant qu'il n'y a pas de surinfection, elle finit par s'arr\u00eater et reste sans cons\u00e9quence sur l'\u00e9volution finale et le r\u00e9sultat<\/p>\n<p>\u2013 Infection : Elle est tr\u00e8s rare et n\u00e9cessite une antibioth\u00e9rapie et un traitement local. Dans certains cas, une chirurgie de r\u00e9vision sera n\u00e9cessaire, allant m\u00eame jusqu'au retrait de la proth\u00e8se.<\/p>\n<p>\u2013 La coque : Elle appara\u00eet au bout de quelques mois et sa fr\u00e9quence est de 3 \u00e0 4 % et diminue lorsque le chirurgien utilise des proth\u00e8ses mammaires textur\u00e9es. Elle est due \u00e0 une r\u00e9action \u00e0 un corps \u00e9tranger. Il en r\u00e9sulte un sein qui devient dur, saillant et douloureux, en rapport avec une enveloppe de fibrose qui entoure l'implant. Elle reste impr\u00e9visible par le chirurgien et n\u00e9cessite une reprise chirurgicale. L'op\u00e9ration consistera \u00e0 enlever cette fibrose.<\/p>\n<p>Les principales causes d'insatisfaction :<\/p>\n<p>\u2013 Asym\u00e9trie : Il faut pr\u00e9ciser, d'embl\u00e9e, qu'elle existe naturellement m\u00eame sans chirurgie esth\u00e9tique des seins. Cependant, elle peut \u00eatre accentu\u00e9e en raison d'une mauvaise approche chirurgicale. Dans ce cas, une autre intervention doit \u00eatre propos\u00e9e afin de la corriger lorsqu'elle est flagrante.<\/p>\n<p>\u2013 Les plis : Ils peuvent se voir en cas d'inad\u00e9quation entre la taille du buste et le volume de la proth\u00e8se mammaire pos\u00e9e : proth\u00e8se trop volumineuse.<\/p>\n<p>A c\u00f4t\u00e9 de ces complications sp\u00e9cifiques, il existe aussi des complications g\u00e9n\u00e9rales comme les complications thromboemboliques ou celles li\u00e9es \u00e0 l'anesth\u00e9sie.<\/p>\n<p>Autres proc\u00e9dures mammaires\u00a0:<\/p>\n<p>La chirurgie mammaire pourra au contraire viser \u00e0 r\u00e9duire la taille et on aura recours \u00e0 la r\u00e9duction mammaire.<\/p>\n<p>Enfin, chez l'homme, l'hypertrophie mammaire aussi appel\u00e9e gyn\u00e9comastie est le principal motif de consultation en chirurgie esth\u00e9tique des seins.<\/p>\n<p>Lifting mammaire avec ou sans proth\u00e8ses :<\/p>\n<p>Pour qui, pour quoi :<\/p>\n<p>Afin de corriger la ptose mammaire (seins tombants), un lifting mammaire est indiqu\u00e9 afin de retrouver une structure mammaire visuellement esth\u00e9tique et agr\u00e9able au toucher. Le syndrome du sein tombant peut \u00eatre d\u00fb au vieillissement naturel ou \u00e0 une ou plusieurs grossesses ou encore lors d'une forte perte de poids. Le lifting des seins peut s'accompagner de la pose de proth\u00e8ses si le volume glandulaire des seins est jug\u00e9 insuffisant ou simplement parce que vous le souhaitez (un plus gros sein).<\/p>\n<p>En quoi consiste l'op\u00e9ration ?<\/p>\n<p>Un lifting des seins est une intervention de chirurgie esth\u00e9tique des seins qui consiste \u00e0 enlever l'exc\u00e8s de peau autour du sein afin d'obtenir des seins fermes et un beau d\u00e9collet\u00e9 donnant une apparence plus f\u00e9minine.<\/p>\n<p>Dans de nombreux cas, une proth\u00e8se mammaire est r\u00e9alis\u00e9e au cours de la m\u00eame op\u00e9ration afin d'obtenir une forme optimale et des seins beaucoup plus jolis.<\/p>\n<p>Parfois, l'augmentation mammaire associ\u00e9e est r\u00e9alis\u00e9e par lipofilling ou injection de graisse pr\u00e9lev\u00e9e dans une autre r\u00e9gion du corps.<\/p>\n<p>Gr\u00e2ce aux nouvelles techniques ma\u00eetris\u00e9es, les patients porteront des cicatrices plus ou moins courtes et ils pourront r\u00e9cup\u00e9rer rapidement apr\u00e8s l'intervention.<\/p>\n<p>Il existe trois types de cicatrices dans ce type de chirurgie mammaire :<\/p>\n<p>La cicatrice p\u00e9riar\u00e9olaire<\/p>\n<p>La cicatrice verticale<\/p>\n<p>La cicatrice en T invers\u00e9<\/p>\n<p>Selon la qualit\u00e9 du tissu mammaire et le type de peau de la patiente, l'une ou l'autre des techniques sera indiqu\u00e9e.<\/p>\n<p>Globalement, en redistribuant et remodelant le tissu mammaire et en \u00e9liminant l'exc\u00e8s de peau, le lifting des seins vous aidera \u00e0 obtenir des seins plus fermes et plus saillants sur la poitrine. Enfin, chez l'homme, l'hypertrophie mammaire aussi appel\u00e9e gyn\u00e9comastie est le principal motif de consultation en chirurgie esth\u00e9tique du sein.<\/p>\n<p>Techniques chirurgicales de r\u00e9duction mammaire et cicatrices\u00a0:<\/p>\n<p>La mammoplastie consistera \u00e0 enlever l'exc\u00e8s de peau, de graisse et de glande.<\/p>\n<p>Au cours de cette chirurgie mammaire, nous pouvons utiliser l'un ou l'autre des types d'incisions suivantes\u00a0:<\/p>\n<p>Incision p\u00e9riar\u00e9olaire : autour de l'ar\u00e9ole<\/p>\n<p>L'incision verticale : qui s'\u00e9tend du bord inf\u00e9rieur de l'ar\u00e9ole jusqu'au pli du sein.<\/p>\n<p>L'incision horizontale : qui s'associe aux deux pr\u00e9c\u00e9dentes et qui donnera une cicatrice en T invers\u00e9.<\/p>\n<p>La quantit\u00e9 de tissu mammaire retir\u00e9e pendant la chirurgie sera bas\u00e9e sur l'\u00e9valuation initiale et les pr\u00e9f\u00e9rences de la patiente.<\/p>\n<p>\u00c0 quoi s'attendre apr\u00e8s une chirurgie de r\u00e9duction mammaire?<\/p>\n<p>Apr\u00e8s une chirurgie de r\u00e9duction mammaire, les patientes se sentiront imm\u00e9diatement plus l\u00e9g\u00e8res et soulag\u00e9es.<\/p>\n<p>Souvent, la r\u00e9duction se traduira par une tasse ou deux de moins que la tasse d'origine.<\/p>\n<p>Pour les premi\u00e8res semaines, nous vous recommandons d'utiliser un soutien-gorge de compression pour prot\u00e9ger les seins.<\/p>\n<p>Patients will be able to return to work within 7 to 10 days following the intervention and will resume physical activity between the 6th and 8th week after the intervention.<\/p>\n<p>La sensibilit\u00e9 des mamelons reviendra progressivement au cours de la premi\u00e8re ann\u00e9e<\/p>\n<p>Gyn\u00e9comastie\u00a0:<\/p>\n<p>La gyn\u00e9comastie est une intervention chirurgicale visant \u00e0 corriger une hypertrophie de la glande mammaire chez les hommes.<\/p>\n<p>Une \u00e9chographie est n\u00e9cessaire pour d\u00e9terminer s'il s'agit bien d'un exc\u00e8s de glande mammaire ou de graisse.<\/p>\n<p>L'intervention:<\/p>\n<p>L'op\u00e9ration est g\u00e9n\u00e9ralement r\u00e9alis\u00e9e en ambulatoire ou au maximum avec une hospitalisation de 24 heures.<\/p>\n<p>Le but de la chirurgie est d'enlever la glande en exc\u00e8s, la graisse qui l'entoure et de corriger tout rel\u00e2chement cutan\u00e9.<\/p>\n<p>L'exc\u00e8s de graisse est trait\u00e9 par liposuccion (liposuccion).<\/p>\n<p>La glande en exc\u00e8s est retir\u00e9e par une mini incision autour de l'ar\u00e9ole mammaire, il n'y aura donc pratiquement aucune cicatrice visible apr\u00e8s la chirurgie de la gyn\u00e9comastie.<\/p>\n<p>Dans certains cas, il existe un exc\u00e8s de peau associ\u00e9 \u00e0 une perte de poids importante. Dans cette situation, il faudra faire une cicatrice autour de l'ar\u00e9ole mammaire afin d'enlever l'exc\u00e8s de peau.<\/p>\n<p>Le cours postop\u00e9ratoire :<\/p>\n<p>Ils sont simples. La douleur est minime.<\/p>\n<p>Des ecchymoses et un \u0153d\u00e8me (gonflement) sont possibles et disparaissent rapidement apr\u00e8s quelques jours.<\/p>\n<p>Un v\u00eatement de compression (panthy) sera port\u00e9 durant le premier mois.<\/p>\n<p>L'effort est \u00e0 \u00e9viter les premiers jours.<\/p>\n<p>La reprise de l'activit\u00e9 sportive se fera \u00e0 la fin de la quatri\u00e8me semaine.<\/p>\n<p>Le r\u00e9sultat:<\/p>\n<p>Elle commence \u00e0 \u00eatre bien visible d\u00e8s le premier mois o\u00f9 le ph\u00e9nom\u00e8ne de r\u00e9traction cutan\u00e9e commence \u00e0 agir.<\/p>\n<p>A trois mois, nous avons le r\u00e9sultat final.<\/p>\n<p>La qualit\u00e9 du r\u00e9sultat final d\u00e9pendra alors de la stabilit\u00e9 du poids apr\u00e8s l'op\u00e9ration.<\/p>","protected":false},"excerpt":{"rendered":"<p>CE QU'IL FAUT SAVOIR<\/p>","protected":false},"featured_media":2351,"comment_status":"open","ping_status":"closed","template":"","meta":[],"product_brand":[],"product_cat":[67,59],"product_tag":[],"class_list":{"0":"post-2350","1":"product","2":"type-product","3":"status-publish","4":"has-post-thumbnail","6":"product_cat-rabii","7":"product_cat-aesthetic","9":"first","10":"instock","11":"shipping-taxable","12":"purchasable","13":"product-type-simple"},"_links":{"self":[{"href":"https:\/\/surgeryagency.com\/fr\/wp-json\/wp\/v2\/product\/2350","targetHints":{"allow":["GET"]}}],"collection":[{"href":"https:\/\/surgeryagency.com\/fr\/wp-json\/wp\/v2\/product"}],"about":[{"href":"https:\/\/surgeryagency.com\/fr\/wp-json\/wp\/v2\/types\/product"}],"replies":[{"embeddable":true,"href":"https:\/\/surgeryagency.com\/fr\/wp-json\/wp\/v2\/comments?post=2350"}],"wp:featuredmedia":[{"embeddable":true,"href":"https:\/\/surgeryagency.com\/fr\/wp-json\/wp\/v2\/media\/2351"}],"wp:attachment":[{"href":"https:\/\/surgeryagency.com\/fr\/wp-json\/wp\/v2\/media?parent=2350"}],"wp:term":[{"taxonomy":"product_brand","embeddable":true,"href":"https:\/\/surgeryagency.com\/fr\/wp-json\/wp\/v2\/product_brand?post=2350"},{"taxonomy":"product_cat","embeddable":true,"href":"https:\/\/surgeryagency.com\/fr\/wp-json\/wp\/v2\/product_cat?post=2350"},{"taxonomy":"product_tag","embeddable":true,"href":"https:\/\/surgeryagency.com\/fr\/wp-json\/wp\/v2\/product_tag?post=2350"}],"curies":[{"name":"wp","href":"https:\/\/api.w.org\/{rel}","templated":true}]}}