{"id":2352,"date":"2023-01-22T15:46:05","date_gmt":"2023-01-22T15:46:05","guid":{"rendered":"https:\/\/surgeryagency.com\/?post_type=product&#038;p=2352"},"modified":"2023-01-23T13:25:23","modified_gmt":"2023-01-23T13:25:23","slug":"intimate-surgery","status":"publish","type":"product","link":"https:\/\/surgeryagency.com\/fr\/produit\/intimate-surgery\/","title":{"rendered":"CHIRURGIE INTIME"},"content":{"rendered":"<p>&nbsp;<\/p>\n<p>Chirurgie intime pour les femmes<\/p>\n<p class=\"translation-block\">Vaginoplastie<br>\nLe but est de resserrer le vagin afin de retrouver une sensibilit\u00e9 lors des rapports sexuels<\/p>\n<p>Hym\u00e9noplastie<br \/>\nL'objectif est de retrouver un hymen intact via une chirurgie plastique locale.<\/p>\n<p>Labiaplastie<br \/>\nL'objectif est la r\u00e9duction des petites l\u00e8vres et\/ou des grandes l\u00e8vres.<\/p>\n<p>Chirurgie intime pour hommes<\/p>\n<p>Chez l'homme, 2 op\u00e9rations de chirurgie intime sont possibles :<\/p>\n<p>Allongement du p\u00e9nis : 2 \u00e0 3 centim\u00e8tres de plus.<\/p>\n<p>Agrandissement du p\u00e9nis : consiste en une lipogreffe afin de gagner en diam\u00e8tre.<\/p>","protected":false},"excerpt":{"rendered":"<p>CE QU'IL FAUT SAVOIR<\/p>","protected":false},"featured_media":2402,"comment_status":"open","ping_status":"closed","template":"","meta":[],"product_brand":[],"product_cat":[59],"product_tag":[],"class_list":{"0":"post-2352","1":"product","2":"type-product","3":"status-publish","4":"has-post-thumbnail","6":"product_cat-aesthetic","8":"first","9":"instock","10":"shipping-taxable","11":"product-type-simple"},"_links":{"self":[{"href":"https:\/\/surgeryagency.com\/fr\/wp-json\/wp\/v2\/product\/2352","targetHints":{"allow":["GET"]}}],"collection":[{"href":"https:\/\/surgeryagency.com\/fr\/wp-json\/wp\/v2\/product"}],"about":[{"href":"https:\/\/surgeryagency.com\/fr\/wp-json\/wp\/v2\/types\/product"}],"replies":[{"embeddable":true,"href":"https:\/\/surgeryagency.com\/fr\/wp-json\/wp\/v2\/comments?post=2352"}],"wp:featuredmedia":[{"embeddable":true,"href":"https:\/\/surgeryagency.com\/fr\/wp-json\/wp\/v2\/media\/2402"}],"wp:attachment":[{"href":"https:\/\/surgeryagency.com\/fr\/wp-json\/wp\/v2\/media?parent=2352"}],"wp:term":[{"taxonomy":"product_brand","embeddable":true,"href":"https:\/\/surgeryagency.com\/fr\/wp-json\/wp\/v2\/product_brand?post=2352"},{"taxonomy":"product_cat","embeddable":true,"href":"https:\/\/surgeryagency.com\/fr\/wp-json\/wp\/v2\/product_cat?post=2352"},{"taxonomy":"product_tag","embeddable":true,"href":"https:\/\/surgeryagency.com\/fr\/wp-json\/wp\/v2\/product_tag?post=2352"}],"curies":[{"name":"wp","href":"https:\/\/api.w.org\/{rel}","templated":true}]}}