{"id":2443,"date":"2023-02-21T11:33:30","date_gmt":"2023-02-21T11:33:30","guid":{"rendered":"https:\/\/surgeryagency.com\/?post_type=product&#038;p=2443"},"modified":"2023-02-21T11:33:30","modified_gmt":"2023-02-21T11:33:30","slug":"colectomy","status":"publish","type":"product","link":"https:\/\/surgeryagency.com\/fr\/produit\/colectomy\/","title":{"rendered":"Colectomie"},"content":{"rendered":"<p>Une colectomie est un type de chirurgie utilis\u00e9 pour traiter les maladies du c\u00f4lon. Ceux-ci incluent le cancer, les maladies inflammatoires ou la diverticulite. La chirurgie se fait en enlevant une partie du c\u00f4lon. Le c\u00f4lon fait partie du gros intestin. Lors du traitement du cancer, le chirurgien enl\u00e8ve souvent la partie du c\u00f4lon qui semble avoir un cancer. Il ou elle enl\u00e8vera \u00e9galement une autre petite partie de chaque c\u00f4t\u00e9 de la zone canc\u00e9reuse. Et il ou elle enl\u00e8vera quelques ganglions lymphatiques \u00e0 proximit\u00e9. Les parties restantes du c\u00f4lon sont ensuite attach\u00e9es les unes aux autres. Ou une ouverture vers l'ext\u00e9rieur du corps (stomie) est cr\u00e9\u00e9e. C'est ce qu'on appelle une colostomie.<\/p>\n<p>Une colectomie peut se faire de 2 fa\u00e7ons :<\/p>\n<p>Colectomie ouverte. Cela se fait par une longue incision verticale sur votre ventre.<\/p>\n<p>Colectomie assist\u00e9e par laparoscopie. Cela se fait avec de petites incisions. Une petite cam\u00e9ra vid\u00e9o est ins\u00e9r\u00e9e dans l'une des incisions. Ceci est fait pour aider le chirurgien \u00e0 voir le c\u00f4lon. Cette chirurgie peut \u00eatre un choix pour certains cancers. Les gens ont souvent moins de douleur et r\u00e9cup\u00e8rent plus rapidement gr\u00e2ce aux petites incisions.<\/p>\n<p class=\"translation-block\">Raisons de la proc\u00e9dure<br>\nUne colectomie est g\u00e9n\u00e9ralement pratiqu\u00e9e si le cancer du c\u00f4lon en est \u00e0 ses d\u00e9buts. Si le cancer a d\u00e9pass\u00e9 les stades pr\u00e9coces, une colectomie plus \u00e9tendue peut \u00eatre une option.<\/p>\n<p>Votre fournisseur de soins de sant\u00e9 vous conseillera une colectomie si votre \u00e9quipe m\u00e9dicale estime que cela vous donnera les meilleures chances de survie ou am\u00e9liorera votre qualit\u00e9 de vie.<\/p>\n<p class=\"translation-block\">Risques de la proc\u00e9dure<br>\nToute intervention chirurgicale comporte des risques. Discutez avec votre fournisseur de soins de sant\u00e9 avant la chirurgie si vous avez des inqui\u00e9tudes. Les risques d'une colectomie comprennent<\/p>\n<p>R\u00e9actions \u00e0 l'anesth\u00e9sie<\/p>\n<p>Caillots sanguins dans les jambes ou les poumons<\/p>\n<p>H\u00e9morragie interne<\/p>\n<p>Infection au site d'incision de la peau ou \u00e0 l'int\u00e9rieur du ventre<\/p>\n<p>Hernie<\/p>\n<p>Tissu cicatriciel (adh\u00e9rences) dans l'estomac, qui peut bloquer les intestins<\/p>\n<p>Une fuite o\u00f9 les intestins sont cousus ensemble<\/p>\n<p>Dommages aux organes voisins<\/p>\n<p class=\"translation-block\">Avant la proc\u00e9dure<br>\nAvant une colectomie, vous aurez besoin d'une \u00e9valuation compl\u00e8te par votre \u00e9quipe m\u00e9dicale. Ceci est fait pour stadifier votre cancer et planifier votre chirurgie. Cela peut inclure des radiographies sp\u00e9ciales, des tests sanguins et un \u00e9lectrocardiogramme. Vous pouvez avoir une coloscopie. Il s'agit d'une proc\u00e9dure pour regarder \u00e0 l'int\u00e9rieur de votre c\u00f4lon et de votre rectum. Cela se fait avec une lunette flexible et \u00e9clair\u00e9e et une petite cam\u00e9ra vid\u00e9o.<\/p>\n<p>Voici \u00e0 quoi s'attendre avant la chirurgie:<\/p>\n<p>Vos intestins doivent \u00eatre vides pour la chirurgie. Vous devrez apporter des modifications \u00e0 votre consommation d'aliments et de boissons les jours pr\u00e9c\u00e9dant la chirurgie. Suivez toutes les instructions de votre \u00e9quipe soignante.<\/p>\n<p>Vous devrez peut-\u00eatre faire une pr\u00e9paration intestinale 1 \u00e0 2 jours avant la proc\u00e9dure. Cela peut inclure un laxatif et des lavements pour nettoyer l'intestin.<\/p>\n<p>On peut vous dire de ne boire que des liquides clairs ou du bouillon la veille de la chirurgie. On peut \u00e9galement vous dire de ne rien manger ni boire jusqu'\u00e0 12 heures avant l'intervention.<\/p>\n<p>Vous devrez peut-\u00eatre arr\u00eater de prendre certains m\u00e9dicaments dans la semaine pr\u00e9c\u00e9dant la chirurgie. Cela inclut tous les m\u00e9dicaments qui fluidifient le sang.<\/p>\n<p>Votre fournisseur de soins de sant\u00e9 peut vous donner d'autres instructions.<\/p>\n<p class=\"translation-block\">Pendant la proc\u00e9dure<br>\nVoici \u00e0 quoi s'attendre pendant la chirurgie:<\/p>\n<p>Vous aurez une anesth\u00e9sie g\u00e9n\u00e9rale pour la chirurgie. C'est un m\u00e9dicament qui vous fait dormir pendant la proc\u00e9dure.<\/p>\n<p>Pour une colectomie ouverte, le chirurgien fera une longue incision (incision) sur votre ventre. Pour une colectomie assist\u00e9e par laparoscopie, il ou elle fera plusieurs petites incisions.<\/p>\n<p>Le chirurgien enl\u00e8vera une partie de votre c\u00f4lon.<\/p>\n<p>Les 2 extr\u00e9mit\u00e9s ouvertes du c\u00f4lon seront attach\u00e9es. Ou une stomie sera cr\u00e9\u00e9e.<\/p>\n<p>Les ganglions lymphatiques pr\u00e8s du site du cancer seront retir\u00e9s. Les chirurgiens enl\u00e8vent souvent au moins 12 de ces ganglions lymphatiques.<\/p>\n<p>Une fois l'intervention chirurgicale termin\u00e9e, l'incision est referm\u00e9e.<\/p>\n<p class=\"translation-block\">Apr\u00e8s la proc\u00e9dure<br>\nVous serez probablement hospitalis\u00e9 pendant 3 \u00e0 7 jours. Vous devrez probablement aussi prendre des analg\u00e9siques pendant plusieurs jours. Vous pouvez \u00eatre autoris\u00e9 \u00e0 boire quelques liquides pendant que votre c\u00f4lon commence \u00e0 se r\u00e9tablir.<\/p>\n<p>Apr\u00e8s quelques jours, vous pourrez peut-\u00eatre \u00e0 nouveau manger des aliments solides. Votre fournisseur de soins de sant\u00e9 planifiera des rendez-vous de suivi pour v\u00e9rifier vos progr\u00e8s.<\/p>\n<p>Avant de quitter l'h\u00f4pital, assurez-vous de conna\u00eetre les probl\u00e8mes ou les effets secondaires \u00e0 surveiller. Surveillez vos plaies pour des signes de probl\u00e8mes, comme un gonflement. Demandez quel num\u00e9ro appeler si vous avez des probl\u00e8mes.<\/p>\n<p class=\"translation-block\">Quand appeler votre fournisseur de soins de sant\u00e9<br>\nAppelez votre fournisseur de soins de sant\u00e9 si vous avez l'un des \u00e9l\u00e9ments ci-dessous\u00a0:<\/p>\n<p>Fi\u00e8vre de 100,4\u00a0\u00b0F (38\u00a0\u00b0C) ou plus, ou selon les directives de votre fournisseur de soins de sant\u00e9<\/p>\n<p>Gonflement, rougeur, saignement ou fuite de liquide de l'incision<\/p>\n<p>Douleur qui s'aggrave<\/p>\n<p>Essoufflement<\/p>","protected":false},"excerpt":{"rendered":"<p>CE QU'IL FAUT SAVOIR<\/p>","protected":false},"featured_media":2444,"comment_status":"open","ping_status":"closed","template":"","meta":[],"product_brand":[],"product_cat":[61],"product_tag":[],"class_list":{"0":"post-2443","1":"product","2":"type-product","3":"status-publish","4":"has-post-thumbnail","6":"product_cat-visceral-surgery","8":"first","9":"instock","10":"shipping-taxable","11":"product-type-simple"},"_links":{"self":[{"href":"https:\/\/surgeryagency.com\/fr\/wp-json\/wp\/v2\/product\/2443","targetHints":{"allow":["GET"]}}],"collection":[{"href":"https:\/\/surgeryagency.com\/fr\/wp-json\/wp\/v2\/product"}],"about":[{"href":"https:\/\/surgeryagency.com\/fr\/wp-json\/wp\/v2\/types\/product"}],"replies":[{"embeddable":true,"href":"https:\/\/surgeryagency.com\/fr\/wp-json\/wp\/v2\/comments?post=2443"}],"wp:featuredmedia":[{"embeddable":true,"href":"https:\/\/surgeryagency.com\/fr\/wp-json\/wp\/v2\/media\/2444"}],"wp:attachment":[{"href":"https:\/\/surgeryagency.com\/fr\/wp-json\/wp\/v2\/media?parent=2443"}],"wp:term":[{"taxonomy":"product_brand","embeddable":true,"href":"https:\/\/surgeryagency.com\/fr\/wp-json\/wp\/v2\/product_brand?post=2443"},{"taxonomy":"product_cat","embeddable":true,"href":"https:\/\/surgeryagency.com\/fr\/wp-json\/wp\/v2\/product_cat?post=2443"},{"taxonomy":"product_tag","embeddable":true,"href":"https:\/\/surgeryagency.com\/fr\/wp-json\/wp\/v2\/product_tag?post=2443"}],"curies":[{"name":"wp","href":"https:\/\/api.w.org\/{rel}","templated":true}]}}