{"id":2446,"date":"2023-02-21T11:47:43","date_gmt":"2023-02-21T11:47:43","guid":{"rendered":"https:\/\/surgeryagency.com\/?post_type=product&#038;p=2446"},"modified":"2023-05-19T19:59:59","modified_gmt":"2023-05-19T19:59:59","slug":"cholecystectomy-surgery","status":"publish","type":"product","link":"https:\/\/surgeryagency.com\/fr\/produit\/cholecystectomy-surgery\/","title":{"rendered":"chirurgie de chol\u00e9cystectomie"},"content":{"rendered":"<p>La chirurgie d'ablation de la v\u00e9sicule biliaire, \u00e9galement connue sous le nom de chol\u00e9cystectomie, est une proc\u00e9dure tr\u00e8s courante.<\/p>\n<p>La v\u00e9sicule biliaire est un petit organe en forme de poche situ\u00e9 dans la partie sup\u00e9rieure droite de votre ventre.<\/p>\n<p>Il stocke la bile, un liquide produit par le foie qui aide \u00e0 d\u00e9composer les aliments gras.<\/p>\n<p>Vous n'avez pas besoin d'une v\u00e9sicule biliaire, donc une intervention chirurgicale pour l'enlever est souvent recommand\u00e9e si vous d\u00e9veloppez des probl\u00e8mes avec elle.<\/p>\n<p>Pourquoi ma v\u00e9sicule biliaire doit-elle \u00eatre retir\u00e9e ?<br \/>\nLa chirurgie pour enlever la v\u00e9sicule biliaire est g\u00e9n\u00e9ralement effectu\u00e9e si vous avez des calculs biliaires douloureux.<\/p>\n<p>Ce sont de petites pierres qui peuvent se former dans la v\u00e9sicule biliaire \u00e0 la suite d'un d\u00e9s\u00e9quilibre des substances qui composent la bile.<\/p>\n<p>Les calculs biliaires ne provoquent souvent aucun sympt\u00f4me et vous ne r\u00e9alisez peut-\u00eatre pas que vous en avez, mais ils peuvent parfois bloquer l'\u00e9coulement de la bile et irriter la v\u00e9sicule biliaire (chol\u00e9cystite aigu\u00eb) ou le pancr\u00e9as (pancr\u00e9atite aigu\u00eb).<\/p>\n<p>Cela peut provoquer des sympt\u00f4mes tels que :<\/p>\n<p class=\"translation-block\">douleurs abdominales soudaines et intenses<br>\nse sentir malade et \u00eatre malade<br>\njaunissement de la peau et du blanc des yeux (jaunisse)<br>\nLa chirurgie pour enlever la v\u00e9sicule biliaire est le traitement le plus efficace dans la grande majorit\u00e9 des cas.<\/p>\n<p class=\"translation-block\">Que se passe-t-il pendant la chirurgie d'ablation de la v\u00e9sicule biliaire<br>\nIl existe 2 fa\u00e7ons principales d'enlever une v\u00e9sicule biliaire :<\/p>\n<p class=\"translation-block\">chol\u00e9cystectomie laparoscopique (trou de serrure) - plusieurs petites coupures (incisions) sont pratiqu\u00e9es dans votre ventre (abdomen) et de fins instruments chirurgicaux sont utilis\u00e9s pour acc\u00e9der et retirer votre v\u00e9sicule biliaire<br>\nchol\u00e9cystectomie ouverte - une seule incision plus large est pratiqu\u00e9e dans votre ventre pour acc\u00e9der \u00e0 votre v\u00e9sicule biliaire et la retirer<br>\nLa chirurgie en trou de serrure est utilis\u00e9e le plus souvent parce que vous pouvez quitter l'h\u00f4pital plus t\u00f4t, r\u00e9cup\u00e9rer plus rapidement et vous retrouver avec des cicatrices plus petites qu'avec une proc\u00e9dure ouverte.<\/p>\n<p>Les deux techniques sont r\u00e9alis\u00e9es sous anesth\u00e9sie g\u00e9n\u00e9rale, ce qui signifie que vous serez endormi pendant l'op\u00e9ration et que vous ne ressentirez aucune douleur pendant son ex\u00e9cution.<\/p>\n<p>En savoir plus sur la fa\u00e7on dont la chirurgie d'ablation de la v\u00e9sicule biliaire est effectu\u00e9e<\/p>\n<p class=\"translation-block\">Se remettre d'une chirurgie d'ablation de la v\u00e9sicule biliaire<br>\nIl ne faut g\u00e9n\u00e9ralement pas longtemps pour se remettre d'une chirurgie en trou de serrure pour retirer votre v\u00e9sicule biliaire.<\/p>\n<p>La plupart des gens peuvent quitter l'h\u00f4pital le jour m\u00eame ou le lendemain matin.<\/p>\n<p>Vous pourrez probablement reprendre la plupart de vos activit\u00e9s normales dans les 2 semaines.<\/p>\n<p>Il faut plus de temps pour r\u00e9cup\u00e9rer d'une chirurgie ouverte. Vous devrez peut-\u00eatre rester \u00e0 l'h\u00f4pital pendant 3 \u00e0 5 jours et il peut s'\u00e9couler 6 \u00e0 8 semaines avant que vous ne vous sentiez de nouveau \u00e0 la normale.<\/p>\n<p>En savoir plus sur la r\u00e9cup\u00e9ration apr\u00e8s une chirurgie d'ablation de la v\u00e9sicule biliaire<\/p>\n<p class=\"translation-block\">Vivre sans v\u00e9sicule biliaire<br>\nVous pouvez mener une vie parfaitement normale sans v\u00e9sicule biliaire.<\/p>\n<p>Votre foie produira toujours suffisamment de bile pour dig\u00e9rer votre nourriture, mais au lieu d'\u00eatre stock\u00e9e dans la v\u00e9sicule biliaire, elle s'\u00e9coule continuellement dans votre syst\u00e8me digestif.<\/p>\n<p>On vous a peut-\u00eatre conseill\u00e9 de suivre un r\u00e9gime alimentaire sp\u00e9cial avant la chirurgie, mais cela n'a pas besoin d'\u00eatre poursuivi apr\u00e8s.<\/p>\n<p>Au lieu de cela, vous devriez viser \u00e0 avoir une alimentation g\u00e9n\u00e9ralement saine et \u00e9quilibr\u00e9e.<\/p>\n<p>Certaines personnes \u00e9prouvent des probl\u00e8mes tels que des ballonnements ou de la diarrh\u00e9e apr\u00e8s la chirurgie, bien que cela s'am\u00e9liore g\u00e9n\u00e9ralement en quelques semaines.<\/p>\n<p>Si vous remarquez que certains aliments ou boissons d\u00e9clenchent ces sympt\u00f4mes, vous voudrez peut-\u00eatre les \u00e9viter \u00e0 l'avenir.<\/p>","protected":false},"excerpt":{"rendered":"<p>CE QU'IL FAUT SAVOIR<\/p>","protected":false},"featured_media":2447,"comment_status":"open","ping_status":"closed","template":"","meta":[],"product_brand":[],"product_cat":[61],"product_tag":[],"class_list":{"0":"post-2446","1":"product","2":"type-product","3":"status-publish","4":"has-post-thumbnail","6":"product_cat-visceral-surgery","8":"first","9":"instock","10":"shipping-taxable","11":"product-type-simple"},"_links":{"self":[{"href":"https:\/\/surgeryagency.com\/fr\/wp-json\/wp\/v2\/product\/2446","targetHints":{"allow":["GET"]}}],"collection":[{"href":"https:\/\/surgeryagency.com\/fr\/wp-json\/wp\/v2\/product"}],"about":[{"href":"https:\/\/surgeryagency.com\/fr\/wp-json\/wp\/v2\/types\/product"}],"replies":[{"embeddable":true,"href":"https:\/\/surgeryagency.com\/fr\/wp-json\/wp\/v2\/comments?post=2446"}],"wp:featuredmedia":[{"embeddable":true,"href":"https:\/\/surgeryagency.com\/fr\/wp-json\/wp\/v2\/media\/2447"}],"wp:attachment":[{"href":"https:\/\/surgeryagency.com\/fr\/wp-json\/wp\/v2\/media?parent=2446"}],"wp:term":[{"taxonomy":"product_brand","embeddable":true,"href":"https:\/\/surgeryagency.com\/fr\/wp-json\/wp\/v2\/product_brand?post=2446"},{"taxonomy":"product_cat","embeddable":true,"href":"https:\/\/surgeryagency.com\/fr\/wp-json\/wp\/v2\/product_cat?post=2446"},{"taxonomy":"product_tag","embeddable":true,"href":"https:\/\/surgeryagency.com\/fr\/wp-json\/wp\/v2\/product_tag?post=2446"}],"curies":[{"name":"wp","href":"https:\/\/api.w.org\/{rel}","templated":true}]}}