{"id":2449,"date":"2023-02-21T12:51:55","date_gmt":"2023-02-21T12:51:55","guid":{"rendered":"https:\/\/surgeryagency.com\/?post_type=product&#038;p=2449"},"modified":"2023-05-19T19:02:22","modified_gmt":"2023-05-19T19:02:22","slug":"cataract-surgery","status":"publish","type":"product","link":"https:\/\/surgeryagency.com\/fr\/produit\/cataract-surgery\/","title":{"rendered":"Op\u00e9ration de la cataracte"},"content":{"rendered":"<p>La chirurgie de la cataracte consiste \u00e0 remplacer le cristallin opaque \u00e0 l'int\u00e9rieur de l'\u0153il par un cristallin artificiel.<\/p>\n<p>Il a un taux de r\u00e9ussite \u00e9lev\u00e9 dans l'am\u00e9lioration de votre vue.<\/p>\n<p>Cela peut prendre de 2 \u00e0 6 semaines pour se remettre compl\u00e8tement d'une chirurgie de la cataracte.<\/p>\n<p class=\"translation-block\">Que sont les cataractes\u00a0?<br>\nLes cataractes se produisent lorsque le cristallin de votre \u0153il, un petit disque transparent, d\u00e9veloppe des plaques nuageuses.<\/p>\n<p>Lorsque nous sommes jeunes, nos lentilles sont g\u00e9n\u00e9ralement comme du verre transparent, ce qui nous permet de voir \u00e0 travers elles.<\/p>\n<p>\u00c0 mesure que nous vieillissons, ils commencent \u00e0 devenir givr\u00e9s, comme le verre d'une salle de bain, et commencent \u00e0 limiter notre vision.<\/p>\n<p>Les cataractes affectent le plus souvent les adultes en raison du vieillissement.<\/p>\n<p>En savoir plus sur les cataractes li\u00e9es \u00e0 l'\u00e2ge<\/p>\n<p class=\"translation-block\">Avez-vous besoin d'une intervention chirurgicale\u00a0?<br>\nSi vous avez des cataractes, c'est votre d\u00e9cision d'aller de l'avant ou non avec la chirurgie de la cataracte.<\/p>\n<p>Les cataractes s'aggravent g\u00e9n\u00e9ralement lentement avec le temps. La chirurgie pour remplacer le cristallin trouble est le seul moyen d'am\u00e9liorer votre vue.<\/p>\n<p>La chirurgie est g\u00e9n\u00e9ralement propos\u00e9e par le NHS si vos cataractes affectent votre vue et votre qualit\u00e9 de vie.<\/p>\n<p>La d\u00e9cision de subir une intervention chirurgicale ne doit pas \u00eatre bas\u00e9e uniquement sur les r\u00e9sultats de votre test oculaire (acuit\u00e9 visuelle).<\/p>\n<p>Vous pouvez avoir d'autres raisons personnelles de d\u00e9cider de subir une intervention chirurgicale, telles que vos activit\u00e9s quotidiennes, vos passe-temps et vos int\u00e9r\u00eats.<\/p>\n<p>Vous pouvez choisir de diff\u00e9rer la chirurgie pendant un certain temps et d'avoir des contr\u00f4les r\u00e9guliers pour surveiller la situation.<\/p>\n<p>Il n'y a pas de m\u00e9dicaments ou de gouttes pour les yeux qui ont fait leurs preuves pour am\u00e9liorer les cataractes ou les emp\u00eacher de s'aggraver.<\/p>\n<p class=\"translation-block\">Avant l'op\u00e9ration<br>\nAvant la chirurgie, vous serez r\u00e9f\u00e9r\u00e9 \u00e0 un sp\u00e9cialiste de la vue pour une \u00e9valuation.<\/p>\n<p>Au cours de l'\u00e9valuation, diff\u00e9rentes mesures seront prises de vos yeux et de votre vue.<\/p>\n<p>L'\u00e9valuation est l'occasion de discuter de tout ce qui concerne votre exploitation, notamment\u00a0:<\/p>\n<p class=\"translation-block\">vos pr\u00e9f\u00e9rences d'objectif, telles que la vue de pr\u00e8s ou la longue vue<br>\nles risques et les avantages de la chirurgie<br>\nsi vous aurez besoin de lunettes apr\u00e8s la chirurgie<br>\ncombien de temps vous faudra-t-il pour r\u00e9cup\u00e9rer compl\u00e8tement<br>\nSi vous avez l'habitude d'utiliser 1 \u0153il pour la distance et 1 pour la lecture, ce qui s'appelle la monovision, vous pouvez demander \u00e0 rester ainsi.<\/p>\n<p>Cela signifie g\u00e9n\u00e9ralement que vous obtiendrez une lentille de vision de pr\u00e8s dans 1 \u0153il et une lentille de longue vue dans l'autre \u0153il.<\/p>\n<p class=\"translation-block\">L'op\u00e9ration<br>\nLa chirurgie de la cataracte est une proc\u00e9dure simple qui prend g\u00e9n\u00e9ralement de 30 \u00e0 45 minutes.<\/p>\n<p>Elle est souvent pratiqu\u00e9e en chirurgie d'un jour sous anesth\u00e9sie locale et vous devriez pouvoir rentrer chez vous le jour m\u00eame.<\/p>\n<p>Pendant l'op\u00e9ration, le chirurgien fera une petite incision dans votre \u0153il pour retirer la lentille trouble et la remplacer par une lentille en plastique transparent.<\/p>\n<p>Avec le NHS, on vous proposera g\u00e9n\u00e9ralement des lentilles monofocales, qui ont un seul point de focalisation. Cela signifie que l'objectif sera fix\u00e9 pour la vision de pr\u00e8s ou de loin, mais pas les deux.<\/p>\n<p>Si vous optez pour le priv\u00e9, vous pourrez peut-\u00eatre choisir une lentille multifocale ou une lentille accommodante, qui permettent \u00e0 l'\u0153il de se concentrer sur des objets proches et distants.<\/p>\n<p>La plupart des gens devront porter des lunettes pour certaines t\u00e2ches, comme la lecture, apr\u00e8s la chirurgie, quel que soit le type de lentille qu'ils ont install\u00e9.<\/p>\n<p>Si vous avez des cataractes aux deux yeux, il peut \u00eatre recommand\u00e9 de traiter les deux yeux le m\u00eame jour. Cette proc\u00e9dure est connue sous le nom de chirurgie bilat\u00e9rale s\u00e9quentielle imm\u00e9diate de la cataracte (ISBCS). L'ISBCS n'est g\u00e9n\u00e9ralement recommand\u00e9 que pour les personnes consid\u00e9r\u00e9es comme pr\u00e9sentant un faible risque de complications. Le chirurgien en discutera avec vous si c'est une option.<\/p>\n<p>Sinon, la chirurgie se fait \u00e0 6 \u00e0 12 semaines d'intervalle pour permettre la r\u00e9cup\u00e9ration un \u0153il \u00e0 la fois.<\/p>\n<p>En savoir plus sur la r\u00e9cup\u00e9ration apr\u00e8s une op\u00e9ration de la cataracte<\/p>\n<p class=\"translation-block\">Avantages de la chirurgie<br>\nApr\u00e8s une chirurgie de la cataracte, vous devriez pouvoir :<\/p>\n<p class=\"translation-block\">voir les choses au point<br>\nregarder les lumi\u00e8res vives et ne pas voir autant d'\u00e9blouissement<br>\nfaire la diff\u00e9rence entre les couleurs<br>\nSi vous souffrez d'une autre affection oculaire, comme le diab\u00e8te ou le glaucome, il se peut que vous ayez encore une vision limit\u00e9e, m\u00eame apr\u00e8s une intervention chirurgicale r\u00e9ussie.<\/p>\n<p class=\"translation-block\">Risques de la chirurgie<br>\nLe risque de d\u00e9velopper des complications graves \u00e0 la suite d'une chirurgie de la cataracte est estim\u00e9 \u00e0 environ 1 cas sur 50.<\/p>\n<p>Ceux-ci peuvent inclure :<\/p>\n<p class=\"translation-block\">vision floue<br>\nune certaine perte de vision<br>\nr\u00e9tine d\u00e9tach\u00e9e - o\u00f9 la fine couche \u00e0 l'arri\u00e8re de votre \u0153il (r\u00e9tine) se d\u00e9tache<br>\nLa plupart de ces complications graves peuvent \u00eatre trait\u00e9es avec des m\u00e9dicaments ou une nouvelle intervention chirurgicale.<\/p>\n<p>Il existe un tr\u00e8s faible risque - environ 1 sur 1 000 - de perte permanente de la vue dans l'\u0153il trait\u00e9 en cons\u00e9quence directe de l'op\u00e9ration.<\/p>","protected":false},"excerpt":{"rendered":"<p>CE QU'IL FAUT SAVOIR<\/p>","protected":false},"featured_media":2450,"comment_status":"open","ping_status":"closed","template":"","meta":[],"product_brand":[],"product_cat":[66,15],"product_tag":[],"class_list":{"0":"post-2449","1":"product","2":"type-product","3":"status-publish","4":"has-post-thumbnail","6":"product_cat-dav","7":"product_cat-uncategorized","9":"first","10":"instock","11":"shipping-taxable","12":"purchasable","13":"product-type-simple"},"_links":{"self":[{"href":"https:\/\/surgeryagency.com\/fr\/wp-json\/wp\/v2\/product\/2449","targetHints":{"allow":["GET"]}}],"collection":[{"href":"https:\/\/surgeryagency.com\/fr\/wp-json\/wp\/v2\/product"}],"about":[{"href":"https:\/\/surgeryagency.com\/fr\/wp-json\/wp\/v2\/types\/product"}],"replies":[{"embeddable":true,"href":"https:\/\/surgeryagency.com\/fr\/wp-json\/wp\/v2\/comments?post=2449"}],"wp:featuredmedia":[{"embeddable":true,"href":"https:\/\/surgeryagency.com\/fr\/wp-json\/wp\/v2\/media\/2450"}],"wp:attachment":[{"href":"https:\/\/surgeryagency.com\/fr\/wp-json\/wp\/v2\/media?parent=2449"}],"wp:term":[{"taxonomy":"product_brand","embeddable":true,"href":"https:\/\/surgeryagency.com\/fr\/wp-json\/wp\/v2\/product_brand?post=2449"},{"taxonomy":"product_cat","embeddable":true,"href":"https:\/\/surgeryagency.com\/fr\/wp-json\/wp\/v2\/product_cat?post=2449"},{"taxonomy":"product_tag","embeddable":true,"href":"https:\/\/surgeryagency.com\/fr\/wp-json\/wp\/v2\/product_tag?post=2449"}],"curies":[{"name":"wp","href":"https:\/\/api.w.org\/{rel}","templated":true}]}}