{"id":2451,"date":"2023-02-21T13:02:03","date_gmt":"2023-02-21T13:02:03","guid":{"rendered":"https:\/\/surgeryagency.com\/?post_type=product&#038;p=2451"},"modified":"2023-02-21T15:42:24","modified_gmt":"2023-02-21T15:42:24","slug":"myopia-surgery","status":"publish","type":"product","link":"https:\/\/surgeryagency.com\/fr\/produit\/myopia-surgery\/","title":{"rendered":"Chirurgie de la myopie"},"content":{"rendered":"<p dir=\"ltr\">La myopie ou la myopie survient si le globe oculaire est trop long et\/ou si la corn\u00e9e est trop courb\u00e9e. En cons\u00e9quence, la lumi\u00e8re se concentre devant la r\u00e9tine, ce qui rend les objets distants flous. Les personnes atteintes de myopie ont une vision \u00e0 long terme diminu\u00e9e et repr\u00e9sentent environ 20% des adultes en France.<\/p>\n<p dir=\"ltr\">Si elles ne sont pas op\u00e9r\u00e9es, les personnes myopes conserveront toujours leur vision de pr\u00e8s non corrig\u00e9e, m\u00eame vers l'\u00e2ge o\u00f9 la plupart souffrent de presbytie.<\/p>\n<p dir=\"ltr\">Plusieurs proc\u00e9dures chirurgicales sont disponibles. Si vous avez plus de 40 ans, vous pouvez b\u00e9n\u00e9ficier d'une intervention combin\u00e9e qui peut simultan\u00e9ment corriger la presbytie (pour en savoir plus sur la presbytie, veuillez vous r\u00e9f\u00e9rer au chapitre presbytie).<\/p>\n<p dir=\"ltr\" class=\"translation-block\">2\/ LASIK (LASER ASSISTED IN SITU KERATOMILEUSIS)<br>\nLe LASIK est une technique mixte combinant deux lasers, un laser femtoseconde suivi d'un laser excimer.<\/p>\n<p dir=\"ltr\" class=\"translation-block\">3\/ PRK (PHOTO-K\u00c9RATECTOMIE R\u00c9FRACTIVE)<br>\nLa proc\u00e9dure est \u00e0 peu pr\u00e8s la m\u00eame mais au lieu de cr\u00e9er un volet \u00e0 l'int\u00e9rieur de la corn\u00e9e, l'\u00e9nergie du faisceau d'excim\u00e8re est d\u00e9livr\u00e9e au-dessus de la surface corn\u00e9enne apr\u00e8s que sa couche superficielle (\u00e9pith\u00e9lium) a \u00e9t\u00e9 pel\u00e9e.<\/p>\n<p dir=\"ltr\" class=\"translation-block\">4\/ \u00c9PILASIK<br>\nCette technique combine la chirurgie et le laser excimer, et vise \u00e0 soigner les formes plus fortes de myopie qui ne peuvent pas \u00eatre trait\u00e9es par LASIK. Le volet corn\u00e9en est plus fin que celui n\u00e9cessaire \u00e0 la chirurgie LASIK. Cette technique, destin\u00e9e aux corn\u00e9es fines, est en fait tr\u00e8s proche de la PRK en termes de proc\u00e9dure elle-m\u00eame et de d\u00e9lai de r\u00e9cup\u00e9ration visuelle.<\/p>\n<p dir=\"ltr\" class=\"translation-block\">5\/ SOURIRE (EXTRACTION DE LENTICULE PAR PETITE INCISION)<br>\nSMILE est une alternative au LASIK pour soigner la myopie de 4 \u00e0 10 dioptries et est particuli\u00e8rement recommand\u00e9e pour les patients ayant des corn\u00e9es plus fines ou pour ceux qui pratiquent des sports de combat comme la boxe.<\/p>\n<p dir=\"ltr\">L'intervention chirurgicale est r\u00e9alis\u00e9e avec un laser femtoseconde Visumax\u00ae d\u00e9velopp\u00e9 par Carl Zeiss Meditec\u00ae. Le chirurgien applique deux fois le faisceau laser, chaque application \u00e9tant s\u00e9par\u00e9e par une \u00e9paisseur proportionnelle \u00e0 l'effet de r\u00e9fraction recherch\u00e9. Le stroma corn\u00e9en est ainsi coup\u00e9 et extrait manuellement par une incision de 3,5 \u00e0 4 mm. Cette technique n\u00e9cessite une certaine habilet\u00e9 chirurgicale.<\/p>\n<p dir=\"ltr\" class=\"translation-block\">6\/ LENTILLES INTRA OCULAIRES<br>\nLa myopie de haut degr\u00e9 peut \u00eatre trait\u00e9e \u00e0 l'aide d'implants intraoculaires. La proc\u00e9dure consiste \u00e0 placer une lentille suppl\u00e9mentaire soit \u00e0 l'int\u00e9rieur de l'\u0153il devant le cristallin humain afin de corriger l'erreur de r\u00e9fraction. La puissance de l'implant est choisie en fonction de la correction souhait\u00e9e, et la pr\u00e9cision du r\u00e9sultat est excellente. La taille et la puissance de l'implant sont d\u00e9termin\u00e9es sur une base personnalis\u00e9e, en fonction des mesures pr\u00e9op\u00e9ratoires.<\/p>\n<p dir=\"ltr\">L'intervention se d\u00e9roule sous anesth\u00e9sie locale (par gouttes) en ambulatoire, et d\u00e9passe rarement une heure pour les deux yeux. La r\u00e9cup\u00e9ration visuelle est tr\u00e8s rapide, comme le LASIK, d\u00e9passant rarement 24 heures, et permet au patient de reprendre une vie normale d\u00e8s le lendemain de l'intervention. L'avantage de cette technique est aussi sa r\u00e9versibilit\u00e9, ainsi que la possibilit\u00e9 de recourir, si n\u00e9cessaire, \u00e0 un autre type de chirurgie plusieurs ann\u00e9es plus tard.<\/p>","protected":false},"excerpt":{"rendered":"<p>CE QU'IL FAUT SAVOIR<\/p>","protected":false},"featured_media":2452,"comment_status":"open","ping_status":"closed","template":"","meta":[],"product_brand":[],"product_cat":[15],"product_tag":[],"class_list":{"0":"post-2451","1":"product","2":"type-product","3":"status-publish","4":"has-post-thumbnail","6":"product_cat-uncategorized","8":"first","9":"instock","10":"shipping-taxable","11":"product-type-simple"},"_links":{"self":[{"href":"https:\/\/surgeryagency.com\/fr\/wp-json\/wp\/v2\/product\/2451","targetHints":{"allow":["GET"]}}],"collection":[{"href":"https:\/\/surgeryagency.com\/fr\/wp-json\/wp\/v2\/product"}],"about":[{"href":"https:\/\/surgeryagency.com\/fr\/wp-json\/wp\/v2\/types\/product"}],"replies":[{"embeddable":true,"href":"https:\/\/surgeryagency.com\/fr\/wp-json\/wp\/v2\/comments?post=2451"}],"wp:featuredmedia":[{"embeddable":true,"href":"https:\/\/surgeryagency.com\/fr\/wp-json\/wp\/v2\/media\/2452"}],"wp:attachment":[{"href":"https:\/\/surgeryagency.com\/fr\/wp-json\/wp\/v2\/media?parent=2451"}],"wp:term":[{"taxonomy":"product_brand","embeddable":true,"href":"https:\/\/surgeryagency.com\/fr\/wp-json\/wp\/v2\/product_brand?post=2451"},{"taxonomy":"product_cat","embeddable":true,"href":"https:\/\/surgeryagency.com\/fr\/wp-json\/wp\/v2\/product_cat?post=2451"},{"taxonomy":"product_tag","embeddable":true,"href":"https:\/\/surgeryagency.com\/fr\/wp-json\/wp\/v2\/product_tag?post=2451"}],"curies":[{"name":"wp","href":"https:\/\/api.w.org\/{rel}","templated":true}]}}