{"id":2455,"date":"2023-02-21T13:20:28","date_gmt":"2023-02-21T13:20:28","guid":{"rendered":"https:\/\/surgeryagency.com\/?post_type=product&#038;p=2455"},"modified":"2023-02-21T13:20:28","modified_gmt":"2023-02-21T13:20:28","slug":"endoscopic-bladder-resection","status":"publish","type":"product","link":"https:\/\/surgeryagency.com\/fr\/produit\/endoscopic-bladder-resection\/","title":{"rendered":"R\u00e9section endoscopique de la vessie"},"content":{"rendered":"<p>La plupart des personnes atteintes d'un cancer de la vessie non invasif sur le plan musculaire subissent une op\u00e9ration appel\u00e9e r\u00e9section transur\u00e9trale d'une tumeur de la vessie (TURBT). Cela se fait sous anesth\u00e9sie g\u00e9n\u00e9rale \u00e0 l'aide d'un cystoscope rigide. Un TURBT prend 15 \u00e0 40 minutes et n'implique aucune coupure \u00e0 l'ext\u00e9rieur du corps.<\/p>\n<p>En savoir plus sur:<\/p>\n<p class=\"translation-block\">Comment se d\u00e9roule la chirurgie<br>\n\u00c0 quoi s'attendre apr\u00e8s un TURBT<br>\nExamens apr\u00e8s la chirurgie<br>\nComment se d\u00e9roule la chirurgie<\/p>\n<p>Le cystoscope rigide est pass\u00e9 \u00e0 travers l'ur\u00e8tre dans la vessie afin que le chirurgien puisse voir l'int\u00e9rieur de votre vessie sur un moniteur. Le chirurgien peut retirer la tumeur par l'ur\u00e8tre \u00e0 l'aide d'une boucle m\u00e9tallique \u00e0 l'extr\u00e9mit\u00e9 du cystoscope. D'autres m\u00e9thodes pour d\u00e9truire les cellules canc\u00e9reuses consistent \u00e0 br\u00fbler la base de la tumeur avec un courant \u00e9lectrique (fulguration) ou un laser \u00e0 haute \u00e9nergie.<\/p>\n<p>Si le cancer s'est propag\u00e9 \u00e0 la lamina propria ou est de haut grade, vous aurez peut-\u00eatre besoin d'un deuxi\u00e8me TURBT 2 \u00e0 6 semaines apr\u00e8s la premi\u00e8re proc\u00e9dure pour vous assurer que toutes les cellules canc\u00e9reuses sont \u00e9limin\u00e9es. Si le cancer r\u00e9appara\u00eet apr\u00e8s le traitement initial, votre chirurgien peut faire une autre TURBT ou sugg\u00e9rer de retirer la vessie lors d'une op\u00e9ration connue sous le nom de cystectomie.<\/p>\n<p>Pour en savoir plus, consultez notre section g\u00e9n\u00e9rale sur la chirurgie.<\/p>\n<p class=\"translation-block\">\u00c0 quoi s'attendre apr\u00e8s un TURBT<br>\nLa plupart des personnes qui ont une TURBT restent \u00e0 l'h\u00f4pital pendant 1 \u00e0 2 jours. Votre corps a besoin de temps pour gu\u00e9rir apr\u00e8s la chirurgie.<\/p>\n<p class=\"translation-block\">Avoir un cath\u00e9ter<br>\nVous pouvez avoir un tube mince et flexible (cath\u00e9ter) dans votre vessie pour drainer votre urine dans un sac. Le cath\u00e9ter peut \u00eatre reli\u00e9 \u00e0 un syst\u00e8me qui \u00e9limine le sang et les caillots sanguins de votre vessie. C'est ce qu'on appelle l'irrigation de la vessie. Lorsque votre urine sera claire, le cath\u00e9ter sera retir\u00e9 et vous pourrez rentrer chez vous. Si la tumeur est petite, il se peut qu'un cath\u00e9ter ne soit pas n\u00e9cessaire et que vous puissiez sortir de l'h\u00f4pital le m\u00eame jour.<\/p>\n<p class=\"translation-block\">Effets secondaires<br>\nLes effets secondaires peuvent inclure du sang dans les urines, un besoin d'uriner plus souvent et des infections de la vessie. Il est normal de voir du sang dans vos urines jusqu'\u00e0 deux semaines. Votre m\u00e9decin peut vous prescrire des antibiotiques pour pr\u00e9venir l'infection.<\/p>\n<p class=\"translation-block\">Flushing the bladder<br>\r\nIt is important to keep drinking lots of water to flush the bladder and keep the urine clear.<\/p>\n<p class=\"translation-block\">Temps de r\u00e9cup\u00e9ration<br>\nLorsque vous rentrez chez vous, \u00e9vitez de soulever des objets lourds, de faire des exercices vigoureux ou des activit\u00e9s sexuelles pendant 3 \u00e0 4 semaines.<\/p>\n<p class=\"translation-block\">Quand demander de l'aide<br>\nContactez rapidement votre \u00e9quipe m\u00e9dicale si vous\u00a0:<br>\navoir froid, frissonner, avoir chaud ou transpirer<br>\navoir des br\u00fblures ou des douleurs en urinant<br>\nbesoin d'uriner souvent et de toute urgence<br>\nfaire passer des caillots sanguins<br>\navoir de la difficult\u00e9 \u00e0 uriner.<\/p>","protected":false},"excerpt":{"rendered":"<p>CE QU'IL FAUT SAVOIR<\/p>","protected":false},"featured_media":2456,"comment_status":"open","ping_status":"closed","template":"","meta":[],"product_brand":[],"product_cat":[62],"product_tag":[],"class_list":{"0":"post-2455","1":"product","2":"type-product","3":"status-publish","4":"has-post-thumbnail","6":"product_cat-urology-surgery","8":"first","9":"instock","10":"shipping-taxable","11":"product-type-simple"},"_links":{"self":[{"href":"https:\/\/surgeryagency.com\/fr\/wp-json\/wp\/v2\/product\/2455","targetHints":{"allow":["GET"]}}],"collection":[{"href":"https:\/\/surgeryagency.com\/fr\/wp-json\/wp\/v2\/product"}],"about":[{"href":"https:\/\/surgeryagency.com\/fr\/wp-json\/wp\/v2\/types\/product"}],"replies":[{"embeddable":true,"href":"https:\/\/surgeryagency.com\/fr\/wp-json\/wp\/v2\/comments?post=2455"}],"wp:featuredmedia":[{"embeddable":true,"href":"https:\/\/surgeryagency.com\/fr\/wp-json\/wp\/v2\/media\/2456"}],"wp:attachment":[{"href":"https:\/\/surgeryagency.com\/fr\/wp-json\/wp\/v2\/media?parent=2455"}],"wp:term":[{"taxonomy":"product_brand","embeddable":true,"href":"https:\/\/surgeryagency.com\/fr\/wp-json\/wp\/v2\/product_brand?post=2455"},{"taxonomy":"product_cat","embeddable":true,"href":"https:\/\/surgeryagency.com\/fr\/wp-json\/wp\/v2\/product_cat?post=2455"},{"taxonomy":"product_tag","embeddable":true,"href":"https:\/\/surgeryagency.com\/fr\/wp-json\/wp\/v2\/product_tag?post=2455"}],"curies":[{"name":"wp","href":"https:\/\/api.w.org\/{rel}","templated":true}]}}