{"id":2472,"date":"2023-02-21T16:22:04","date_gmt":"2023-02-21T16:22:04","guid":{"rendered":"https:\/\/surgeryagency.com\/?post_type=product&#038;p=2472"},"modified":"2023-02-21T16:22:05","modified_gmt":"2023-02-21T16:22:05","slug":"mitral-valve-replacement-mitral-repair","status":"publish","type":"product","link":"https:\/\/surgeryagency.com\/fr\/produit\/mitral-valve-replacement-mitral-repair\/","title":{"rendered":"Remplacement de la valve mitrale r\u00e9paration mitrale"},"content":{"rendered":"<p class=\"translation-block\">Probl\u00e8mes de valve mitrale<br>\nLa valve mitrale est un petit volet dans le c\u0153ur qui emp\u00eache le sang de circuler dans le mauvais sens. Des probl\u00e8mes avec cela peuvent affecter la fa\u00e7on dont le sang circule dans le corps.<\/p>\n<p>Les principaux probl\u00e8mes qui affectent la valve mitrale sont :<\/p>\n<p class=\"translation-block\">prolapsus de la valve mitrale - la valve devient trop molle<br>\nr\u00e9gurgitation mitrale - la valve fuit et le sang circule dans le mauvais sens<br>\nst\u00e9nose mitrale - la valve ne s'ouvre pas aussi largement qu'elle le devrait<br>\nCes conditions peuvent \u00eatre graves, mais elles sont souvent traitables.<\/p>\n<p>Dans certains cas, une chirurgie de la valve mitrale peut \u00eatre n\u00e9cessaire.<\/p>\n<p class=\"translation-block\">Prolapsus de la valve mitrale<br>\nLe prolapsus de la valve mitrale est l'endroit o\u00f9 la valve mitrale est trop molle et ne se ferme pas herm\u00e9tiquement.<\/p>\n<p class=\"translation-block\">Sympt\u00f4mes<br>\nDe nombreuses personnes atteintes d'un prolapsus de la valve mitrale ne pr\u00e9sentent aucun sympt\u00f4me et celui-ci ne peut \u00eatre d\u00e9tect\u00e9 que lors d'une scintigraphie cardiaque (\u00e9chocardiogramme) r\u00e9alis\u00e9e pour une autre raison.<\/p>\n<p>Le prolapsus de la valve mitrale peut parfois causer :<\/p>\n<p class=\"translation-block\">\u00e9tourdissements<br>\nessoufflement<br>\nfatigue<br>\nun rythme cardiaque irr\u00e9gulier (arythmie) ou des battements cardiaques perceptibles (palpitations)<br>\ninsuffisance mitrale<br>\nTraitement<br>\nVous n'aurez probablement pas besoin de traitement si vous ne pr\u00e9sentez aucun sympt\u00f4me.<\/p>\n<p>Votre m\u00e9decin peut sugg\u00e9rer :<\/p>\n<p class=\"translation-block\">apporter des changements \u00e0 votre mode de vie, comme arr\u00eater de fumer, de caf\u00e9ine et d'alcool - ces choses peuvent faire travailler votre c\u0153ur trop fort<br>\navoir des contr\u00f4les r\u00e9guliers pour surveiller votre \u00e9tat<br>\nSi vous pr\u00e9sentez des sympt\u00f4mes ou si votre valve mitrale est tr\u00e8s souple, votre m\u00e9decin peut vous recommander\u00a0:<\/p>\n<p class=\"translation-block\">des m\u00e9dicaments pour soulager vos sympt\u00f4mes, tels que des b\u00eata-bloquants pour un rythme cardiaque irr\u00e9gulier<br>\nchirurgie de la valve mitrale pour r\u00e9parer ou remplacer la valve mitrale<br>\nCause<br>\nLe prolapsus de la valve mitrale est g\u00e9n\u00e9ralement caus\u00e9 par des probl\u00e8mes avec les tissus qui relient la valve mitrale aux muscles cardiaques.<\/p>\n<p>Certaines personnes atteintes de la maladie naissent avec, et elle est plus fr\u00e9quente chez les personnes atteintes de troubles du tissu conjonctif, comme le syndrome de Marfan.<\/p>\n<p>Rarement, elle peut \u00eatre caus\u00e9e par des dommages aux muscles cardiaques eux-m\u00eames - par exemple, \u00e0 la suite d'une crise cardiaque.<\/p>\n<p class=\"translation-block\">Insuffisance mitrale<br>\nLa r\u00e9gurgitation mitrale se produit lorsque du sang circule dans le mauvais sens dans le c\u0153ur parce que la valve mitrale ne se ferme pas correctement.<\/p>\n<p class=\"translation-block\">Sympt\u00f4mes<br>\nLa r\u00e9gurgitation de la valve mitrale ne pr\u00e9sente pas toujours de sympt\u00f4mes.<\/p>\n<p>Parfois, cela peut provoquer :<\/p>\n<p class=\"translation-block\">\u00e9tourdissements<br>\nessoufflement<br>\nfatigue<br>\ndouleur \u00e0 la poitrine\nSi elle n'est pas trait\u00e9e, elle peut entra\u00eener\u00a0:<\/p>\n<p class=\"translation-block\">fibrillation auriculaire - un rythme cardiaque irr\u00e9gulier et rapide<br>\nhypertension pulmonaire - hypertension art\u00e9rielle dans les vaisseaux sanguins qui irriguent les poumons<br>\ninsuffisance cardiaque - o\u00f9 le c\u0153ur ne peut pas pomper suffisamment de sang dans le corps<br>\nTraitement<br>\nVous pourriez ne pas avoir besoin de traitement si vous ne pr\u00e9sentez aucun sympt\u00f4me. Votre m\u00e9decin peut simplement sugg\u00e9rer d'avoir des contr\u00f4les r\u00e9guliers pour surveiller votre \u00e9tat.<\/p>\n<p>Si vous pr\u00e9sentez des sympt\u00f4mes ou si le probl\u00e8me avec votre valve est grave, votre m\u00e9decin peut vous recommander\u00a0:<\/p>\n<p class=\"translation-block\">des m\u00e9dicaments pour soulager vos sympt\u00f4mes - tels que des diur\u00e9tiques pour r\u00e9duire l'essoufflement et des m\u00e9dicaments pour la fibrillation auriculaire<br>\nchirurgie \u00e0 c\u0153ur ouvert \u2013 pour r\u00e9parer ou remplacer la valve mitrale<br>\nchirurgie en trou de serrure - un petit clip est attach\u00e9 \u00e0 la valve mitrale pour l'aider \u00e0 se fermer; le clip est guid\u00e9 dans le c\u0153ur \u00e0 travers un tube fin ins\u00e9r\u00e9 dans une veine de l'aine<br>\nCause<br>\nLa r\u00e9gurgitation mitrale se produit si la valve mitrale ne peut pas se fermer correctement.<\/p>\n<p>Ceci est g\u00e9n\u00e9ralement caus\u00e9 soit par :<\/p>\n<p class=\"translation-block\">la valve mitrale devient trop molle (prolapsus de la valve mitrale)<br>\nl'anneau musculaire autour de la valve devient trop large<br>\nCes probl\u00e8mes se d\u00e9veloppent souvent avec l'\u00e2ge, par exemple en raison de \u00abl'usure\u00bb au fil du temps ou des dommages caus\u00e9s par une hypertension art\u00e9rielle non trait\u00e9e.<\/p>\n<p>La r\u00e9gurgitation mitrale peut parfois \u00eatre caus\u00e9e par un probl\u00e8me tel que :<\/p>\n<p class=\"translation-block\">cardiomyopathie - o\u00f9 les parois du c\u0153ur s'\u00e9tirent, s'\u00e9paississent ou se raidissent<br>\nendocardite - infection de la paroi interne du c\u0153ur<br>\ncardiopathie cong\u00e9nitale \u2013 malformations cong\u00e9nitales affectant le c\u0153ur<br>\nSt\u00e9nose mitrale<br>\nLa st\u00e9nose de la valve mitrale est l'endroit o\u00f9 la valve mitrale ne s'ouvre pas aussi largement qu'elle le devrait, ce qui limite le flux sanguin \u00e0 travers le c\u0153ur.<\/p>\n<p class=\"translation-block\">Sympt\u00f4mes<br>\nLa st\u00e9nose de la valve mitrale peut ne pr\u00e9senter aucun sympt\u00f4me.<\/p>\n<p>Parfois, cela peut provoquer :<\/p>\n<p class=\"translation-block\">\u00e9tourdissements<br>\nessoufflement<br>\nfatigue<br>\nbattements de coeur perceptibles (palpitations)<br>\ndouleur thoracique<br>\nSi elle n'est pas trait\u00e9e, elle peut entra\u00eener\u00a0:<\/p>\n<p class=\"translation-block\">fibrillation auriculaire - un rythme cardiaque irr\u00e9gulier et rapide<br>\nhypertension pulmonaire - hypertension art\u00e9rielle dans les vaisseaux sanguins qui irriguent les poumons<br>\ninsuffisance cardiaque - lorsque le c\u0153ur ne peut pas pomper correctement le sang dans tout le corps<br>\nTraitement<br>\nVous pourriez ne pas avoir besoin de traitement si vous ne pr\u00e9sentez aucun sympt\u00f4me. Votre m\u00e9decin peut simplement sugg\u00e9rer d'avoir des contr\u00f4les r\u00e9guliers pour surveiller votre \u00e9tat.<\/p>\n<p>Si vous pr\u00e9sentez des sympt\u00f4mes ou si le probl\u00e8me avec votre valve est grave, votre m\u00e9decin peut vous recommander\u00a0:<\/p>\n<p class=\"translation-block\">des m\u00e9dicaments pour soulager vos sympt\u00f4mes - tels que des m\u00e9dicaments appel\u00e9s diur\u00e9tiques pour r\u00e9duire l'essoufflement et des m\u00e9dicaments pour la fibrillation auriculaire<br>\nchirurgie de la valve mitrale - pour remplacer la valve ou une proc\u00e9dure pour l'\u00e9tirer avec un petit ballon (valvuloplastie par ballonnet)<br>\nCause<br>\nL'une des principales causes de st\u00e9nose de la valve mitrale est la cardiopathie rhumatismale.<\/p>\n<p>C'est l\u00e0 qu'une infection provoque une inflammation du c\u0153ur. Au fil du temps, les volets de la valve mitrale peuvent devenir durs et \u00e9pais.<\/p>\n<p>D'autres causes comprennent des d\u00e9p\u00f4ts durs qui se forment autour de la valve avec l'\u00e2ge ou un probl\u00e8me cardiaque d\u00e8s la naissance (maladie cardiaque cong\u00e9nitale).<\/p>\n<p class=\"translation-block\">Chirurgie de la valve mitrale<br>\nLa chirurgie de la valve mitrale peut \u00eatre recommand\u00e9e si vous pr\u00e9sentez des sympt\u00f4mes caus\u00e9s par un probl\u00e8me de valve mitrale ou si le probl\u00e8me est assez grave.<\/p>\n<p>Les proc\u00e9dures de valve mitrale les plus courantes sont\u00a0:<\/p>\n<p class=\"translation-block\">r\u00e9paration de la valve mitrale<br>\nremplacement de la valve mitrale<br>\nvalvuloplastie par ballonnet - o\u00f9 la valve mitrale est \u00e9tir\u00e9e avec un petit ballonnet<br>\nR\u00e9paration de la valve mitrale<br>\nLa r\u00e9paration de la valve mitrale est une op\u00e9ration visant \u00e0 rapprocher les volets de la valve mitrale. Cela aidera \u00e0 emp\u00eacher le sang de circuler dans le mauvais sens \u00e0 travers la valve.<\/p>\n<p>Il est principalement utilis\u00e9 pour traiter le prolapsus ou la r\u00e9gurgitation de la valve mitrale, si le probl\u00e8me est grave et provoque des sympt\u00f4mes.<\/p>\n<p>L'op\u00e9ration est r\u00e9alis\u00e9e sous anesth\u00e9sie g\u00e9n\u00e9rale, o\u00f9 vous dormez.<\/p>\n<p>Votre chirurgien atteindra g\u00e9n\u00e9ralement votre c\u0153ur par une seule incision au milieu de votre poitrine, mais des incisions plus petites entre vos c\u00f4tes sont parfois utilis\u00e9es.<\/p>\n<p>Les volets de la valve mitrale sont ensuite partiellement cousus ensemble.<\/p>\n<p>L'op\u00e9ration peut \u00eatre effectu\u00e9e comme une chirurgie en trou de serrure, o\u00f9 un petit clip est attach\u00e9 \u00e0 la valve mitrale pour l'aider \u00e0 se fermer.<\/p>\n<p>La plupart des gens constatent une am\u00e9lioration significative de leurs sympt\u00f4mes apr\u00e8s la chirurgie, mais parlez \u00e0 votre chirurgien des complications possibles.<\/p>\n<p class=\"translation-block\">Remplacement de la valve mitrale<br>\nLe remplacement de la valve mitrale est une op\u00e9ration consistant \u00e0 remplacer votre valve mitrale par une valve m\u00e9canique ou une valve fabriqu\u00e9e \u00e0 partir de tissu animal (une valve bioproth\u00e9tique).<\/p>\n<p>Cela n'est g\u00e9n\u00e9ralement fait que si vous souffrez d'une st\u00e9nose mitrale ou d'un prolapsus ou d'une r\u00e9gurgitation mitrale et que vous ne pouvez pas subir de r\u00e9paration valvulaire.<\/p>\n<p>L'op\u00e9ration est r\u00e9alis\u00e9e sous anesth\u00e9sie g\u00e9n\u00e9rale, o\u00f9 vous dormez. Votre chirurgien remplacera g\u00e9n\u00e9ralement la valve par une seule incision au milieu de votre poitrine.<\/p>\n<p>La plupart des gens constatent une am\u00e9lioration significative de leurs sympt\u00f4mes apr\u00e8s la chirurgie, mais parlez \u00e0 votre chirurgien des complications possibles. Le risque de probl\u00e8mes graves est g\u00e9n\u00e9ralement plus \u00e9lev\u00e9 qu'avec la r\u00e9paration de la valve mitrale.<\/p>\n<p>Vous devrez \u00e9galement prendre des m\u00e9dicaments pour pr\u00e9venir les caillots sanguins pendant une longue p\u00e9riode apr\u00e8s cette op\u00e9ration. Si vous avez une valve m\u00e9canique, vous devrez prendre ce m\u00e9dicament \u00e0 vie.<\/p>\n<p class=\"translation-block\">Valvuloplastie par ballonnet<br>\nLa valvuloplastie par ballonnet, \u00e9galement appel\u00e9e commissurotomie mitrale percutan\u00e9e, est une proc\u00e9dure qui peut \u00eatre utilis\u00e9e pour \u00e9largir la valve mitrale si vous avez une st\u00e9nose mitrale.<\/p>\n<p>Cela se fait g\u00e9n\u00e9ralement sous anesth\u00e9sie locale, o\u00f9 vous restez \u00e9veill\u00e9 mais votre peau est engourdie.<\/p>\n<p>Une petite coupure est pratiqu\u00e9e dans l'aine ou le cou et un mince tube est pass\u00e9 le long d'un vaisseau sanguin jusqu'au c\u0153ur.<\/p>\n<p>L'extr\u00e9mit\u00e9 du cath\u00e9ter est munie d'un petit ballonnet. Ceci est gonfl\u00e9 \u00e0 l'int\u00e9rieur de la valve r\u00e9tr\u00e9cie pour l'\u00e9tirer plus large. Le ballon est ensuite d\u00e9gonfl\u00e9 et retir\u00e9 avec le cath\u00e9ter.<\/p>\n<p>Cette proc\u00e9dure est g\u00e9n\u00e9ralement moins efficace que le remplacement de la valve mitrale, mais la r\u00e9cup\u00e9ration a tendance \u00e0 \u00eatre plus rapide et il peut s'agir d'une meilleure option si votre valve n'est pas trop \u00e9troite ou si vous pr\u00e9sentez un risque accru de complications chirurgicales (par exemple, si vous enceinte ou fragile).<\/p>","protected":false},"excerpt":{"rendered":"<p>CE QU'IL FAUT SAVOIR<\/p>","protected":false},"featured_media":2473,"comment_status":"open","ping_status":"closed","template":"","meta":[],"product_brand":[],"product_cat":[63],"product_tag":[],"class_list":{"0":"post-2472","1":"product","2":"type-product","3":"status-publish","4":"has-post-thumbnail","6":"product_cat-cardiology-and-cardiovascular-surgey","8":"first","9":"instock","10":"shipping-taxable","11":"product-type-simple"},"_links":{"self":[{"href":"https:\/\/surgeryagency.com\/fr\/wp-json\/wp\/v2\/product\/2472","targetHints":{"allow":["GET"]}}],"collection":[{"href":"https:\/\/surgeryagency.com\/fr\/wp-json\/wp\/v2\/product"}],"about":[{"href":"https:\/\/surgeryagency.com\/fr\/wp-json\/wp\/v2\/types\/product"}],"replies":[{"embeddable":true,"href":"https:\/\/surgeryagency.com\/fr\/wp-json\/wp\/v2\/comments?post=2472"}],"wp:featuredmedia":[{"embeddable":true,"href":"https:\/\/surgeryagency.com\/fr\/wp-json\/wp\/v2\/media\/2473"}],"wp:attachment":[{"href":"https:\/\/surgeryagency.com\/fr\/wp-json\/wp\/v2\/media?parent=2472"}],"wp:term":[{"taxonomy":"product_brand","embeddable":true,"href":"https:\/\/surgeryagency.com\/fr\/wp-json\/wp\/v2\/product_brand?post=2472"},{"taxonomy":"product_cat","embeddable":true,"href":"https:\/\/surgeryagency.com\/fr\/wp-json\/wp\/v2\/product_cat?post=2472"},{"taxonomy":"product_tag","embeddable":true,"href":"https:\/\/surgeryagency.com\/fr\/wp-json\/wp\/v2\/product_tag?post=2472"}],"curies":[{"name":"wp","href":"https:\/\/api.w.org\/{rel}","templated":true}]}}