{"id":2475,"date":"2023-02-21T16:33:14","date_gmt":"2023-02-21T16:33:14","guid":{"rendered":"https:\/\/surgeryagency.com\/?post_type=product&#038;p=2475"},"modified":"2023-02-21T16:33:15","modified_gmt":"2023-02-21T16:33:15","slug":"pacemaker","status":"publish","type":"product","link":"https:\/\/surgeryagency.com\/fr\/produit\/pacemaker\/","title":{"rendered":"Stimulateur cardiaque"},"content":{"rendered":"<p>Avant de vous faire poser un stimulateur cardiaque, vous aurez une \u00e9valuation pr\u00e9op\u00e9ratoire.<\/p>\n<p>Avant de vous faire poser un stimulateur cardiaque, vous aurez une \u00e9valuation pr\u00e9op\u00e9ratoire.<\/p>\n<p>Certains tests peuvent \u00eatre effectu\u00e9s, notamment des analyses de sang et un \u00e9lectrocardiogramme (ECG).<\/p>\n<p>On vous posera des questions sur votre sant\u00e9 g\u00e9n\u00e9rale et vos probl\u00e8mes cardiaques, et comment ils vous affectent.<\/p>\n<p>On vous posera \u00e9galement des questions sur les probl\u00e8mes m\u00e9dicaux suppl\u00e9mentaires et les op\u00e9rations ant\u00e9rieures que vous avez subies, ainsi que sur les probl\u00e8mes ou r\u00e9actions que vous ou votre famille avez eus avec les anesth\u00e9siques.<\/p>\n<p>Prendre des mesures pour am\u00e9liorer votre sant\u00e9 et votre condition physique, comme arr\u00eater de fumer si vous fumez, avoir une alimentation saine et faire de l'exercice r\u00e9guli\u00e8rement, devrait vous aider \u00e0 acc\u00e9l\u00e9rer votre temps de r\u00e9cup\u00e9ration et \u00e0 r\u00e9duire le risque de complications.<\/p>\n<p>On vous dira g\u00e9n\u00e9ralement quand vous devez arr\u00eater de manger ou de boire avant la chirurgie lors de l'\u00e9valuation pr\u00e9op\u00e9ratoire.<\/p>\n<p>En savoir plus sur la pr\u00e9paration \u00e0 la chirurgie.<\/p>\n<p class=\"translation-block\">Votre sp\u00e9cialiste<br>\nL'implantation d'un stimulateur cardiaque sera r\u00e9alis\u00e9e par un sp\u00e9cialiste du c\u0153ur, appel\u00e9 cardiologue, qui aura probablement un int\u00e9r\u00eat particulier pour les stimulateurs cardiaques.<\/p>\n<p>Si vous \u00eates trait\u00e9 dans un grand h\u00f4pital cardiaque, l'op\u00e9ration sera souvent effectu\u00e9e par un \u00e9lectrophysiologiste. C'est un cardiologue sp\u00e9cialis\u00e9 dans les troubles du rythme cardiaque.<\/p>\n<p class=\"translation-block\">Pose du stimulateur cardiaque<br>\nImplantation transveineuse<br>\nL'implantation transveineuse est la m\u00e9thode la plus courante d'adaptation d'un stimulateur cardiaque ou d'un d\u00e9fibrillateur automatique implantable (ICD).<\/p>\n<p>Avant la proc\u00e9dure, un mince tube appel\u00e9 ligne intraveineuse (IV) sera attach\u00e9 \u00e0 l'une de vos veines.<\/p>\n<p>Des m\u00e9dicaments pour vous rendre somnolent seront administr\u00e9s par voie intraveineuse pour vous permettre de rester d\u00e9tendu pendant la proc\u00e9dure.<\/p>\n<p>Le cardiologue fera une incision de 5 \u00e0 6 cm (environ 2 pouces) juste en dessous de votre clavicule, g\u00e9n\u00e9ralement du c\u00f4t\u00e9 gauche de la poitrine, et ins\u00e8rera les fils du stimulateur cardiaque (fils de stimulation) dans une veine.<\/p>\n<p>Les d\u00e9rivations de stimulation sont guid\u00e9es le long de la veine dans la bonne chambre de votre c\u0153ur \u00e0 l'aide de radiographies. Ils se logent alors dans les tissus de votre c\u0153ur.<\/p>\n<p>Les autres extr\u00e9mit\u00e9s des fils sont connect\u00e9es au stimulateur cardiaque, qui est ins\u00e9r\u00e9 dans une petite poche cr\u00e9\u00e9e par le cardiologue entre la peau de la partie sup\u00e9rieure de votre poitrine et votre muscle pectoral.<\/p>\n<p>L'implantation transveineuse est r\u00e9alis\u00e9e sous anesth\u00e9sie locale, administr\u00e9e par injection.<\/p>\n<p>Cela signifie que la zone o\u00f9 les coupes sont faites est engourdie, mais vous restez \u00e9veill\u00e9 pendant la proc\u00e9dure.<\/p>\n<p>Vous ressentirez une sensation initiale de br\u00fblure ou de piq\u00fbre lorsque le cardiologue vous injectera l'anesth\u00e9sique local.<\/p>\n<p>La zone deviendra bient\u00f4t engourdie, mais vous pourriez ressentir une sensation de tiraillement pendant l'op\u00e9ration.<\/p>\n<p>La proc\u00e9dure prend g\u00e9n\u00e9ralement environ une heure, mais cela peut prendre plus de temps si vous avez un stimulateur cardiaque biventriculaire avec 3 d\u00e9rivations ajust\u00e9es ou une autre chirurgie cardiaque en m\u00eame temps.<\/p>\n<p>Vous devrez g\u00e9n\u00e9ralement rester \u00e0 l'h\u00f4pital pendant la nuit et vous reposer une journ\u00e9e apr\u00e8s l'intervention.<\/p>\n<p>En savoir plus sur la r\u00e9cup\u00e9ration apr\u00e8s l'implantation d'un stimulateur cardiaque.<\/p>\n<p class=\"translation-block\">Implantation \u00e9picardique<br>\nL'implantation \u00e9picardique est une m\u00e9thode alternative et moins largement utilis\u00e9e pour installer un stimulateur cardiaque.<\/p>\n<p>Dans cette m\u00e9thode, la ou les sondes de stimulation sont fix\u00e9es \u00e0 la surface externe de votre c\u0153ur (\u00e9picarde) par une incision dans votre abdomen, sous la poitrine.<\/p>\n<p>L'implantation \u00e9picardique est souvent utilis\u00e9e chez les enfants et les personnes qui subissent une chirurgie cardiaque en m\u00eame temps qu'une implantation de stimulateur cardiaque.<\/p>\n<p>It&#8217;s carried out under general anaesthetic, which means you&#8217;ll be asleep throughout the procedure.<\/p>\n<p>Le chirurgien fixera l'extr\u00e9mit\u00e9 de la sonde de stimulation \u00e0 votre c\u0153ur et l'autre extr\u00e9mit\u00e9 de la sonde est fix\u00e9e au bo\u00eetier du stimulateur cardiaque. Ceci est g\u00e9n\u00e9ralement plac\u00e9 dans une poche cr\u00e9\u00e9e sous la peau de votre abdomen.<\/p>\n<p>La proc\u00e9dure prend g\u00e9n\u00e9ralement entre 1 et 2 heures, mais elle peut prendre plus de temps si vous subissez une autre chirurgie cardiaque en m\u00eame temps.<\/p>\n<p>La r\u00e9cup\u00e9ration apr\u00e8s une implantation \u00e9picardique prend g\u00e9n\u00e9ralement plus de temps qu'apr\u00e8s une implantation transveineuse.<\/p>\n<p class=\"translation-block\">D\u00e9fibrillateurs automatiques implantables (DCI)<br>\nDans la plupart des cas, les d\u00e9fibrillateurs automatiques implantables (DCI) sont install\u00e9s par voie transveineuse, le long d'une veine. Mais ils peuvent aussi \u00eatre pos\u00e9s sous la peau (sous-cutan\u00e9e).<\/p>\n<p>L'implantation sous-cutan\u00e9e est r\u00e9alis\u00e9e soit sous anesth\u00e9sie g\u00e9n\u00e9rale, soit sous anesth\u00e9sie locale et s\u00e9dation.<\/p>\n<p>Au cours de la proc\u00e9dure, une poche sera cr\u00e9\u00e9e sur le c\u00f4t\u00e9 gauche de la poitrine o\u00f9 le DCI sera positionn\u00e9.<\/p>\n<p>La sonde de stimulation et les \u00e9lectrodes sont \u00e9galement plac\u00e9es sous la peau le long du sternum et sont connect\u00e9es \u00e0 l'appareil.<\/p>\n<p>Une fois les coupures ferm\u00e9es, les fonctions de d\u00e9tection, de stimulation et d'enregistrement du DAI seront test\u00e9es et ajust\u00e9es.<\/p>\n<p>L'installation d'un DAI peut prendre de 1 \u00e0 3 heures selon le type d'appareil que vous faites installer.<\/p>\n<p>Une nuit \u00e0 l'h\u00f4pital est souvent, mais pas toujours, n\u00e9cessaire.<\/p>\n<p class=\"translation-block\">Test et r\u00e9glage du stimulateur cardiaque<br>\nUne fois les sondes en place, mais avant qu'elles ne soient connect\u00e9es au stimulateur cardiaque ou au DAI, le cardiologue les testera pour s'assurer qu'elles fonctionnent correctement et qu'elles peuvent augmenter votre fr\u00e9quence cardiaque. C'est ce qu'on appelle la stimulation.<\/p>\n<p>De petites quantit\u00e9s d'\u00e9nergie sont d\u00e9livr\u00e9es par les d\u00e9rivations dans le c\u0153ur, ce qui le fait se contracter et se tirer vers l'int\u00e9rieur. De petites quantit\u00e9s d'\u00e9nergie sont d\u00e9livr\u00e9es par les d\u00e9rivations dans le c\u0153ur, ce qui le fait se contracter et se tirer vers l'int\u00e9rieur.<\/p>\n<p>Lorsque les d\u00e9rivations sont test\u00e9es, vous pouvez sentir votre c\u0153ur battre plus vite. Informez l'\u00e9quipe m\u00e9dicale de tout sympt\u00f4me que vous ressentez.<\/p>\n<p>Votre m\u00e9decin ajustera les param\u00e8tres de votre stimulateur cardiaque apr\u00e8s avoir d\u00e9termin\u00e9 la quantit\u00e9 d'\u00e9nergie \u00e9lectrique n\u00e9cessaire pour stimuler votre rythme cardiaque.<\/p>\n<p class=\"translation-block\">Temps d'attente<br>\nLe temps que vous devrez attendre pour faire installer un stimulateur cardiaque d\u00e9pendra de la raison pour laquelle une intervention chirurgicale est n\u00e9cessaire.<\/p>\n<p>S'il est n\u00e9cessaire de traiter une affection potentiellement grave, comme un bloc cardiaque grave ou un arr\u00eat cardiaque, la chirurgie est souvent pratiqu\u00e9e en urgence.<\/p>\n<p>Si la raison de la chirurgie n'est pas jug\u00e9e mortelle, vous devrez peut-\u00eatre attendre jusqu'\u00e0 18 semaines.<\/p>\n<p>Dans la plupart des cas, la chirurgie est effectu\u00e9e d\u00e8s que possible une fois qu'il a \u00e9t\u00e9 d\u00e9cid\u00e9 que vous b\u00e9n\u00e9ficieriez d'un stimulateur cardiaque.<\/p>","protected":false},"excerpt":{"rendered":"<p>CE QU'IL FAUT SAVOIR<\/p>","protected":false},"featured_media":2476,"comment_status":"open","ping_status":"closed","template":"","meta":[],"product_brand":[],"product_cat":[63],"product_tag":[],"class_list":{"0":"post-2475","1":"product","2":"type-product","3":"status-publish","4":"has-post-thumbnail","6":"product_cat-cardiology-and-cardiovascular-surgey","8":"first","9":"instock","10":"shipping-taxable","11":"product-type-simple"},"_links":{"self":[{"href":"https:\/\/surgeryagency.com\/fr\/wp-json\/wp\/v2\/product\/2475","targetHints":{"allow":["GET"]}}],"collection":[{"href":"https:\/\/surgeryagency.com\/fr\/wp-json\/wp\/v2\/product"}],"about":[{"href":"https:\/\/surgeryagency.com\/fr\/wp-json\/wp\/v2\/types\/product"}],"replies":[{"embeddable":true,"href":"https:\/\/surgeryagency.com\/fr\/wp-json\/wp\/v2\/comments?post=2475"}],"wp:featuredmedia":[{"embeddable":true,"href":"https:\/\/surgeryagency.com\/fr\/wp-json\/wp\/v2\/media\/2476"}],"wp:attachment":[{"href":"https:\/\/surgeryagency.com\/fr\/wp-json\/wp\/v2\/media?parent=2475"}],"wp:term":[{"taxonomy":"product_brand","embeddable":true,"href":"https:\/\/surgeryagency.com\/fr\/wp-json\/wp\/v2\/product_brand?post=2475"},{"taxonomy":"product_cat","embeddable":true,"href":"https:\/\/surgeryagency.com\/fr\/wp-json\/wp\/v2\/product_cat?post=2475"},{"taxonomy":"product_tag","embeddable":true,"href":"https:\/\/surgeryagency.com\/fr\/wp-json\/wp\/v2\/product_tag?post=2475"}],"curies":[{"name":"wp","href":"https:\/\/api.w.org\/{rel}","templated":true}]}}