{"id":2479,"date":"2023-02-21T16:51:51","date_gmt":"2023-02-21T16:51:51","guid":{"rendered":"https:\/\/surgeryagency.com\/?post_type=product&#038;p=2479"},"modified":"2023-02-21T16:53:20","modified_gmt":"2023-02-21T16:53:20","slug":"femoral-popliteal-bypass-surgery","status":"publish","type":"product","link":"https:\/\/surgeryagency.com\/fr\/produit\/femoral-popliteal-bypass-surgery\/","title":{"rendered":"Chirurgie de pontage f\u00e9moral poplit\u00e9"},"content":{"rendered":"<p class=\"translation-block\">Qu'est-ce que le pontage f\u00e9moral poplit\u00e9 et l'angioplastie transluminale percutan\u00e9e (ATP) des art\u00e8res f\u00e9morales\u00a0?<br>\nLe pontage f\u00e9moral poplit\u00e9 est utilis\u00e9 pour traiter l'art\u00e8re f\u00e9morale bloqu\u00e9e. L'art\u00e8re f\u00e9morale est la plus grande art\u00e8re de la cuisse. Il fournit du sang riche en oxyg\u00e8ne \u00e0 la jambe. Le blocage est d\u00fb \u00e0 l'accumulation de plaque ou \u00e0 l'ath\u00e9roscl\u00e9rose. L'ath\u00e9roscl\u00e9rose des art\u00e8res des jambes provoque une maladie vasculaire p\u00e9riph\u00e9rique. Le m\u00eame processus provoque des maladies cardiaques et des accidents vasculaires c\u00e9r\u00e9braux.<\/p>\n<p>Il existe deux m\u00e9thodes utilis\u00e9es pour traiter un blocage des art\u00e8res f\u00e9morales.<\/p>\n<p>Pontage poplit\u00e9 f\u00e9moral. Le professionnel de la sant\u00e9 acc\u00e8de \u00e0 l'art\u00e8re f\u00e9morale par une grande incision dans la partie sup\u00e9rieure de la jambe. Une veine pr\u00e9lev\u00e9e dans une autre zone de votre jambe est attach\u00e9e au-dessus et au-dessous du blocage. C'est ce qu'on appelle une greffe. Le sang est redirig\u00e9 \u00e0 travers le greffon autour du blocage. Dans certains cas, une greffe artificielle peut \u00eatre utilis\u00e9e, plut\u00f4t qu'une greffe veineuse.<\/p>\n<p>Angioplastie transluminale percutan\u00e9e (ATP) des art\u00e8res f\u00e9morales. L'angioplastie transluminale percutan\u00e9e est une technique peu invasive. Cela signifie que cela se fait sans grande incision. Au lieu de cela, le professionnel de la sant\u00e9 utilise un long tube creux (cath\u00e9ter) ins\u00e9r\u00e9 dans l'art\u00e8re f\u00e9morale et le guide vers la zone r\u00e9tr\u00e9cie. L\u00e0, un petit ballon \u00e0 l'extr\u00e9mit\u00e9 du cath\u00e9ter est gonfl\u00e9 comprimant le tissu adipeux. Cela cr\u00e9e une plus grande ouverture dans l'art\u00e8re pour une meilleure circulation sanguine. Une minuscule bobine de treillis m\u00e9tallique extensible (stent) peut \u00eatre plac\u00e9e dans la zone nouvellement ouverte de l'art\u00e8re. Il aide \u00e0 emp\u00eacher l'art\u00e8re de se r\u00e9tr\u00e9cir ou de se refermer.<\/p>\n<p class=\"translation-block\">Pourquoi pourrais-je avoir besoin d'un pontage f\u00e9moral poplit\u00e9\u00a0?<br>\nVous pourriez avoir besoin d'un pontage f\u00e9moral poplit\u00e9 pour :<\/p>\n<p>Les changements de style de vie et les m\u00e9dicaments n'ont pas am\u00e9lior\u00e9 les sympt\u00f4mes, ou les sympt\u00f4mes sont pires<\/p>\n<p>Douleur aux jambes qui interf\u00e8re avec la vie quotidienne ou la capacit\u00e9 de travailler)<\/p>\n<p>Plaies non cicatrisantes<\/p>\n<p>Infection ou gangr\u00e8ne<\/p>\n<p>Douleur jambe au repos<\/p>\n<p>Risque de perdre le membre en raison d'une diminution du flux sanguin<\/p>\n<p>Votre fournisseur de soins de sant\u00e9 peut avoir d'autres raisons de recommander un pontage f\u00e9moral poplit\u00e9.<\/p>\n<p>What are the risks of the femoral popliteal bypass surgery?<br \/>\nSome possible complications may include:<\/p>\n<p>Crise cardiaque<\/p>\n<p>Battements cardiaques irr\u00e9guliers<\/p>\n<p>Saignement<\/p>\n<p>Infection de la plaie<\/p>\n<p>Gonflement de la jambe<\/p>\n<p>Caillot de sang dans la jambe<\/p>\n<p>Liquide dans les poumons<\/p>\n<p>Saignement \u00e0 l'endroit o\u00f9 le cath\u00e9ter est ins\u00e9r\u00e9 apr\u00e8s la proc\u00e9dure<\/p>\n<p>Caillot sanguin ou dommage au vaisseau sanguin o\u00f9 le cath\u00e9ter est ins\u00e9r\u00e9<\/p>\n<p>Rest\u00e9nose<\/p>\n<p>L\u00e9sion nerveuse<\/p>\n<p>Blocage du greffon utilis\u00e9 dans le pontage<\/p>\n<p>Il peut y avoir d'autres risques en fonction de votre \u00e9tat. Assurez-vous de discuter de toute pr\u00e9occupation avec votre fournisseur de soins de sant\u00e9 avant la proc\u00e9dure.<\/p>\n<p class=\"translation-block\">Comment puis-je me pr\u00e9parer pour la proc\u00e9dure de pontage f\u00e9moral poplit\u00e9\u00a0?<br>\nLes recommandations pour la pr\u00e9paration comprennent\u00a0:<\/p>\n<p>Votre fournisseur de soins de sant\u00e9 vous expliquera la proc\u00e9dure et vous pourrez poser des questions.<\/p>\n<p>Il vous sera demand\u00e9 de signer un formulaire de consentement qui donne la permission de faire la proc\u00e9dure. Lisez attentivement le formulaire et posez des questions si quelque chose n'est pas clair.<\/p>\n<p>Votre fournisseur examinera vos ant\u00e9c\u00e9dents m\u00e9dicaux et proc\u00e9dera \u00e0 un examen physique pour s'assurer que vous \u00eates en bonne sant\u00e9 avant de subir l'intervention. Vous pouvez \u00e9galement subir des tests sanguins et d'autres tests de diagnostic.<\/p>\n<p>Votre fournisseur de soins de sant\u00e9 peut recommander de prendre une aspirine avant la proc\u00e9dure.<\/p>\n<p>Il vous sera demand\u00e9 de je\u00fbner 8 heures avant l'intervention. Cela signifie ne pas manger, boire ou prendre de m\u00e9dicaments par voie orale apr\u00e8s minuit.<\/p>\n<p>Si vous \u00eates enceinte ou pensez l'\u00eatre, parlez-en \u00e0 votre fournisseur de soins de sant\u00e9.<\/p>\n<p>Informez votre fournisseur de soins de sant\u00e9 si vous \u00eates sensible ou allergique \u00e0 des m\u00e9dicaments, au latex, \u00e0 l'iode, au ruban adh\u00e9sif, aux colorants de contraste ou \u00e0 l'anesth\u00e9sie.<\/p>\n<p>Informez votre fournisseur de soins de sant\u00e9 de tous les m\u00e9dicaments (sur ordonnance et en vente libre) et des suppl\u00e9ments \u00e0 base de plantes que vous prenez.<\/p>\n<p>Informez votre fournisseur de soins de sant\u00e9 si vous avez des ant\u00e9c\u00e9dents de troubles de la coagulation ou si vous prenez des m\u00e9dicaments anticoagulants (anticoagulants), de l'aspirine ou d'autres m\u00e9dicaments qui affectent la coagulation du sang. Il se peut qu'on vous dise d'arr\u00eater ces m\u00e9dicaments avant l'intervention.<\/p>\n<p>Si vous fumez, arr\u00eatez de fumer le plus t\u00f4t possible avant l'intervention. Cela aidera votre r\u00e9cup\u00e9ration et votre sant\u00e9 globale.<\/p>\n<p>Vous pouvez obtenir un s\u00e9datif avant la proc\u00e9dure pour vous aider \u00e0 vous d\u00e9tendre.<\/p>\n<p>Dites \u00e0 votre fournisseur de soins de sant\u00e9 si vous avez un stimulateur cardiaque.<\/p>\n<p>Suivez toutes les autres instructions que votre fournisseur vous donne pour vous pr\u00e9parer.<\/p>\n<p class=\"translation-block\">Que se passe-t-il lors d'un pontage f\u00e9moral poplit\u00e9\u00a0?<br>\nDiscutez avec votre fournisseur de soins de sant\u00e9 de ce que vous vivrez pendant votre proc\u00e9dure. Ces proc\u00e9dures n\u00e9cessitent une hospitalisation. Les proc\u00e9dures peuvent varier en fonction de votre \u00e9tat et des pratiques de votre fournisseur.<\/p>\n<p class=\"translation-block\">Pontage f\u00e9moral poplit\u00e9<br>\nG\u00e9n\u00e9ralement, la chirurgie de pontage poplit\u00e9 f\u00e9moral suit ce processus\u00a0:<\/p>\n<p>Vous devrez retirer tous les bijoux ou autres objets qui pourraient interf\u00e9rer avec la proc\u00e9dure.<\/p>\n<p>Vous devrez retirer vos v\u00eatements et mettre une blouse d'h\u00f4pital.<\/p>\n<p>Une ligne intraveineuse (IV) sera d\u00e9marr\u00e9e dans la r\u00e9gion de votre bras, de votre main ou de votre clavicule. D'autres cath\u00e9ters peuvent \u00eatre plac\u00e9s dans votre cou et votre poignet pour surveiller votre c\u0153ur et votre tension art\u00e9rielle, et pour obtenir des \u00e9chantillons de sang.<\/p>\n<p>Vous serez allong\u00e9 sur le dos sur la table d'op\u00e9ration.<\/p>\n<p>S'il y a trop de poils sur le site chirurgical, ils peuvent \u00eatre ras\u00e9s.<\/p>\n<p>L'anesth\u00e9siste surveillera votre fr\u00e9quence cardiaque, votre tension art\u00e9rielle, votre respiration et votre taux d'oxyg\u00e8ne dans le sang pendant la chirurgie. Vous serez connect\u00e9 \u00e0 un moniteur cardiaque qui enregistre l'activit\u00e9 \u00e9lectrique du c\u0153ur pendant la proc\u00e9dure.<\/p>\n<p>Un pontage f\u00e9moral poplit\u00e9 peut \u00eatre r\u00e9alis\u00e9 sous anesth\u00e9sie locale. Vous ne sentirez pas la zone \u00e0 op\u00e9rer. Vous recevrez des m\u00e9dicaments dans votre intraveineuse pour vous aider \u00e0 vous d\u00e9tendre avant la proc\u00e9dure. Mais vous resterez probablement \u00e9veill\u00e9, mais vous vous sentirez somnolent, pendant la proc\u00e9dure.<\/p>\n<p>Sous anesth\u00e9sie locale, vous recevrez de l'oxyg\u00e8ne par un tube qui s'ins\u00e8re dans votre nez.<\/p>\n<p>Un pontage poplit\u00e9 f\u00e9moral peut \u00e9galement \u00eatre r\u00e9alis\u00e9 sous anesth\u00e9sie g\u00e9n\u00e9rale. Vous dormirez. Une fois que vous \u00eates sous s\u00e9dation, votre fournisseur placera un tube respiratoire dans votre gorge jusqu'\u00e0 vos poumons. Vous serez connect\u00e9 \u00e0 un ventilateur. Il respirera pour vous pendant la chirurgie.<\/p>\n<p>Un cath\u00e9ter sera ins\u00e9r\u00e9 dans votre vessie pour drainer l'urine.<\/p>\n<p>Vous recevrez des antibiotiques par voie intraveineuse pour aider \u00e0 pr\u00e9venir l'infection.<\/p>\n<p>La peau sur le site chirurgical sera nettoy\u00e9e.<\/p>\n<p>Le chirurgien fera une incision dans la jambe. Le site de l'incision d\u00e9pendra de la section des art\u00e8res \u00e0 contourner. Le chirurgien d\u00e9terminera s'il faut utiliser une greffe artificielle ou une veine de la jambe pour contourner l'art\u00e8re malade.<\/p>\n<p>Une fois que le chirurgien a fix\u00e9 le greffon sur l'art\u00e8re malade, un type de radiographie appel\u00e9 art\u00e9riogramme peut \u00eatre effectu\u00e9 pour s'assurer que le flux sanguin a \u00e9t\u00e9 r\u00e9tabli dans la jambe gr\u00e2ce au nouveau pontage.<\/p>\n<p>Vous pouvez recevoir des m\u00e9dicaments pour la tension art\u00e9rielle par intraveineuse pendant et apr\u00e8s la proc\u00e9dure pour maintenir votre tension art\u00e9rielle dans une certaine plage.<\/p>\n<p>L'incision sera referm\u00e9e. Un pansement ou un pansement st\u00e9rile sera appliqu\u00e9.<\/p>\n<p class=\"translation-block\">Percutaneous transluminal angioplasty (PTA) of the femoral artery<br>\r\nGenerally, a PTA of the femoral artery procedure follows this process:<\/p>\n<p>Vous devrez retirer tous les bijoux ou autres objets qui pourraient interf\u00e9rer avec la proc\u00e9dure.<\/p>\n<p>Vous devrez vous d\u00e9shabiller et mettre une blouse d'h\u00f4pital.<\/p>\n<p>Il vous sera demand\u00e9 de vider votre vessie avant l'intervention.<\/p>\n<p>Une ligne intraveineuse (IV) sera d\u00e9marr\u00e9e dans votre main ou votre bras avant la proc\u00e9dure pour injecter des m\u00e9dicaments et administrer des liquides IV, si n\u00e9cessaire.<\/p>\n<p>Vous serez allong\u00e9 sur le dos sur la table d'intervention.<\/p>\n<p>S'il y a trop de poils sur le site chirurgical, ils peuvent \u00eatre ras\u00e9s.<\/p>\n<p>Vous serez connect\u00e9 \u00e0 un moniteur cardiaque qui surveille l'activit\u00e9 \u00e9lectrique du c\u0153ur pendant la proc\u00e9dure. Votre fournisseur surveillera votre fr\u00e9quence cardiaque, votre pression art\u00e9rielle, votre fr\u00e9quence respiratoire et votre niveau d'oxyg\u00e8ne pendant la proc\u00e9dure.<\/p>\n<p>Vous recevrez des m\u00e9dicaments dans votre IV avant la proc\u00e9dure pour vous aider \u00e0 vous d\u00e9tendre. Vous resterez probablement \u00e9veill\u00e9, mais vous vous sentirez somnolent, pendant la proc\u00e9dure.<\/p>\n<p>Votre fournisseur v\u00e9rifiera vos pouls sous le site d'insertion avant et apr\u00e8s la proc\u00e9dure.<\/p>\n<p>Votre fournisseur injectera un anesth\u00e9sique local dans la peau au niveau du site d'insertion. Vous pouvez ressentir des picotements sur le site pendant quelques secondes apr\u00e8s l'injection de l'anesth\u00e9sique local.<\/p>\n<p>Une fois que l'anesth\u00e9sie locale a pris effet, votre fournisseur ins\u00e9rera une gaine ou un introducteur dans le vaisseau sanguin. Le cath\u00e9ter sera ins\u00e9r\u00e9 dans l'art\u00e8re f\u00e9morale \u00e0 travers ce tube en plastique.<\/p>\n<p>Votre fournisseur placera un cath\u00e9ter sp\u00e9cial ou un fil de guidage dans l'art\u00e8re f\u00e9morale et le d\u00e9placera vers le site de l'obstruction \u00e0 l'aide d'un guidage par rayons X.<\/p>\n<p>La position du cath\u00e9ter peut \u00eatre confirm\u00e9e en injectant une petite quantit\u00e9 de produit de contraste dans l'art\u00e8re, qui peut ensuite \u00eatre visualis\u00e9e sur un moniteur. La position du cath\u00e9ter peut \u00eatre confirm\u00e9e en injectant une petite quantit\u00e9 de produit de contraste dans l'art\u00e8re, qui peut alors \u00eatre vu sur un moniteur.<\/p>\n<p>Le prestataire ins\u00e9rera un cath\u00e9ter d'angioplastie et l'avancera jusqu'\u00e0 l'emplacement du blocage. Il gonflera un ballon \u00e0 l'extr\u00e9mit\u00e9 du cath\u00e9ter. Cela ouvre l'art\u00e8re.<\/p>\n<p>Le prestataire peut gonfler et d\u00e9gonfler le ballon plusieurs fois pour ouvrir l'art\u00e8re. Dans certains cas, il ou elle peut ins\u00e9rer une minuscule bobine de treillis m\u00e9tallique extensible (stent) pour aider \u00e0 emp\u00eacher l'art\u00e8re de se r\u00e9tr\u00e9cir ou de se refermer.<\/p>\n<p>Une fois qu'il a \u00e9t\u00e9 d\u00e9termin\u00e9 que l'art\u00e8re est ouverte, le cath\u00e9ter d'angioplastie sera retir\u00e9.<\/p>\n<p>Votre fournisseur peut fermer le site d'insertion avec un dispositif qui utilise du collag\u00e8ne pour sceller l'ouverture de l'art\u00e8re, ou avec des sutures. Votre fournisseur d\u00e9terminera quelle m\u00e9thode vous convient le mieux.<\/p>\n<p>Un pansement ou bandage st\u00e9rile sera appliqu\u00e9.<\/p>\n<p class=\"translation-block\">Que se passe-t-il apr\u00e8s un pontage f\u00e9moral poplit\u00e9\u00a0?<br>\n\u00c0 l'h\u00f4pital\u2014pontage f\u00e9moral poplit\u00e9<br>\nApr\u00e8s la proc\u00e9dure, vous serez emmen\u00e9 \u00e0 la salle de r\u00e9veil et surveill\u00e9. Une fois que votre tension art\u00e9rielle, votre pouls et votre respiration sont stables et que vous \u00eates alerte, vous pouvez \u00eatre conduit \u00e0 l'unit\u00e9 de soins intensifs (USI) ou \u00e0 votre chambre d'h\u00f4pital.<\/p>\n<p>Votre fournisseur de soins de sant\u00e9 v\u00e9rifiera souvent votre pouls sous le site chirurgical pour v\u00e9rifier le flux sanguin vers le membre. Il ou elle surveillera \u00e9galement votre jambe pour la couleur (p\u00e2le ou rose), la chaleur, les sensations de douleur et les mouvements.<\/p>\n<p>L'incision peut \u00eatre tendre ou douloureuse pendant plusieurs jours apr\u00e8s la proc\u00e9dure. Prenez un analg\u00e9sique tel que recommand\u00e9 par votre m\u00e9decin.<\/p>\n<p>Vous pouvez recevoir des m\u00e9dicaments IV sp\u00e9ciaux pour am\u00e9liorer votre tension art\u00e9rielle et votre c\u0153ur, et pour contr\u00f4ler tout probl\u00e8me de saignement. Au fur et \u00e0 mesure que vous vous stabilisez, votre fournisseur diminuera progressivement, puis arr\u00eatera, ces m\u00e9dicaments.<\/p>\n<p>Vous pouvez recommencer \u00e0 manger des aliments solides d\u00e8s que vous \u00eates capable de les g\u00e9rer.<\/p>\n<p>Lorsque votre \u00e9quipe de soins d\u00e9terminera que vous \u00eates pr\u00eat, vous serez transf\u00e9r\u00e9 de l'unit\u00e9 de soins intensifs \u00e0 une unit\u00e9 de soins infirmiers postop\u00e9ratoires. Votre r\u00e9tablissement se poursuivra. Vous pouvez progressivement augmenter votre activit\u00e9 lorsque vous sortez du lit et que vous vous promenez pendant de plus longues p\u00e9riodes.<\/p>\n<p>Organisez une visite de suivi avec votre fournisseur de soins de sant\u00e9.<\/p>\n<p class=\"translation-block\">\u00c0 l'h\u00f4pital\u2014ATP de l'art\u00e8re f\u00e9morale<br>\nApr\u00e8s la proc\u00e9dure, vous serez emmen\u00e9 \u00e0 la salle de r\u00e9veil \u00e0 surveill\u00e9. Une fois que votre tension art\u00e9rielle, votre pouls et votre respiration sont stables et que vous \u00eates alerte, vous pouvez \u00eatre conduit \u00e0 l'unit\u00e9 de soins intensifs (USI) ou \u00e0 votre chambre d'h\u00f4pital.<\/p>\n<p>Informez imm\u00e9diatement votre infirmi\u00e8re si vous ressentez une douleur ou une oppression thoracique, ou toute autre douleur, ainsi que des sensations de chaleur, de saignement ou de douleur au site d'insertion.<\/p>\n<p>L'infirmi\u00e8re vous aidera la premi\u00e8re fois que vous vous l\u00e8verez. D\u00e9placez-vous lentement lorsque vous vous levez du lit pour ne pas avoir de vertige.<\/p>\n<p>Vous pouvez recevoir des analg\u00e9siques pour la douleur ou l'inconfort \u00e0 l'endroit o\u00f9 le cath\u00e9ter a \u00e9t\u00e9 ins\u00e9r\u00e9 ou parce que vous devez rester \u00e0 plat et immobile pendant une longue p\u00e9riode.<\/p>\n<p>Vous pouvez commencer \u00e0 manger des aliments solides car vous pouvez les manipuler.<\/p>\n<p>Votre s\u00e9jour \u00e0 l'h\u00f4pital d\u00e9pendra de votre \u00e9tat et des r\u00e9sultats de votre intervention. Vous recevrez des instructions d\u00e9taill\u00e9es pour votre p\u00e9riode de cong\u00e9 et de r\u00e9cup\u00e9ration.<\/p>\n<p>Organisez votre visite de suivi avec votre fournisseur de soins de sant\u00e9.<\/p>\n<p class=\"translation-block\">\u00c0 domicile\u2014pontage f\u00e9moral poplit\u00e9<br>\nUne fois \u00e0 la maison, il sera important de garder la zone chirurgicale propre et s\u00e8che. Votre fournisseur vous dira comment vous baigner.<\/p>\n<p>On peut vous dire de ne pas faire d'activit\u00e9s intenses. Votre fournisseur vous dira quand vous pourrez reprendre le travail et les activit\u00e9s normales.<\/p>\n<p>Votre m\u00e9decin peut vous demander de continuer \u00e0 prendre des anticoagulants apr\u00e8s la proc\u00e9dure.<\/p>\n<p>Votre fournisseur peut faire une \u00e9chographie sur votre jambe apr\u00e8s la chirurgie pour v\u00e9rifier la nouvelle greffe.<\/p>\n<p>Dites \u00e0 votre fournisseur si vous avez l'un des \u00e9l\u00e9ments suivants\u00a0:<\/p>\n<p>Fi\u00e8vre ou frissons<\/p>\n<p>Augmentation de la douleur, de la rougeur, de l'enflure, du saignement ou d'un autre drainage de l'incision de la jambe<\/p>\n<p>Refroidissement, engourdissement et\/ou picotements, ou autres changements dans la jambe affect\u00e9e<\/p>\n<p>Douleur ou pression thoracique, naus\u00e9es et\/ou vomissements, transpiration abondante, \u00e9tourdissements et\/ou \u00e9vanouissement<\/p>\n<p>Votre fournisseur peut vous donner d'autres instructions apr\u00e8s la proc\u00e9dure, en fonction de votre situation.<\/p>\n<p class=\"translation-block\">A domicile\u2014ATP de l'art\u00e8re f\u00e9morale<br>\nUne fois \u00e0 la maison, v\u00e9rifiez le site d'insertion pour d\u00e9tecter tout saignement, douleur inhabituelle, gonflement et changement anormal de couleur ou de temp\u00e9rature au niveau ou \u00e0 proximit\u00e9 du site d'insertion. Une petite ecchymose est normale.<\/p>\n<p>Dites \u00e0 votre fournisseur si vous remarquez une quantit\u00e9 constante ou importante de sang sur le site qui ne peut pas \u00eatre contenue avec un petit pansement.<\/p>\n<p>Vous recevrez des informations sp\u00e9cifiques sur la fa\u00e7on de prendre soin du site d'insertion. Il y aura un petit n\u0153ud, ou une grosseur, sous la peau, l\u00e0 o\u00f9 se trouvait le site d'insertion. C'est normal. Le n\u0153ud devrait dispara\u00eetre en quelques semaines.<\/p>\n<p>Il est important de garder le site d'insertion propre et sec. Votre fournisseur vous donnera des instructions de bain sp\u00e9cifiques.<\/p>\n<p>On peut vous dire de ne pas faire d'activit\u00e9s intenses. Votre fournisseur vous dira quand vous pourrez reprendre le travail et les activit\u00e9s normales.<\/p>\n<p>Dites \u00e0 votre fournisseur si vous avez l'un des \u00e9l\u00e9ments suivants\u00a0:<\/p>\n<p>Fi\u00e8vre ou frissons<\/p>\n<p>Increased pain, redness, swelling, or bleeding or other drainage from the insertion site<\/p>\n<p>Fra\u00eecheur, engourdissement ou picotements, ou autres changements dans la jambe affect\u00e9e<\/p>\n<p>Chest pain\/pressure, nausea and\/or vomiting, heavy sweating, dizziness, or fainting<\/p>\n<p class=\"translation-block\">Prochaines \u00e9tapes<br>\nAvant d'accepter le test ou la proc\u00e9dure, assurez-vous de savoir\u00a0:<\/p>\n<p>&nbsp;<\/p>\n<p>Le nom du test ou de la proc\u00e9dure<\/p>\n<p>La raison pour laquelle vous subissez le test ou la proc\u00e9dure<\/p>\n<p>Quels r\u00e9sultats attendre et ce qu'ils signifient<\/p>\n<p>Les risques et les avantages du test ou de la proc\u00e9dure<\/p>\n<p>Quels sont les effets secondaires ou les complications possibles<\/p>\n<p>Quand et o\u00f9 vous devez subir le test ou la proc\u00e9dure<\/p>\n<p>Qui fera le test ou la proc\u00e9dure et quelles sont les qualifications de cette personne<\/p>\n<p>Que se passerait-il si vous n'aviez pas le test ou la proc\u00e9dure<\/p>\n<p>Tout autre test ou proc\u00e9dure \u00e0 envisager<\/p>\n<p>Quand et comment obtiendrez-vous les r\u00e9sultats<\/p>\n<p>Qui appeler apr\u00e8s le test ou la proc\u00e9dure si vous avez des questions ou des probl\u00e8mes<\/p>\n<p>Combien devrez-vous payer pour le test ou la proc\u00e9dure.<\/p>","protected":false},"excerpt":{"rendered":"<p>CE QU'IL FAUT SAVOIR<\/p>","protected":false},"featured_media":2480,"comment_status":"open","ping_status":"closed","template":"","meta":[],"product_brand":[],"product_cat":[63],"product_tag":[],"class_list":{"0":"post-2479","1":"product","2":"type-product","3":"status-publish","4":"has-post-thumbnail","6":"product_cat-cardiology-and-cardiovascular-surgey","8":"first","9":"instock","10":"shipping-taxable","11":"product-type-simple"},"_links":{"self":[{"href":"https:\/\/surgeryagency.com\/fr\/wp-json\/wp\/v2\/product\/2479","targetHints":{"allow":["GET"]}}],"collection":[{"href":"https:\/\/surgeryagency.com\/fr\/wp-json\/wp\/v2\/product"}],"about":[{"href":"https:\/\/surgeryagency.com\/fr\/wp-json\/wp\/v2\/types\/product"}],"replies":[{"embeddable":true,"href":"https:\/\/surgeryagency.com\/fr\/wp-json\/wp\/v2\/comments?post=2479"}],"wp:featuredmedia":[{"embeddable":true,"href":"https:\/\/surgeryagency.com\/fr\/wp-json\/wp\/v2\/media\/2480"}],"wp:attachment":[{"href":"https:\/\/surgeryagency.com\/fr\/wp-json\/wp\/v2\/media?parent=2479"}],"wp:term":[{"taxonomy":"product_brand","embeddable":true,"href":"https:\/\/surgeryagency.com\/fr\/wp-json\/wp\/v2\/product_brand?post=2479"},{"taxonomy":"product_cat","embeddable":true,"href":"https:\/\/surgeryagency.com\/fr\/wp-json\/wp\/v2\/product_cat?post=2479"},{"taxonomy":"product_tag","embeddable":true,"href":"https:\/\/surgeryagency.com\/fr\/wp-json\/wp\/v2\/product_tag?post=2479"}],"curies":[{"name":"wp","href":"https:\/\/api.w.org\/{rel}","templated":true}]}}