{"id":2488,"date":"2023-02-21T17:32:02","date_gmt":"2023-02-21T17:32:02","guid":{"rendered":"https:\/\/surgeryagency.com\/?post_type=product&#038;p=2488"},"modified":"2023-05-19T19:04:05","modified_gmt":"2023-05-19T19:04:05","slug":"dental-implant-surgery","status":"publish","type":"product","link":"https:\/\/surgeryagency.com\/fr\/produit\/dental-implant-surgery\/","title":{"rendered":"Chirurgie des implants dentaires"},"content":{"rendered":"<p>La chirurgie des implants dentaires est une proc\u00e9dure qui remplace les racines dentaires par des tiges m\u00e9talliques en forme de vis et remplace les dents endommag\u00e9es ou manquantes par des dents artificielles qui ressemblent et fonctionnent un peu comme les vraies. La chirurgie d'implant dentaire peut offrir une alternative bienvenue aux proth\u00e8ses dentaires ou aux bridges qui ne s'adaptent pas bien et peut offrir une option lorsqu'un manque de racines dentaires naturelles ne permet pas de construire des proth\u00e8ses dentaires ou des bridges dentaires.<\/p>\n<p>La fa\u00e7on dont la chirurgie des implants dentaires est effectu\u00e9e d\u00e9pend du type d'implant et de l'\u00e9tat de votre m\u00e2choire. La chirurgie des implants dentaires peut impliquer plusieurs proc\u00e9dures. Le principal avantage des implants est un support solide pour vos nouvelles dents - un processus qui n\u00e9cessite que l'os gu\u00e9risse \u00e9troitement autour de l'implant. Parce que cette cicatrisation osseuse demande du temps, le processus peut prendre plusieurs mois.<\/p>\n<p class=\"translation-block\">Pourquoi c'est fait<br>\nLes implants dentaires sont plac\u00e9s chirurgicalement dans votre m\u00e2choire, o\u00f9 ils servent de racines aux dents manquantes. Parce que le titane des implants fusionne avec votre m\u00e2choire, les implants ne glissent pas, ne font pas de bruit ou ne causent pas de dommages osseux comme le feraient des bridges fixes ou des proth\u00e8ses dentaires. Et les mat\u00e9riaux ne peuvent pas se d\u00e9composer comme vos propres dents qui supportent des bridges r\u00e9guliers.<\/p>\n<p>En g\u00e9n\u00e9ral, les implants dentaires peuvent vous convenir si vous :<\/p>\n<p class=\"translation-block\">Avoir une ou plusieurs dents manquantes<br>\nAvoir une m\u00e2choire qui a atteint sa pleine croissance<br>\nAvoir suffisamment d'os pour fixer les implants ou \u00eatre en mesure d'avoir une greffe osseuse<br>\nAvoir des tissus buccaux sains<br>\nNe pas avoir de probl\u00e8mes de sant\u00e9 qui affecteront la gu\u00e9rison des os<br>\nNe peuvent pas ou ne veulent pas porter de proth\u00e8ses dentaires<br>\nVous voulez am\u00e9liorer votre discours<br>\nSont pr\u00eats \u00e0 s'engager plusieurs mois dans le processus<br>\nNe fumez pas de tabac<br>\nRisques<br>\nComme toute intervention chirurgicale, la chirurgie des implants dentaires pr\u00e9sente certains risques pour la sant\u00e9. Les probl\u00e8mes sont rares, cependant, et lorsqu'ils surviennent, ils sont g\u00e9n\u00e9ralement mineurs et faciles \u00e0 traiter. Les risques comprennent\u00a0:<\/p>\n<p class=\"translation-block\">Infection au site de l'implant<br>\nBlessures ou dommages aux structures environnantes, telles que d'autres dents ou vaisseaux sanguins<br>\nL\u00e9sions nerveuses pouvant causer des douleurs, des engourdissements ou des picotements dans vos dents naturelles, vos gencives, vos l\u00e8vres ou votre menton<br>\nProbl\u00e8mes de sinus, lorsque les implants dentaires plac\u00e9s dans la m\u00e2choire sup\u00e9rieure font saillie dans l'une de vos cavit\u00e9s sinusales<br>\nComment vous vous pr\u00e9parez<br>\nLe processus de planification des implants dentaires peut impliquer une vari\u00e9t\u00e9 de sp\u00e9cialistes, y compris un m\u00e9decin sp\u00e9cialis\u00e9 dans les conditions de la bouche, de la m\u00e2choire et du visage (chirurgien buccal et maxillo-facial), un dentiste sp\u00e9cialis\u00e9 dans le traitement des structures qui soutiennent les dents, telles que les gencives et les os (parodontiste), un dentiste qui con\u00e7oit et ajuste des dents artificielles (prosthodontiste), ou occasionnellement un sp\u00e9cialiste des oreilles, du nez et de la gorge (ORL).<\/p>\n<p>Parce que les implants dentaires n\u00e9cessitent une ou plusieurs interventions chirurgicales, vous devez avoir une \u00e9valuation approfondie pour vous pr\u00e9parer au processus, y compris :<\/p>\n<p class=\"translation-block\">Examen dentaire complet. Vous pouvez faire prendre des radiographies dentaires et des images 3D, et avoir des mod\u00e8les faits de vos dents et de votre m\u00e2choire.<br>\nExamen de vos ant\u00e9c\u00e9dents m\u00e9dicaux. Informez votre m\u00e9decin de toute condition m\u00e9dicale et de tout m\u00e9dicament que vous prenez, y compris les m\u00e9dicaments sur ordonnance et en vente libre et les suppl\u00e9ments. Si vous avez certaines maladies cardiaques ou des implants orthop\u00e9diques, votre m\u00e9decin peut vous prescrire des antibiotiques avant la chirurgie pour aider \u00e0 pr\u00e9venir l'infection.<br>\nPlan de traitement. Adapt\u00e9 \u00e0 votre situation, ce plan prend en compte des facteurs tels que le nombre de dents \u00e0 remplacer et l'\u00e9tat de votre m\u00e2choire et des dents restantes.<br>\nPour contr\u00f4ler la douleur, les options d'anesth\u00e9sie pendant la chirurgie comprennent l'anesth\u00e9sie locale, la s\u00e9dation ou l'anesth\u00e9sie g\u00e9n\u00e9rale. Discutez avec votre sp\u00e9cialiste dentaire de l'option qui vous convient le mieux. Votre \u00e9quipe de soins dentaires vous expliquera comment manger et boire avant la chirurgie, selon le type d'anesth\u00e9sie que vous avez. Si vous subissez une s\u00e9dation ou une anesth\u00e9sie g\u00e9n\u00e9rale, pr\u00e9voyez que quelqu'un vous ram\u00e8ne \u00e0 la maison apr\u00e8s la chirurgie et attendez-vous \u00e0 vous reposer pour le reste de la journ\u00e9e.<\/p>\n<p class=\"translation-block\">Ce \u00e0 quoi vous pouvez vous attendre<br>\nLa chirurgie d'implant dentaire est g\u00e9n\u00e9ralement une chirurgie ambulatoire r\u00e9alis\u00e9e par \u00e9tapes, avec un temps de gu\u00e9rison entre les proc\u00e9dures. Le processus de pose d'un implant dentaire comprend plusieurs \u00e9tapes, notamment :<\/p>\n<p class=\"translation-block\">Extraction d'une dent endommag\u00e9e<br>\nPr\u00e9paration de la m\u00e2choire (greffe), si n\u00e9cessaire<br>\nPose d'implants dentaires<br>\nCroissance et cicatrisation osseuses<br>\nPlacement du pilier<br>\nPose de dent artificielle<br>\nL'ensemble du processus peut prendre plusieurs mois du d\u00e9but \u00e0 la fin. Une grande partie de ce temps est consacr\u00e9e \u00e0 la gu\u00e9rison et \u00e0 l'attente de la croissance d'un nouvel os dans votre m\u00e2choire. Selon votre situation, l'intervention particuli\u00e8re effectu\u00e9e ou les mat\u00e9riaux utilis\u00e9s, certaines \u00e9tapes peuvent parfois \u00eatre combin\u00e9es.<\/p>\n<p class=\"translation-block\">Quand une greffe osseuse est n\u00e9cessaire<br>\nSi votre m\u00e2choire n'est pas assez \u00e9paisse ou est trop molle, vous aurez peut-\u00eatre besoin d'une greffe osseuse avant de pouvoir subir une chirurgie d'implant dentaire. C'est parce que la puissante action de mastication de votre bouche exerce une grande pression sur votre os, et s'il ne peut pas supporter l'implant, la chirurgie \u00e9chouera probablement. Une greffe osseuse peut cr\u00e9er une base plus solide pour l'implant.<\/p>\n<p>Il existe plusieurs mat\u00e9riaux de greffe osseuse qui peuvent \u00eatre utilis\u00e9s pour reconstruire une m\u00e2choire. Les options peuvent inclure une greffe osseuse naturelle, par exemple \u00e0 partir d'un autre endroit de votre corps, ou une greffe osseuse synth\u00e9tique, telle qu'un mat\u00e9riau de substitution osseuse qui peut fournir des structures de soutien pour la nouvelle croissance osseuse. Discutez avec votre m\u00e9decin des options qui vous conviendront le mieux.<\/p>\n<p>Cela peut prendre plusieurs mois pour que l'os greff\u00e9 d\u00e9veloppe suffisamment d'os nouveau pour supporter un implant dentaire. Dans certains cas, vous n'aurez peut-\u00eatre besoin que d'une greffe osseuse mineure, qui peut \u00eatre effectu\u00e9e en m\u00eame temps que la chirurgie implantaire. L'\u00e9tat de votre m\u00e2choire d\u00e9termine la fa\u00e7on dont vous proc\u00e9dez.<\/p>\n<p class=\"translation-block\">Pose de l'implant dentaire<br>\nPendant la chirurgie pour placer l'implant dentaire, votre chirurgien buccal fait une coupe pour ouvrir votre gencive et exposer l'os. Des trous sont perc\u00e9s dans l'os o\u00f9 le poteau m\u00e9tallique de l'implant dentaire sera plac\u00e9. \u00c9tant donn\u00e9 que le poteau servira de racine dentaire, il est implant\u00e9 profond\u00e9ment dans l'os.<\/p>\n<p>\u00c0 ce stade, vous aurez toujours un espace o\u00f9 votre dent est manquante. Un type de proth\u00e8se partielle temporaire peut \u00eatre plac\u00e9 pour l'apparence, si n\u00e9cessaire. Vous pouvez retirer cette proth\u00e8se pour la nettoyer et pendant votre sommeil.<\/p>\n<p class=\"translation-block\">En attente de croissance osseuse<br>\nUne fois que le tenon d'implant m\u00e9tallique est plac\u00e9 dans votre m\u00e2choire, l'ost\u00e9oint\u00e9gration (oss-ee-oh-in-tuh-GRAY-shun) commence. Au cours de ce processus, l'os de la m\u00e2choire se d\u00e9veloppe et s'unit \u00e0 la surface de l'implant dentaire. Ce processus, qui peut prendre plusieurs mois, aide \u00e0 fournir une base solide pour votre nouvelle dent artificielle, tout comme les racines le font pour vos dents naturelles.<\/p>\n<p class=\"translation-block\">Pose du pilier<br>\nLorsque l'ost\u00e9oint\u00e9gration est termin\u00e9e, vous devrez peut-\u00eatre une intervention chirurgicale suppl\u00e9mentaire pour placer le pilier - la pi\u00e8ce o\u00f9 la couronne finira par se fixer. Cette chirurgie mineure est g\u00e9n\u00e9ralement pratiqu\u00e9e sous anesth\u00e9sie locale en ambulatoire.<\/p>\n<p>Pour placer le pilier :<\/p>\n<p class=\"translation-block\">Votre chirurgien buccal rouvre votre gencive pour exposer l'implant dentaire<br>\nLe pilier est fix\u00e9 \u00e0 l'implant dentaire<br>\nLe tissu gingival est ensuite referm\u00e9 autour, mais pas au-dessus, du pilier<br>\nDans certains cas, le pilier est fix\u00e9 au tenon m\u00e9tallique de l'implant dentaire lorsque le tenon est implant\u00e9. Cela signifie que vous n'aurez pas besoin d'une \u00e9tape chirurgicale suppl\u00e9mentaire. Parce que le pilier d\u00e9passe la ligne gingivale, cependant, il est visible lorsque vous ouvrez la bouche - et il en sera ainsi jusqu'\u00e0 ce que votre dentiste termine la proth\u00e8se dentaire. Certaines personnes n'aiment pas cette apparence et pr\u00e9f\u00e8rent que le pilier soit plac\u00e9 dans une proc\u00e9dure distincte.<\/p>\n<p>Apr\u00e8s la mise en place du pilier, vos gencives doivent cicatriser pendant environ deux semaines avant que la dent artificielle puisse \u00eatre attach\u00e9e.<\/p>\n<p class=\"translation-block\">Choisir vos nouvelles dents artificielles<br>\nUne fois vos gencives gu\u00e9ries, vous aurez plus d'empreintes faites de votre bouche et des dents restantes. Ces empreintes sont utilis\u00e9es pour fabriquer la couronne - votre dent artificielle d'apparence r\u00e9aliste. La couronne ne peut pas \u00eatre plac\u00e9e tant que votre m\u00e2choire n'est pas suffisamment solide pour supporter l'utilisation de la nouvelle dent.<\/p>\n<p>Vous et votre sp\u00e9cialiste dentaire pouvez choisir des dents artificielles amovibles, fixes ou une combinaison des deux\u00a0:<\/p>\n<p class=\"translation-block\">Amovible. Ce type est similaire \u00e0 une proth\u00e8se amovible conventionnelle et peut \u00eatre une proth\u00e8se partielle ou compl\u00e8te. Il contient des dents blanches artificielles entour\u00e9es de gomme en plastique rose. Il est mont\u00e9 sur un cadre m\u00e9tallique fix\u00e9 au pilier de l'implant et s'enclenche solidement en place. Il peut \u00eatre facilement retir\u00e9 pour une r\u00e9paration ou un nettoyage quotidien.<br>\nFix\u00e9. Dans ce type, une dent artificielle est viss\u00e9e ou ciment\u00e9e de mani\u00e8re permanente sur un pilier d'implant individuel. Vous ne pouvez pas retirer la dent pour la nettoyer ou pendant le sommeil. La plupart du temps, chaque couronne est attach\u00e9e \u00e0 son propre implant dentaire. Cependant, comme les implants sont exceptionnellement solides, plusieurs dents peuvent \u00eatre remplac\u00e9es par un seul implant si elles sont pont\u00e9es ensemble.<br>\nApr\u00e8s la proc\u00e9dure<br>\nQue vous subissiez une chirurgie d'implant dentaire en une ou plusieurs \u00e9tapes, vous pouvez ressentir certains des inconforts typiques associ\u00e9s \u00e0 tout type de chirurgie dentaire, tels que :<\/p>\n<p class=\"translation-block\">Gonflement des gencives et du visage<br>\nEcchymoses sur la peau et les gencives<br>\nDouleur au site de l'implant<br>\nSaignement mineur<br>\nVous pourriez avoir besoin d'analg\u00e9siques ou d'antibiotiques apr\u00e8s une chirurgie d'implant dentaire. Si l'enflure, l'inconfort ou tout autre probl\u00e8me s'aggrave dans les jours qui suivent la chirurgie, contactez votre chirurgien buccal.<\/p>\n<p>Apr\u00e8s chaque \u00e9tape de la chirurgie, vous devrez peut-\u00eatre manger des aliments mous pendant que le site chirurgical gu\u00e9rit. En r\u00e8gle g\u00e9n\u00e9rale, votre chirurgien utilisera des points de suture qui se dissolvent d'eux-m\u00eames. Si vos points de suture ne se dissolvent pas d'eux-m\u00eames, votre m\u00e9decin les enl\u00e8ve.<\/p>","protected":false},"excerpt":{"rendered":"<p>CE QU'IL FAUT SAVOIR<\/p>","protected":false},"featured_media":2489,"comment_status":"open","ping_status":"closed","template":"","meta":[],"product_brand":[],"product_cat":[66,64,15],"product_tag":[],"class_list":{"0":"post-2488","1":"product","2":"type-product","3":"status-publish","4":"has-post-thumbnail","6":"product_cat-dav","7":"product_cat-dentistry","8":"product_cat-uncategorized","10":"first","11":"instock","12":"shipping-taxable","13":"purchasable","14":"product-type-simple"},"_links":{"self":[{"href":"https:\/\/surgeryagency.com\/fr\/wp-json\/wp\/v2\/product\/2488","targetHints":{"allow":["GET"]}}],"collection":[{"href":"https:\/\/surgeryagency.com\/fr\/wp-json\/wp\/v2\/product"}],"about":[{"href":"https:\/\/surgeryagency.com\/fr\/wp-json\/wp\/v2\/types\/product"}],"replies":[{"embeddable":true,"href":"https:\/\/surgeryagency.com\/fr\/wp-json\/wp\/v2\/comments?post=2488"}],"wp:featuredmedia":[{"embeddable":true,"href":"https:\/\/surgeryagency.com\/fr\/wp-json\/wp\/v2\/media\/2489"}],"wp:attachment":[{"href":"https:\/\/surgeryagency.com\/fr\/wp-json\/wp\/v2\/media?parent=2488"}],"wp:term":[{"taxonomy":"product_brand","embeddable":true,"href":"https:\/\/surgeryagency.com\/fr\/wp-json\/wp\/v2\/product_brand?post=2488"},{"taxonomy":"product_cat","embeddable":true,"href":"https:\/\/surgeryagency.com\/fr\/wp-json\/wp\/v2\/product_cat?post=2488"},{"taxonomy":"product_tag","embeddable":true,"href":"https:\/\/surgeryagency.com\/fr\/wp-json\/wp\/v2\/product_tag?post=2488"}],"curies":[{"name":"wp","href":"https:\/\/api.w.org\/{rel}","templated":true}]}}