{"id":2492,"date":"2023-02-21T17:56:33","date_gmt":"2023-02-21T17:56:33","guid":{"rendered":"https:\/\/surgeryagency.com\/?post_type=product&#038;p=2492"},"modified":"2023-02-21T17:58:25","modified_gmt":"2023-02-21T17:58:25","slug":"types-of-dental-prosthesis","status":"publish","type":"product","link":"https:\/\/surgeryagency.com\/fr\/produit\/types-of-dental-prosthesis\/","title":{"rendered":"Types de proth\u00e8se dentaire"},"content":{"rendered":"<p>Aujourd'hui, il existe une vari\u00e9t\u00e9 de techniques et de technologies pour remplacer une ou plusieurs dents manquantes. La situation et les besoins du patient sont \u00e9valu\u00e9s afin de d\u00e9terminer la solution la plus appropri\u00e9e.<\/p>\n<p>Vous vous demandez quelle option vous convient le mieux ? Voici les diff\u00e9rents types de proth\u00e8ses dentaires disponibles.<\/p>\n<p>COURONNES SUR IMPLANT<\/p>\n<p>Une couronne implanto-port\u00e9e est une proth\u00e8se dentaire fixe, ce qui signifie que seul un sp\u00e9cialiste de la sant\u00e9 bucco-dentaire peut la retirer.<\/p>\n<p>Comme une couronne ordinaire, une couronne implanto-port\u00e9e est utilis\u00e9e pour r\u00e9soudre un probl\u00e8me avec une seule dent. Contrairement \u00e0 une couronne ordinaire, une couronne implanto-port\u00e9e remplace enti\u00e8rement la dent. Un chirurgien maxillo-facial place un seul implant dentaire et l'utilise pour ancrer la couronne, en remplacement de la dent naturelle.<\/p>\n<p>BRIDGES SUR IMPLANTS<\/p>\n<p>Un bridge implanto-port\u00e9 est un autre type de proth\u00e8se dentaire fixe. Aussi appel\u00e9s proth\u00e8ses partielles fixes, les ponts implanto-port\u00e9s sont utilis\u00e9s pour remplacer plusieurs dents manquantes adjacentes.<\/p>\n<p>Comme son nom l'indique, un pont implanto-port\u00e9 utilise deux implants pour soutenir une proth\u00e8se qui comble un espace de plusieurs dents manquantes. L'utilisation d'implants \u00e9limine le besoin de tailler les dents saines adjacentes, qui sont utilis\u00e9es comme ancres dans les ponts r\u00e9guliers.<\/p>\n<p>Une fois les implants pos\u00e9s et la proth\u00e8se dentaire fix\u00e9e, les dents du patient auront un aspect normal et leur capacit\u00e9 \u00e0 m\u00e2cher sera enti\u00e8rement restaur\u00e9e.<\/p>\n<p class=\"translation-block\">PROTH\u00c8SES COMPL\u00c8TES<br>\nLes proth\u00e8ses compl\u00e8tes, \u00e9galement appel\u00e9es proth\u00e8ses compl\u00e8tes, sont con\u00e7ues pour les personnes souffrant d'\u00e9dentement ou de dentition terminale. Ils sont utilis\u00e9s pour remplacer toutes les dents de l'arcade dentaire sup\u00e9rieure ou inf\u00e9rieure.<\/p>\n<p>Ce type de proth\u00e8se dentaire peut \u00eatre fixe ou amovible, selon la situation du patient. Voici les avantages de chacune des options.<\/p>\n<p>Proth\u00e8ses fixes<\/p>\n<p>Les patients qui sont nouvellement \u00e9dent\u00e9s et qui n'ont jamais port\u00e9 de proth\u00e8ses dentaires auparavant choisissent g\u00e9n\u00e9ralement des proth\u00e8ses fixes. Un chirurgien maxillo-facial placera des implants dentaires pour ancrer la proth\u00e8se. Quatre implants suffisent g\u00e9n\u00e9ralement pour maintenir en place une proth\u00e8se compl\u00e8te.<\/p>\n<p>Quels sont les avantages de ce type de proth\u00e8se dentaire ? En raison du soutien apport\u00e9 par les implants dentaires, les proth\u00e8ses fixes sont un peu plus stables que les amovibles.<\/p>\n<p>Enfin, les proth\u00e8ses fixes dans la m\u00e2choire sup\u00e9rieure ne couvrent pas le palais, ce qui facilite le go\u00fbt et la sensation de la texture et de la temp\u00e9rature des aliments. Cela aide les patients nouvellement \u00e9dent\u00e9s \u00e0 s'adapter plus rapidement \u00e0 leur situation.<\/p>\n<p>Proth\u00e8ses amovibles<\/p>\n<p>M\u00eame si elles peuvent facilement \u00eatre retir\u00e9es et remises en place, les proth\u00e8ses amovibles offrent toujours une excellente stabilit\u00e9 et r\u00e9tention. Le fait que les patients puissent retirer eux-m\u00eames les proth\u00e8ses hybrides facilite grandement l'hygi\u00e8ne p\u00e9ri-implantaire. Ils ont \u00e9galement tendance \u00e0 \u00eatre moins chers que les proth\u00e8ses fixes.<\/p>\n<p>Il existe deux options diff\u00e9rentes pour les proth\u00e8ses hybrides, soutenues par une barre et retenues par un localisateur, qui sont deux types d'implants diff\u00e9rents que l'\u00e9quipe proth\u00e9tique ou le dentiste restaurateur peuvent utiliser pour ancrer les proth\u00e8ses hybrides.<\/p>\n<p>PROTH\u00c8SES DENTAIRES COMBIN\u00c9ES<\/p>\n<p>Une proth\u00e8se combin\u00e9e est un type de proth\u00e8se dentaire qui comprend \u00e0 la fois des composants fixes et amovibles. La partie amovible est mont\u00e9e sur une plaque m\u00e9tallique et remplace les dents manquantes. Il est attach\u00e9 aux dents restantes avec une ancre : un crochet, une attache ou une couronne t\u00e9lescopique.<\/p>\n<p>C'est une bonne option pour les patients qui ne peuvent pas tol\u00e9rer un implant ou ne peuvent pas se permettre la proc\u00e9dure.<\/p>\n<p>PROTH\u00c8SES IMM\u00c9DIATES<\/p>\n<p>Les proth\u00e8ses imm\u00e9diates sont r\u00e9alis\u00e9es avant l'extraction des dents qu'elles remplaceront. Ils fournissent aux patients une proth\u00e8se qui peut \u00eatre utilis\u00e9e pendant la p\u00e9riode de cicatrisation.<\/p>\n<p>Les proth\u00e8ses imm\u00e9diates offrent aux patients l'esth\u00e9tique d'un sourire plein en attendant les proth\u00e8ses dentaires permanentes. De plus, ils favorisent la cicatrisation gingivale et facilitent l'adaptation des patients \u00e0 leur proth\u00e8se dentaire permanente.<\/p>\n<p>Les proth\u00e8ses imm\u00e9diates peuvent vous donner plus de temps pour d\u00e9terminer quel type de proth\u00e8se dentaire vous conviendra le mieux, sans avoir \u00e0 vous soucier de votre dentition et de la cicatrisation de vos gencives.<\/p>","protected":false},"excerpt":{"rendered":"<p>CE QU'IL FAUT SAVOIR<\/p>","protected":false},"featured_media":2493,"comment_status":"open","ping_status":"closed","template":"","meta":[],"product_brand":[],"product_cat":[64],"product_tag":[],"class_list":{"0":"post-2492","1":"product","2":"type-product","3":"status-publish","4":"has-post-thumbnail","6":"product_cat-dentistry","8":"first","9":"instock","10":"shipping-taxable","11":"product-type-simple"},"_links":{"self":[{"href":"https:\/\/surgeryagency.com\/fr\/wp-json\/wp\/v2\/product\/2492","targetHints":{"allow":["GET"]}}],"collection":[{"href":"https:\/\/surgeryagency.com\/fr\/wp-json\/wp\/v2\/product"}],"about":[{"href":"https:\/\/surgeryagency.com\/fr\/wp-json\/wp\/v2\/types\/product"}],"replies":[{"embeddable":true,"href":"https:\/\/surgeryagency.com\/fr\/wp-json\/wp\/v2\/comments?post=2492"}],"wp:featuredmedia":[{"embeddable":true,"href":"https:\/\/surgeryagency.com\/fr\/wp-json\/wp\/v2\/media\/2493"}],"wp:attachment":[{"href":"https:\/\/surgeryagency.com\/fr\/wp-json\/wp\/v2\/media?parent=2492"}],"wp:term":[{"taxonomy":"product_brand","embeddable":true,"href":"https:\/\/surgeryagency.com\/fr\/wp-json\/wp\/v2\/product_brand?post=2492"},{"taxonomy":"product_cat","embeddable":true,"href":"https:\/\/surgeryagency.com\/fr\/wp-json\/wp\/v2\/product_cat?post=2492"},{"taxonomy":"product_tag","embeddable":true,"href":"https:\/\/surgeryagency.com\/fr\/wp-json\/wp\/v2\/product_tag?post=2492"}],"curies":[{"name":"wp","href":"https:\/\/api.w.org\/{rel}","templated":true}]}}