{"id":2975,"date":"2023-05-19T19:59:41","date_gmt":"2023-05-19T19:59:41","guid":{"rendered":"https:\/\/surgeryagency.com\/?post_type=product&#038;p=2975"},"modified":"2023-05-19T19:59:41","modified_gmt":"2023-05-19T19:59:41","slug":"face-lift","status":"publish","type":"product","link":"https:\/\/surgeryagency.com\/fr\/produit\/face-lift\/","title":{"rendered":"Lifting du visage"},"content":{"rendered":"<p>Un lifting est une intervention chirurgicale esth\u00e9tique visant \u00e0 rajeunir le visage. La proc\u00e9dure peut r\u00e9duire le rel\u00e2chement cutan\u00e9. Il peut \u00e9galement aider \u00e0 lisser les plis de la peau sur les joues et la m\u00e2choire. Un lifting est aussi appel\u00e9 rhytidectomie.<\/p>\n<p>Lors d'un lifting, un lambeau de peau de chaque c\u00f4t\u00e9 du visage est tir\u00e9 vers l'arri\u00e8re. Les tissus sous la peau sont alt\u00e9r\u00e9s et l'exc\u00e8s de peau est enlev\u00e9. Cela donne au visage une forme plus jeune.<\/p>\n<div id=\"ad-mobile-top-container\"><\/div>\n<p>Un lifting du cou est souvent effectu\u00e9 dans le cadre d'un lifting du visage. Il r\u00e9duit la graisse et le rel\u00e2chement cutan\u00e9 du cou.<\/p>\n<p>Un lifting ne corrigera pas les dommages caus\u00e9s par l'exposition au soleil, tels que les rides et les ridules. D'autres proc\u00e9dures cosm\u00e9tiques peuvent traiter l'apparence ou la qualit\u00e9 de la peau elle-m\u00eame.<\/p>\n<p>L'apparence et la forme du visage changent avec l'\u00e2ge. La peau devient plus l\u00e2che et ne se r\u00e9tracte pas aussi facilement. Les amas graisseux diminuent dans certaines zones du visage et augmentent dans d'autres.<\/p>\n<p>Un lifting peut traiter ces changements li\u00e9s \u00e0 l'\u00e2ge\u00a0:<\/p>\n<ul>\n<li>Aspect affaiss\u00e9 des joues<\/li>\n<li>Exc\u00e8s de peau au niveau de la m\u00e2choire inf\u00e9rieure<\/li>\n<li>Plis cutan\u00e9s profonds des c\u00f4t\u00e9s du nez au coin de la bouche<\/li>\n<li>Rel\u00e2chement cutan\u00e9 et exc\u00e8s de graisse dans le cou (si la proc\u00e9dure comprend un lifting du cou)<\/li>\n<\/ul>\n<p>Un lifting n'est pas un traitement pour les rides fines, les dommages caus\u00e9s par le soleil, les plis autour du nez et de la l\u00e8vre sup\u00e9rieure ou la couleur de peau in\u00e9gale.<\/p>\n<h2>Des risques<\/h2>\n<p>Une chirurgie de lifting peut entra\u00eener des complications. Certains peuvent \u00eatre g\u00e9r\u00e9s avec des soins appropri\u00e9s, des m\u00e9dicaments ou une autre intervention chirurgicale. Les complications \u00e0 long terme ou permanentes sont rares mais peuvent entra\u00eener des changements d'apparence. Les risques incluent :<\/p>\n<ul>\n<li class=\"translation-block\"><strong>H\u00e9matome.<\/strong>\u00a0Une accumulation de sang (h\u00e9matome) sous la peau est la complication la plus courante d'un lifting. Un h\u00e9matome provoque un gonflement et une pression. Il se forme g\u00e9n\u00e9ralement dans les 24 heures suivant la chirurgie. Lorsqu'un h\u00e9matome se forme, un traitement chirurgical rapide aide \u00e0 pr\u00e9venir les dommages \u00e0 la peau et aux autres tissus.<\/li>\n<li><strong>Scarring.<\/strong>\u00a0Incision scars from a face-lift are permanent. However, they&#8217;re typically hidden by the hairline and natural contours of the face and ear. Rarely, incisions can result in raised scars.\n<p>Injections of a corticosteroid medication or other treatments might be used to improve the appearance of scars.<\/li>\n<li class=\"translation-block\"><strong>L\u00e9sion nerveuse.<\/strong>\u00a0Les l\u00e9sions nerveuses sont rares. Une blessure peut affecter les nerfs qui contr\u00f4lent la sensation ou les muscles. Cet effet peut \u00eatre temporaire ou permanent. La perte temporaire de sensation ou l'incapacit\u00e9 de bouger un muscle du visage peut durer de quelques mois \u00e0 un an. Cela pourrait entra\u00eener une apparence ou une expression faciale in\u00e9gale. La chirurgie peut offrir une certaine am\u00e9lioration.<\/li>\n<li class=\"translation-block\"><strong>Perte de cheveux.<\/strong>\u00a0Vous pouvez rencontrer une perte de cheveux temporaire ou permanente pr\u00e8s des sites d'incision. La perte de cheveux permanente peut \u00eatre trait\u00e9e par une intervention chirurgicale pour greffer de la peau avec des follicules pileux.<\/li>\n<li class=\"translation-block\"><strong>Perte de peau.<\/strong>\u00a0Rarement, un lifting peut interrompre l'apport sanguin aux tissus faciaux. Cela peut entra\u00eener une perte de peau. La perte de peau est trait\u00e9e avec des m\u00e9dicaments et des soins appropri\u00e9s des plaies. Si n\u00e9cessaire, une intervention peut r\u00e9duire les cicatrices.<\/li>\n<\/ul>\n<p>Comme tout autre type de chirurgie majeure, un lifting du visage pr\u00e9sente un risque de saignement ou d'infection. Il y a aussi un risque d'avoir une r\u00e9action \u00e0 l'anesth\u00e9sie. Certaines conditions m\u00e9dicales ou habitudes de vie peuvent \u00e9galement augmenter le risque de complications.<\/p>\n<p>Les facteurs suivants peuvent pr\u00e9senter un risque de complications ou entra\u00eener des r\u00e9sultats d\u00e9favorables. Votre chirurgien peut vous d\u00e9conseiller un lifting dans les cas suivants\u00a0:<\/p>\n<ul>\n<li class=\"translation-block\"><strong>M\u00e9dicaments ou suppl\u00e9ments anticoagulants.<\/strong>\u00a0La prise de m\u00e9dicaments ou de suppl\u00e9ments anticoagulants peut affecter la capacit\u00e9 du sang \u00e0 coaguler. Ils peuvent augmenter le risque d'h\u00e9matomes apr\u00e8s la chirurgie. Ces m\u00e9dicaments comprennent les anticoagulants, l'aspirine, les anti-inflammatoires non st\u00e9ro\u00efdiens (AINS), le ginseng, le Ginkgo biloba, l'huile de poisson et autres.<\/li>\n<li class=\"translation-block\"><strong>Maladies.<\/strong>\u00a0Si vous souffrez d'une maladie qui emp\u00eache la coagulation du sang, vous ne pourrez pas subir de lifting. D'autres conditions peuvent augmenter le risque de mauvaise cicatrisation des plaies, d'h\u00e9matomes ou de complications cardiaques. Ils comprennent le diab\u00e8te mal contr\u00f4l\u00e9 et l'hypertension art\u00e9rielle.<\/li>\n<li class=\"translation-block\"><strong>Fumer.<\/strong>\u00a0Fumer augmente le risque de mauvaise cicatrisation, d'h\u00e9matomes et de perte de peau apr\u00e8s un lifting.<\/li>\n<li class=\"translation-block\"><strong>Changements de poids.<\/strong>\u00a0Si vous avez des ant\u00e9c\u00e9dents de prise et de perte de poids r\u00e9p\u00e9t\u00e9es, vous n'\u00eates peut-\u00eatre pas satisfait du r\u00e9sultat \u00e0 long terme de l'op\u00e9ration. Les changements de poids affectent la forme du visage et l'\u00e9tat de la peau.<\/li>\n<\/ul>\n<h2>Comment vous pr\u00e9parez-vous<\/h2>\n<p>Au d\u00e9part, vous parlerez \u00e0 un chirurgien plasticien d'un lifting. La visite comprendra probablement\u00a0:<\/p>\n<ul>\n<li><strong>Medical history and exam.<\/strong>\u00a0Prepare to answer questions about past and current medical conditions. Also discuss previous surgeries, including previous plastic surgeries. Be sure to note any complications from previous surgeries. Also let the plastic surgeon know if you have a history of smoking, drug use or alcohol use.\n<p>Your surgeon will perform a physical exam. The surgeon also may request records from your health care provider. If there are concerns about your ability to have surgery, you may be asked to meet with a specialist.<\/li>\n<li class=\"translation-block\"><strong>R\u00e9vision des m\u00e9dicaments.<\/strong>\u00a0Fournissez les noms et les dosages de tous les m\u00e9dicaments que vous prenez r\u00e9guli\u00e8rement. Inclure les m\u00e9dicaments sur ordonnance, les m\u00e9dicaments en vente libre, les m\u00e9dicaments \u00e0 base de plantes, les vitamines et autres compl\u00e9ments alimentaires.<\/li>\n<li class=\"translation-block\"><strong>Examen facial.<\/strong>\u00a0Votre chirurgien plasticien prendra des photos de votre visage sous diff\u00e9rents angles et des gros plans de certaines caract\u00e9ristiques. Le chirurgien examinera \u00e9galement votre structure osseuse, la forme de votre visage, la r\u00e9partition des graisses et la qualit\u00e9 de votre peau. L'examen aidera \u00e0 d\u00e9terminer vos meilleures options pour la chirurgie de lifting.<\/li>\n<li class=\"translation-block\"><strong>Attentes.<\/strong>\u00a0Votre chirurgien vous posera des questions sur ce que vous attendez d'un lifting. Le chirurgien vous expliquera comment un lifting est susceptible de changer votre apparence. Vous apprendrez \u00e9galement ce qu'un lifting ne r\u00e9sout pas. Un lifting n'affecte pas les rides fines ou un d\u00e9s\u00e9quilibre dans la forme du visage.<\/li>\n<\/ul>\n<p>Avant un lifting :<\/p>\n<ul>\n<li class=\"translation-block\"><strong>Suivez les instructions relatives aux m\u00e9dicaments.<\/strong>\u00a0Vous recevrez des instructions sur les m\u00e9dicaments \u00e0 arr\u00eater de prendre avant la chirurgie et quand les arr\u00eater. Par exemple, on vous demandera probablement d'arr\u00eater de prendre des m\u00e9dicaments ou des suppl\u00e9ments qui fluidifient le sang au moins deux semaines avant la chirurgie. Demandez quels m\u00e9dicaments peuvent \u00eatre pris en toute s\u00e9curit\u00e9 ou si la posologie doit \u00eatre ajust\u00e9e.<\/li>\n<li class=\"translation-block\"><strong>Lavez-vous le visage et les cheveux.<\/strong>\u00a0On vous demandera probablement de vous laver les cheveux et le visage avec un savon germicide le matin de l'op\u00e9ration.<\/li>\n<li class=\"translation-block\"><strong>\u00c9vitez de manger.<\/strong>\u00a0Il vous sera demand\u00e9 d'\u00e9viter de manger quoi que ce soit apr\u00e8s minuit la veille de votre lifting. Vous pourrez boire de l'eau et prendre des m\u00e9dicaments approuv\u00e9s par votre chirurgien.<\/li>\n<li class=\"translation-block\"><strong>Demandez de l'aide pendant la convalescence.<\/strong>\u00a0Si votre lifting est effectu\u00e9 en ambulatoire, pr\u00e9voyez que quelqu'un vous reconduira chez vous apr\u00e8s l'op\u00e9ration. Vous aurez \u00e9galement besoin d'aide la premi\u00e8re nuit apr\u00e8s la chirurgie.<\/li>\n<\/ul>\n<h2>Ce \u00e0 quoi vous pouvez vous attendre<\/h2>\n<p>Un lifting peut \u00eatre effectu\u00e9 dans un h\u00f4pital ou dans un centre de chirurgie ambulatoire.<\/p>\n<h3>Avant la proc\u00e9dure<\/h3>\n<p>Parfois, la proc\u00e9dure est effectu\u00e9e avec une s\u00e9dation et une anesth\u00e9sie locale, qui n'engourdit qu'une partie de votre corps. Dans d'autres cas, une anesth\u00e9sie g\u00e9n\u00e9rale - qui vous met dans un \u00e9tat de sommeil - est recommand\u00e9e.<\/p>\n<h3>Pendant la proc\u00e9dure<\/h3>\n<p>En g\u00e9n\u00e9ral, un lifting consiste \u00e0 \u00e9lever la peau et \u00e0 resserrer les tissus et les muscles. La graisse du visage et du cou peut \u00eatre sculpt\u00e9e, enlev\u00e9e ou d\u00e9plac\u00e9e. La peau du visage est ensuite re-drap\u00e9e sur les contours nouvellement repositionn\u00e9s du visage. L'exc\u00e8s de peau est retir\u00e9 et la plaie est cousue ou ferm\u00e9e avec du ruban adh\u00e9sif.<\/p>\n<p>Les incisions pour la proc\u00e9dure d\u00e9pendent des techniques qui seront utilis\u00e9es et des pr\u00e9f\u00e9rences du patient. Les options incluent\u00a0:<\/p>\n<ul>\n<li class=\"translation-block\"><strong>Une incision de lifting traditionnel<\/strong> commence au niveau des tempes \u00e0 la racine des cheveux. Il continue vers le bas et autour du devant des oreilles. Il se termine derri\u00e8re les oreilles dans la partie inf\u00e9rieure du cuir chevelu. Une incision peut \u00eatre faite sous le menton pour am\u00e9liorer l'apparence de votre cou.<\/li>\n<li class=\"translation-block\"><strong>Une incision limit\u00e9e<\/strong> est plus courte et commence \u00e0 la racine des cheveux juste au-dessus de l'oreille. Il s'enroule autour de l'avant de l'oreille mais ne s'\u00e9tend pas jusqu'au bas du cuir chevelu.<\/li>\n<li class=\"translation-block\"><strong>L'incision du lifting du cou<\/strong>\u00a0commence devant le lobe de l'oreille. Il continue autour de l'oreille dans le bas du cuir chevelu. Une petite incision est \u00e9galement pratiqu\u00e9e sous le menton.<\/li>\n<\/ul>\n<p>Un lifting prend g\u00e9n\u00e9ralement 3 \u00e0 6 heures. Mais cela peut prendre plus de temps si d'autres proc\u00e9dures cosm\u00e9tiques sont effectu\u00e9es en m\u00eame temps.<\/p>\n<h3>Apr\u00e8s la proc\u00e9dure<\/h3>\n<p>Apr\u00e8s un lifting, vous pouvez ressentir :<\/p>\n<ul>\n<li>Douleur l\u00e9g\u00e8re \u00e0 mod\u00e9r\u00e9e<\/li>\n<li>Drainage des incisions<\/li>\n<li>Gonflement<\/li>\n<li>Ecchymoses<\/li>\n<li>Engourdissement<\/li>\n<\/ul>\n<p>Contactez imm\u00e9diatement votre m\u00e9decin si vous avez :<\/p>\n<ul>\n<li>Douleur intense d'un c\u00f4t\u00e9 du visage ou du cou dans les 24 heures suivant la chirurgie<\/li>\n<li>Douleur thoracique<\/li>\n<li>Battements de coeur irr\u00e9guliers<\/li>\n<\/ul>\n<p>Les incisions seront probablement recouvertes de bandages. Les bandages exercent une l\u00e9g\u00e8re pression pour minimiser l'enflure et les ecchymoses. Un petit tube peut \u00eatre plac\u00e9 sous la peau derri\u00e8re une ou les deux oreilles pour drainer l'exc\u00e8s de sang ou de liquide.<\/p>\n<p>Dans les premiers jours apr\u00e8s la chirurgie :<\/p>\n<ul>\n<li>Reposez-vous avec la t\u00eate sur\u00e9lev\u00e9e<\/li>\n<li>Prenez des analg\u00e9siques selon les recommandations de votre m\u00e9decin<\/li>\n<li>Appliquez des compresses froides sur le visage pour soulager la douleur et r\u00e9duire l'enflure<\/li>\n<\/ul>\n<h3>Rendez-vous de suivi<\/h3>\n<p>Vous aurez plusieurs rendez-vous de suivi programm\u00e9s au cours des deux mois suivant la chirurgie. Ils comprendront les \u00e9l\u00e9ments suivants\u00a0:<\/p>\n<ul>\n<li>Le lendemain de la chirurgie, le chirurgien retirera probablement le tube de drainage. Le chirurgien appliquera \u00e9galement probablement une pommade antibiotique sur les incisions et placera de nouveaux bandages sur votre visage.<\/li>\n<li>Deux \u00e0 trois jours apr\u00e8s votre lifting, vous pourrez peut-\u00eatre passer du port de bandages au port d'une \u00e9charpe faciale \u00e9lastique.<\/li>\n<li>Environ une semaine apr\u00e8s la chirurgie, votre fournisseur de soins de sant\u00e9 retirera les points de suture et \u00e9valuera la plaie.<\/li>\n<li>Des visites ult\u00e9rieures seront probablement programm\u00e9es pour suivre vos progr\u00e8s.<\/li>\n<\/ul>\n<h3>Soins auto-administr\u00e9s<\/h3>\n<p>Prendre soin de soi \u00e0 la maison pendant les trois premi\u00e8res semaines aidera votre r\u00e9tablissement et r\u00e9duira le risque de complications\u00a0:<\/p>\n<ul>\n<li>Suivez les instructions de soins des plaies comme indiqu\u00e9 par votre chirurgien.<\/li>\n<li>Ne grattez pas les cro\u00fbtes qui se d\u00e9veloppent sur votre plaie.<\/li>\n<li>Suivez les instructions pour savoir quand vous pouvez commencer \u00e0 utiliser du shampoing et des savons et quels types utiliser.<\/li>\n<li>Portez des v\u00eatements qui s'attachent devant. \u00c9vitez les v\u00eatements tir\u00e9s sur la t\u00eate.<\/li>\n<li>\u00c9vitez toute pression ou mouvement excessif sur et autour des incisions.<\/li>\n<li>\u00c9vitez de vous maquiller.<\/li>\n<li>\u00c9vitez les activit\u00e9s ou les sports vigoureux ou a\u00e9robiques.<\/li>\n<li class=\"translation-block\">\u00c9vitez l'exposition directe au soleil sur l'incision pendant trois semaines. Utilisez ensuite un \u00e9cran solaire de\u00a0<abbr title=\"facteur de protection solaire\">SPF<\/abbr>\u00a030 ou plus.<\/li>\n<li>\u00c9vitez de colorer, d\u00e9colorer ou permanenter les cheveux pendant au moins six semaines.<\/li>\n<\/ul>\n<p>Dans les semaines qui suivent un lifting, vous pouvez coiffer vos cheveux pour masquer les signes de l'incision. Vous pouvez choisir de retarder la participation \u00e0 des \u00e9v\u00e9nements sociaux majeurs pendant quelques mois.<\/p>\n<h2>R\u00e9sultats<\/h2>\n<p>Un lifting peut donner \u00e0 votre visage et \u00e0 votre cou un aspect plus jeune. Mais les r\u00e9sultats du lifting ne sont pas permanents. Avec l'\u00e2ge, la peau du visage peut recommencer \u00e0 s'affaisser. En g\u00e9n\u00e9ral, un lifting peut durer 10 ans.<\/p>\n<p>&nbsp;<\/p>","protected":false},"excerpt":{"rendered":"<p>A face-lift is a cosmetic surgical procedure to create a  [&#8230;]<\/p>","protected":false},"featured_media":2976,"comment_status":"open","ping_status":"closed","template":"","meta":[],"product_brand":[],"product_cat":[66],"product_tag":[],"class_list":{"0":"post-2975","1":"product","2":"type-product","3":"status-publish","4":"has-post-thumbnail","6":"product_cat-dav","8":"first","9":"instock","10":"shipping-taxable","11":"purchasable","12":"product-type-simple"},"_links":{"self":[{"href":"https:\/\/surgeryagency.com\/fr\/wp-json\/wp\/v2\/product\/2975","targetHints":{"allow":["GET"]}}],"collection":[{"href":"https:\/\/surgeryagency.com\/fr\/wp-json\/wp\/v2\/product"}],"about":[{"href":"https:\/\/surgeryagency.com\/fr\/wp-json\/wp\/v2\/types\/product"}],"replies":[{"embeddable":true,"href":"https:\/\/surgeryagency.com\/fr\/wp-json\/wp\/v2\/comments?post=2975"}],"wp:featuredmedia":[{"embeddable":true,"href":"https:\/\/surgeryagency.com\/fr\/wp-json\/wp\/v2\/media\/2976"}],"wp:attachment":[{"href":"https:\/\/surgeryagency.com\/fr\/wp-json\/wp\/v2\/media?parent=2975"}],"wp:term":[{"taxonomy":"product_brand","embeddable":true,"href":"https:\/\/surgeryagency.com\/fr\/wp-json\/wp\/v2\/product_brand?post=2975"},{"taxonomy":"product_cat","embeddable":true,"href":"https:\/\/surgeryagency.com\/fr\/wp-json\/wp\/v2\/product_cat?post=2975"},{"taxonomy":"product_tag","embeddable":true,"href":"https:\/\/surgeryagency.com\/fr\/wp-json\/wp\/v2\/product_tag?post=2975"}],"curies":[{"name":"wp","href":"https:\/\/api.w.org\/{rel}","templated":true}]}}