{"id":3222,"date":"2023-11-12T14:55:19","date_gmt":"2023-11-12T14:55:19","guid":{"rendered":"https:\/\/surgeryagency.com\/?post_type=product&#038;p=3222"},"modified":"2023-11-18T14:40:47","modified_gmt":"2023-11-18T14:40:47","slug":"fertility-medicine","status":"publish","type":"product","link":"https:\/\/surgeryagency.com\/fr\/produit\/fertility-medicine\/","title":{"rendered":"M\u00e9decine de fertilit\u00e9"},"content":{"rendered":"<p><strong>FIV<\/strong><\/p>\n<p>La f\u00e9condation in vitro (FIV) est une technique artistique qui permet la rencontre du spermatozo\u00efde et de l'ovule en laboratoire. L'embryon ainsi form\u00e9 est r\u00e9introduit dans l'ut\u00e9rus pour poursuivre son d\u00e9veloppement.<\/p>\n<div id=\"attachment_3235\" style=\"width: 310px\" class=\"wp-caption alignnone\"><img decoding=\"async\" aria-describedby=\"caption-attachment-3235\" class=\"lazyload size-medium wp-image-3235\" src=\"http:\/\/surgeryagency.com\/wp-content\/uploads\/2023\/11\/IVF-pic-300x225.jpg\" data-orig-src=\"http:\/\/surgeryagency.com\/wp-content\/uploads\/2023\/11\/IVF-pic-300x225.jpg\" alt=\"\" width=\"300\" height=\"225\" srcset=\"data:image\/svg+xml,%3Csvg%20xmlns%3D%27http%3A%2F%2Fwww.w3.org%2F2000%2Fsvg%27%20width%3D%27300%27%20height%3D%27225%27%20viewBox%3D%270%200%20300%20225%27%3E%3Crect%20width%3D%27300%27%20height%3D%27225%27%20fill-opacity%3D%220%22%2F%3E%3C%2Fsvg%3E\" data-srcset=\"https:\/\/surgeryagency.com\/wp-content\/uploads\/2023\/11\/IVF-pic-16x12.jpg 16w, https:\/\/surgeryagency.com\/wp-content\/uploads\/2023\/11\/IVF-pic-200x150.jpg 200w, https:\/\/surgeryagency.com\/wp-content\/uploads\/2023\/11\/IVF-pic-300x225.jpg 300w, https:\/\/surgeryagency.com\/wp-content\/uploads\/2023\/11\/IVF-pic-400x300.jpg 400w, https:\/\/surgeryagency.com\/wp-content\/uploads\/2023\/11\/IVF-pic-500x375.jpg 500w, https:\/\/surgeryagency.com\/wp-content\/uploads\/2023\/11\/IVF-pic-600x450.jpg 600w, https:\/\/surgeryagency.com\/wp-content\/uploads\/2023\/11\/IVF-pic-700x525.jpg 700w, https:\/\/surgeryagency.com\/wp-content\/uploads\/2023\/11\/IVF-pic-768x576.jpg 768w, https:\/\/surgeryagency.com\/wp-content\/uploads\/2023\/11\/IVF-pic-800x600.jpg 800w, https:\/\/surgeryagency.com\/wp-content\/uploads\/2023\/11\/IVF-pic.jpg 1024w\" data-sizes=\"auto\" data-orig-sizes=\"(max-width: 300px) 100vw, 300px\" \/><p id=\"caption-attachment-3235\" class=\"wp-caption-text\">Spermatozo\u00efdes, flottant vers l'ovule \u2013 rendu 3D<\/p><\/div>\n<p><strong>ICSI<\/strong><br \/>\nL'ICSI est une technique de f\u00e9condation in vitro (FIV) qui consiste \u00e0 introduire, \u00e0 l'aide d'une pipette tr\u00e8s fine, un seul spermatozo\u00efde \u00e0 l'int\u00e9rieur d'un ovule afin de le f\u00e9conder.<\/p>\n<p><img decoding=\"async\" class=\"lazyload alignnone size-medium wp-image-3226\" src=\"http:\/\/surgeryagency.com\/wp-content\/uploads\/2023\/11\/29532410-300x200.webp\" data-orig-src=\"http:\/\/surgeryagency.com\/wp-content\/uploads\/2023\/11\/29532410-300x200.webp\" alt=\"\" width=\"300\" height=\"200\" srcset=\"data:image\/svg+xml,%3Csvg%20xmlns%3D%27http%3A%2F%2Fwww.w3.org%2F2000%2Fsvg%27%20width%3D%27300%27%20height%3D%27200%27%20viewBox%3D%270%200%20300%20200%27%3E%3Crect%20width%3D%27300%27%20height%3D%27200%27%20fill-opacity%3D%220%22%2F%3E%3C%2Fsvg%3E\" data-srcset=\"https:\/\/surgeryagency.com\/wp-content\/uploads\/2023\/11\/29532410-18x12.webp 18w, https:\/\/surgeryagency.com\/wp-content\/uploads\/2023\/11\/29532410-200x133.webp 200w, https:\/\/surgeryagency.com\/wp-content\/uploads\/2023\/11\/29532410-300x200.webp 300w, https:\/\/surgeryagency.com\/wp-content\/uploads\/2023\/11\/29532410-400x267.webp 400w, https:\/\/surgeryagency.com\/wp-content\/uploads\/2023\/11\/29532410-500x333.webp 500w, https:\/\/surgeryagency.com\/wp-content\/uploads\/2023\/11\/29532410-600x400.webp 600w, https:\/\/surgeryagency.com\/wp-content\/uploads\/2023\/11\/29532410-700x467.webp 700w, https:\/\/surgeryagency.com\/wp-content\/uploads\/2023\/11\/29532410-768x512.webp 768w, https:\/\/surgeryagency.com\/wp-content\/uploads\/2023\/11\/29532410-800x533.webp 800w, https:\/\/surgeryagency.com\/wp-content\/uploads\/2023\/11\/29532410-1024x683.webp 1024w, https:\/\/surgeryagency.com\/wp-content\/uploads\/2023\/11\/29532410-1200x800.webp 1200w, https:\/\/surgeryagency.com\/wp-content\/uploads\/2023\/11\/29532410.webp 1500w\" data-sizes=\"auto\" data-orig-sizes=\"(max-width: 300px) 100vw, 300px\" \/><\/p>\n<p><strong>MSOME<\/strong><br \/>\nLe msome (examen de la morphologie des organites des spermatozo\u00efdes mobiles) ou test pr\u00e9-imsi est une \u00e9valuation fine de la morphologie des spermatozo\u00efdes \u00e0 fort grossissement \u00e0 l'aide d'un microscope optique invers\u00e9.<\/p>\n<p><img decoding=\"async\" class=\"lazyload alignnone size-medium wp-image-3225\" src=\"http:\/\/surgeryagency.com\/wp-content\/uploads\/2023\/11\/311972_1_En_8_Fig3_HTML-181x300.jpg\" data-orig-src=\"http:\/\/surgeryagency.com\/wp-content\/uploads\/2023\/11\/311972_1_En_8_Fig3_HTML-181x300.jpg\" alt=\"\" width=\"181\" height=\"300\" srcset=\"data:image\/svg+xml,%3Csvg%20xmlns%3D%27http%3A%2F%2Fwww.w3.org%2F2000%2Fsvg%27%20width%3D%27181%27%20height%3D%27300%27%20viewBox%3D%270%200%20181%20300%27%3E%3Crect%20width%3D%27181%27%20height%3D%27300%27%20fill-opacity%3D%220%22%2F%3E%3C%2Fsvg%3E\" data-srcset=\"https:\/\/surgeryagency.com\/wp-content\/uploads\/2023\/11\/311972_1_En_8_Fig3_HTML-7x12.jpg 7w, https:\/\/surgeryagency.com\/wp-content\/uploads\/2023\/11\/311972_1_En_8_Fig3_HTML-181x300.jpg 181w, https:\/\/surgeryagency.com\/wp-content\/uploads\/2023\/11\/311972_1_En_8_Fig3_HTML-200x332.jpg 200w, https:\/\/surgeryagency.com\/wp-content\/uploads\/2023\/11\/311972_1_En_8_Fig3_HTML-400x664.jpg 400w, https:\/\/surgeryagency.com\/wp-content\/uploads\/2023\/11\/311972_1_En_8_Fig3_HTML.jpg 440w\" data-sizes=\"auto\" data-orig-sizes=\"(max-width: 181px) 100vw, 181px\" \/><\/p>\n<p><strong>AMP CHEZ LES COUPLES \u00c0 RISQUE VIRAL<\/strong><br \/>\nLorsqu'un ou les deux membres d'un couple sont porteurs du virus de l'immunod\u00e9ficience humaine (VIH) ou du virus de l'h\u00e9patite B (VHB) ou du virus de l'h\u00e9patite C (VHC), une proc\u00e9dure particuli\u00e8re doit \u00eatre mise en \u0153uvre pour le traitement en ins\u00e9mination intra-ut\u00e9rine (IIU). ou encore en F\u00e9condation In Vitro sans microinjection (FIV) ou en F\u00e9condation In Vitro avec microinjection (ICSI) ou encore en cryoconservation de gam\u00e8tes et d'embryons.<\/p>\n<p>Cette proc\u00e9dure vise \u00e0 \u00e9viter toute contamination virale des bo\u00eetes de culture d'embryons d'autres couples indemnes de ces pathologies et \u00e0 garantir la s\u00e9curit\u00e9 sanitaire du personnel manipulant les gam\u00e8tes et les embryons.<\/p>\n<p>Notre laboratoire dispose des locaux et des \u00e9quipements n\u00e9cessaires \u00e0 la prise en charge des couples porteurs du VIH, du VHB et du VHC.<\/p>\n<p><img decoding=\"async\" class=\"lazyload alignnone size-medium wp-image-3236\" src=\"http:\/\/surgeryagency.com\/wp-content\/uploads\/2023\/11\/adn-300x200.jpg\" data-orig-src=\"http:\/\/surgeryagency.com\/wp-content\/uploads\/2023\/11\/adn-300x200.jpg\" alt=\"\" width=\"300\" height=\"200\" srcset=\"data:image\/svg+xml,%3Csvg%20xmlns%3D%27http%3A%2F%2Fwww.w3.org%2F2000%2Fsvg%27%20width%3D%27300%27%20height%3D%27200%27%20viewBox%3D%270%200%20300%20200%27%3E%3Crect%20width%3D%27300%27%20height%3D%27200%27%20fill-opacity%3D%220%22%2F%3E%3C%2Fsvg%3E\" data-srcset=\"https:\/\/surgeryagency.com\/wp-content\/uploads\/2023\/11\/adn-18x12.jpg 18w, https:\/\/surgeryagency.com\/wp-content\/uploads\/2023\/11\/adn-200x133.jpg 200w, https:\/\/surgeryagency.com\/wp-content\/uploads\/2023\/11\/adn-300x200.jpg 300w, https:\/\/surgeryagency.com\/wp-content\/uploads\/2023\/11\/adn-400x267.jpg 400w, https:\/\/surgeryagency.com\/wp-content\/uploads\/2023\/11\/adn-500x334.jpg 500w, https:\/\/surgeryagency.com\/wp-content\/uploads\/2023\/11\/adn-600x400.jpg 600w, https:\/\/surgeryagency.com\/wp-content\/uploads\/2023\/11\/adn-700x467.jpg 700w, https:\/\/surgeryagency.com\/wp-content\/uploads\/2023\/11\/adn-768x512.jpg 768w, https:\/\/surgeryagency.com\/wp-content\/uploads\/2023\/11\/adn-800x534.jpg 800w, https:\/\/surgeryagency.com\/wp-content\/uploads\/2023\/11\/adn.jpg 1000w\" data-sizes=\"auto\" data-orig-sizes=\"(max-width: 300px) 100vw, 300px\" \/><\/p>\n<p><strong>IUI<\/strong><br \/>\nIns\u00e9mination intra-ut\u00e9rine C'est une technique simple (sans hospitalisation) et indolore mise en \u0153uvre en cas d'infertilit\u00e9 non tubaire.<\/p>\n<p><img decoding=\"async\" class=\"lazyload alignnone size-medium wp-image-3227\" src=\"http:\/\/surgeryagency.com\/wp-content\/uploads\/2023\/11\/Insemination-intra-Uterine-IIU--300x167.png\" data-orig-src=\"http:\/\/surgeryagency.com\/wp-content\/uploads\/2023\/11\/Insemination-intra-Uterine-IIU--300x167.png\" alt=\"\" width=\"300\" height=\"167\" srcset=\"data:image\/svg+xml,%3Csvg%20xmlns%3D%27http%3A%2F%2Fwww.w3.org%2F2000%2Fsvg%27%20width%3D%27300%27%20height%3D%27167%27%20viewBox%3D%270%200%20300%20167%27%3E%3Crect%20width%3D%27300%27%20height%3D%27167%27%20fill-opacity%3D%220%22%2F%3E%3C%2Fsvg%3E\" data-srcset=\"https:\/\/surgeryagency.com\/wp-content\/uploads\/2023\/11\/Insemination-intra-Uterine-IIU--18x10.png 18w, https:\/\/surgeryagency.com\/wp-content\/uploads\/2023\/11\/Insemination-intra-Uterine-IIU--200x112.png 200w, https:\/\/surgeryagency.com\/wp-content\/uploads\/2023\/11\/Insemination-intra-Uterine-IIU--300x167.png 300w, https:\/\/surgeryagency.com\/wp-content\/uploads\/2023\/11\/Insemination-intra-Uterine-IIU--400x223.png 400w, https:\/\/surgeryagency.com\/wp-content\/uploads\/2023\/11\/Insemination-intra-Uterine-IIU--500x279.png 500w, https:\/\/surgeryagency.com\/wp-content\/uploads\/2023\/11\/Insemination-intra-Uterine-IIU--600x335.png 600w, https:\/\/surgeryagency.com\/wp-content\/uploads\/2023\/11\/Insemination-intra-Uterine-IIU--700x390.png 700w, https:\/\/surgeryagency.com\/wp-content\/uploads\/2023\/11\/Insemination-intra-Uterine-IIU--768x428.png 768w, https:\/\/surgeryagency.com\/wp-content\/uploads\/2023\/11\/Insemination-intra-Uterine-IIU-.png 800w\" data-sizes=\"auto\" data-orig-sizes=\"(max-width: 300px) 100vw, 300px\" \/><\/p>\n<p><strong>CONGELATION DU SPERME<\/strong><br \/>\nLa cryoconservation du sperme est un processus qui permet aux spermatozo\u00efdes de se conserver pendant plusieurs ann\u00e9es en vue d'une utilisation ult\u00e9rieure. la conservation des \u00e9chantillons de sperme est r\u00e9alis\u00e9e \u00e0 tr\u00e8s basse temp\u00e9rature (-196\u00b0c).<\/p>\n<p><img decoding=\"async\" class=\"lazyload alignnone size-medium wp-image-3228\" src=\"http:\/\/surgeryagency.com\/wp-content\/uploads\/2023\/11\/shutterstock_549045487-1024x768-1-300x225.jpg\" data-orig-src=\"http:\/\/surgeryagency.com\/wp-content\/uploads\/2023\/11\/shutterstock_549045487-1024x768-1-300x225.jpg\" alt=\"\" width=\"300\" height=\"225\" srcset=\"data:image\/svg+xml,%3Csvg%20xmlns%3D%27http%3A%2F%2Fwww.w3.org%2F2000%2Fsvg%27%20width%3D%27300%27%20height%3D%27225%27%20viewBox%3D%270%200%20300%20225%27%3E%3Crect%20width%3D%27300%27%20height%3D%27225%27%20fill-opacity%3D%220%22%2F%3E%3C%2Fsvg%3E\" data-srcset=\"https:\/\/surgeryagency.com\/wp-content\/uploads\/2023\/11\/shutterstock_549045487-1024x768-1-16x12.jpg 16w, https:\/\/surgeryagency.com\/wp-content\/uploads\/2023\/11\/shutterstock_549045487-1024x768-1-200x150.jpg 200w, https:\/\/surgeryagency.com\/wp-content\/uploads\/2023\/11\/shutterstock_549045487-1024x768-1-300x225.jpg 300w, https:\/\/surgeryagency.com\/wp-content\/uploads\/2023\/11\/shutterstock_549045487-1024x768-1-400x300.jpg 400w, https:\/\/surgeryagency.com\/wp-content\/uploads\/2023\/11\/shutterstock_549045487-1024x768-1-500x375.jpg 500w, https:\/\/surgeryagency.com\/wp-content\/uploads\/2023\/11\/shutterstock_549045487-1024x768-1-600x450.jpg 600w, https:\/\/surgeryagency.com\/wp-content\/uploads\/2023\/11\/shutterstock_549045487-1024x768-1-700x525.jpg 700w, https:\/\/surgeryagency.com\/wp-content\/uploads\/2023\/11\/shutterstock_549045487-1024x768-1-768x576.jpg 768w, https:\/\/surgeryagency.com\/wp-content\/uploads\/2023\/11\/shutterstock_549045487-1024x768-1-800x600.jpg 800w, https:\/\/surgeryagency.com\/wp-content\/uploads\/2023\/11\/shutterstock_549045487-1024x768-1.jpg 1024w\" data-sizes=\"auto\" data-orig-sizes=\"(max-width: 300px) 100vw, 300px\" \/><\/p>\n<p><strong>CONGELATION DES EMBRYONS<\/strong><\/p>\n<p class=\"translation-block\">Cette conservation se fait dans des \u00e9tuis (pailles) contenant votre identification de mani\u00e8re tr\u00e8s pr\u00e9cise.<br>\nLes paillettes sont plac\u00e9es dans des r\u00e9cipients immerg\u00e9s dans de l'azote liquide \u00e0 une temp\u00e9rature de -196\u00b0C. \u00c0 cette temp\u00e9rature, les embryons peuvent \u00eatre conserv\u00e9s pendant des ann\u00e9es.<br>\nL\u2019avantage des embryons congel\u00e9s est que la proc\u00e9dure de pr\u00e9paration \u00e0 l\u2019implantation est tr\u00e8s simple et simple.<\/p>\n<p><img decoding=\"async\" class=\"lazyload alignnone size-medium wp-image-3237\" src=\"http:\/\/surgeryagency.com\/wp-content\/uploads\/2023\/11\/embryo-freezing-hero-300x116.jpg\" data-orig-src=\"http:\/\/surgeryagency.com\/wp-content\/uploads\/2023\/11\/embryo-freezing-hero-300x116.jpg\" alt=\"\" width=\"300\" height=\"116\" srcset=\"data:image\/svg+xml,%3Csvg%20xmlns%3D%27http%3A%2F%2Fwww.w3.org%2F2000%2Fsvg%27%20width%3D%27300%27%20height%3D%27116%27%20viewBox%3D%270%200%20300%20116%27%3E%3Crect%20width%3D%27300%27%20height%3D%27116%27%20fill-opacity%3D%220%22%2F%3E%3C%2Fsvg%3E\" data-srcset=\"https:\/\/surgeryagency.com\/wp-content\/uploads\/2023\/11\/embryo-freezing-hero-18x7.jpg 18w, https:\/\/surgeryagency.com\/wp-content\/uploads\/2023\/11\/embryo-freezing-hero-200x77.jpg 200w, https:\/\/surgeryagency.com\/wp-content\/uploads\/2023\/11\/embryo-freezing-hero-300x116.jpg 300w, https:\/\/surgeryagency.com\/wp-content\/uploads\/2023\/11\/embryo-freezing-hero-400x154.jpg 400w, https:\/\/surgeryagency.com\/wp-content\/uploads\/2023\/11\/embryo-freezing-hero-500x193.jpg 500w, https:\/\/surgeryagency.com\/wp-content\/uploads\/2023\/11\/embryo-freezing-hero-600x231.jpg 600w, https:\/\/surgeryagency.com\/wp-content\/uploads\/2023\/11\/embryo-freezing-hero-700x270.jpg 700w, https:\/\/surgeryagency.com\/wp-content\/uploads\/2023\/11\/embryo-freezing-hero-768x296.jpg 768w, https:\/\/surgeryagency.com\/wp-content\/uploads\/2023\/11\/embryo-freezing-hero-800x308.jpg 800w, https:\/\/surgeryagency.com\/wp-content\/uploads\/2023\/11\/embryo-freezing-hero-1024x395.jpg 1024w, https:\/\/surgeryagency.com\/wp-content\/uploads\/2023\/11\/embryo-freezing-hero-1200x463.jpg 1200w, https:\/\/surgeryagency.com\/wp-content\/uploads\/2023\/11\/embryo-freezing-hero.jpg 1297w\" data-sizes=\"auto\" data-orig-sizes=\"(max-width: 300px) 100vw, 300px\" \/><\/p>\n<p><strong>TRANSFERT D'EMBRYONS CONGEL\u00c9S<\/strong><br \/>\nLe transfert d'embryons congel\u00e9s est g\u00e9n\u00e9ralement pr\u00e9c\u00e9d\u00e9 d'une phase de pr\u00e9paration de l'endom\u00e8tre pour qu'il devienne r\u00e9ceptif. c'est une proc\u00e9dure tr\u00e8s simple.<\/p>\n<p><img decoding=\"async\" class=\"lazyload alignnone size-medium wp-image-3238\" src=\"http:\/\/surgeryagency.com\/wp-content\/uploads\/2023\/11\/iStock_000047950140-300x200.jpg\" data-orig-src=\"http:\/\/surgeryagency.com\/wp-content\/uploads\/2023\/11\/iStock_000047950140-300x200.jpg\" alt=\"\" width=\"300\" height=\"200\" srcset=\"data:image\/svg+xml,%3Csvg%20xmlns%3D%27http%3A%2F%2Fwww.w3.org%2F2000%2Fsvg%27%20width%3D%27300%27%20height%3D%27200%27%20viewBox%3D%270%200%20300%20200%27%3E%3Crect%20width%3D%27300%27%20height%3D%27200%27%20fill-opacity%3D%220%22%2F%3E%3C%2Fsvg%3E\" data-srcset=\"https:\/\/surgeryagency.com\/wp-content\/uploads\/2023\/11\/iStock_000047950140-18x12.jpg 18w, https:\/\/surgeryagency.com\/wp-content\/uploads\/2023\/11\/iStock_000047950140-200x133.jpg 200w, https:\/\/surgeryagency.com\/wp-content\/uploads\/2023\/11\/iStock_000047950140-300x200.jpg 300w, https:\/\/surgeryagency.com\/wp-content\/uploads\/2023\/11\/iStock_000047950140-400x266.jpg 400w, https:\/\/surgeryagency.com\/wp-content\/uploads\/2023\/11\/iStock_000047950140-500x333.jpg 500w, https:\/\/surgeryagency.com\/wp-content\/uploads\/2023\/11\/iStock_000047950140-600x399.jpg 600w, https:\/\/surgeryagency.com\/wp-content\/uploads\/2023\/11\/iStock_000047950140-700x466.jpg 700w, https:\/\/surgeryagency.com\/wp-content\/uploads\/2023\/11\/iStock_000047950140-768x511.jpg 768w, https:\/\/surgeryagency.com\/wp-content\/uploads\/2023\/11\/iStock_000047950140-800x532.jpg 800w, https:\/\/surgeryagency.com\/wp-content\/uploads\/2023\/11\/iStock_000047950140.jpg 1000w\" data-sizes=\"auto\" data-orig-sizes=\"(max-width: 300px) 100vw, 300px\" \/><\/p>","protected":false},"excerpt":{"rendered":"<p><strong>Medically Assisted Reproduction (MAP)<\/strong><\/p>","protected":false},"featured_media":3229,"comment_status":"open","ping_status":"closed","template":"","meta":[],"product_brand":[],"product_cat":[15],"product_tag":[],"class_list":{"0":"post-3222","1":"product","2":"type-product","3":"status-publish","4":"has-post-thumbnail","6":"product_cat-uncategorized","8":"first","9":"instock","10":"shipping-taxable","11":"product-type-simple"},"_links":{"self":[{"href":"https:\/\/surgeryagency.com\/fr\/wp-json\/wp\/v2\/product\/3222","targetHints":{"allow":["GET"]}}],"collection":[{"href":"https:\/\/surgeryagency.com\/fr\/wp-json\/wp\/v2\/product"}],"about":[{"href":"https:\/\/surgeryagency.com\/fr\/wp-json\/wp\/v2\/types\/product"}],"replies":[{"embeddable":true,"href":"https:\/\/surgeryagency.com\/fr\/wp-json\/wp\/v2\/comments?post=3222"}],"wp:featuredmedia":[{"embeddable":true,"href":"https:\/\/surgeryagency.com\/fr\/wp-json\/wp\/v2\/media\/3229"}],"wp:attachment":[{"href":"https:\/\/surgeryagency.com\/fr\/wp-json\/wp\/v2\/media?parent=3222"}],"wp:term":[{"taxonomy":"product_brand","embeddable":true,"href":"https:\/\/surgeryagency.com\/fr\/wp-json\/wp\/v2\/product_brand?post=3222"},{"taxonomy":"product_cat","embeddable":true,"href":"https:\/\/surgeryagency.com\/fr\/wp-json\/wp\/v2\/product_cat?post=3222"},{"taxonomy":"product_tag","embeddable":true,"href":"https:\/\/surgeryagency.com\/fr\/wp-json\/wp\/v2\/product_tag?post=3222"}],"curies":[{"name":"wp","href":"https:\/\/api.w.org\/{rel}","templated":true}]}}