{"id":3239,"date":"2023-11-18T15:00:32","date_gmt":"2023-11-18T15:00:32","guid":{"rendered":"https:\/\/surgeryagency.com\/?post_type=product&#038;p=3239"},"modified":"2023-11-18T15:01:10","modified_gmt":"2023-11-18T15:01:10","slug":"hearing-correction","status":"publish","type":"product","link":"https:\/\/surgeryagency.com\/fr\/produit\/hearing-correction\/","title":{"rendered":"correction auditive"},"content":{"rendered":"<p>1-Tests auditifs<br \/>\nNos tests auditifs d\u00e9termineront le niveau de votre seuil auditif afin de vous garantir les meilleurs conseils et vous assurer un accompagnement adapt\u00e9.<\/p>\n<p><img decoding=\"async\" class=\"lazyload alignnone size-medium wp-image-3241\" src=\"http:\/\/surgeryagency.com\/wp-content\/uploads\/2023\/11\/899774-Hearing-amplifiers-vs-hearing-aids-Whats-the-difference-1296x728-Header-05a2d3-1024x575-1-300x168.webp\" data-orig-src=\"http:\/\/surgeryagency.com\/wp-content\/uploads\/2023\/11\/899774-Hearing-amplifiers-vs-hearing-aids-Whats-the-difference-1296x728-Header-05a2d3-1024x575-1-300x168.webp\" alt=\"\" width=\"300\" height=\"168\" srcset=\"data:image\/svg+xml,%3Csvg%20xmlns%3D%27http%3A%2F%2Fwww.w3.org%2F2000%2Fsvg%27%20width%3D%27300%27%20height%3D%27168%27%20viewBox%3D%270%200%20300%20168%27%3E%3Crect%20width%3D%27300%27%20height%3D%27168%27%20fill-opacity%3D%220%22%2F%3E%3C%2Fsvg%3E\" data-srcset=\"https:\/\/surgeryagency.com\/wp-content\/uploads\/2023\/11\/899774-Hearing-amplifiers-vs-hearing-aids-Whats-the-difference-1296x728-Header-05a2d3-1024x575-1-18x10.webp 18w, https:\/\/surgeryagency.com\/wp-content\/uploads\/2023\/11\/899774-Hearing-amplifiers-vs-hearing-aids-Whats-the-difference-1296x728-Header-05a2d3-1024x575-1-200x112.webp 200w, https:\/\/surgeryagency.com\/wp-content\/uploads\/2023\/11\/899774-Hearing-amplifiers-vs-hearing-aids-Whats-the-difference-1296x728-Header-05a2d3-1024x575-1-300x168.webp 300w, https:\/\/surgeryagency.com\/wp-content\/uploads\/2023\/11\/899774-Hearing-amplifiers-vs-hearing-aids-Whats-the-difference-1296x728-Header-05a2d3-1024x575-1-400x225.webp 400w, https:\/\/surgeryagency.com\/wp-content\/uploads\/2023\/11\/899774-Hearing-amplifiers-vs-hearing-aids-Whats-the-difference-1296x728-Header-05a2d3-1024x575-1-500x281.webp 500w, https:\/\/surgeryagency.com\/wp-content\/uploads\/2023\/11\/899774-Hearing-amplifiers-vs-hearing-aids-Whats-the-difference-1296x728-Header-05a2d3-1024x575-1-600x337.webp 600w, https:\/\/surgeryagency.com\/wp-content\/uploads\/2023\/11\/899774-Hearing-amplifiers-vs-hearing-aids-Whats-the-difference-1296x728-Header-05a2d3-1024x575-1-700x393.webp 700w, https:\/\/surgeryagency.com\/wp-content\/uploads\/2023\/11\/899774-Hearing-amplifiers-vs-hearing-aids-Whats-the-difference-1296x728-Header-05a2d3-1024x575-1-768x431.webp 768w, https:\/\/surgeryagency.com\/wp-content\/uploads\/2023\/11\/899774-Hearing-amplifiers-vs-hearing-aids-Whats-the-difference-1296x728-Header-05a2d3-1024x575-1-800x449.webp 800w, https:\/\/surgeryagency.com\/wp-content\/uploads\/2023\/11\/899774-Hearing-amplifiers-vs-hearing-aids-Whats-the-difference-1296x728-Header-05a2d3-1024x575-1.webp 1024w\" data-sizes=\"auto\" data-orig-sizes=\"(max-width: 300px) 100vw, 300px\" \/><\/p>\n<p>2-Conseil<br \/>\nDans notre centre, nous faisons de votre confort notre priorit\u00e9 : nous vous apporterons l'accompagnement et les conseils n\u00e9cessaires afin de trouver l'appareil adapt\u00e9 \u00e0 vos besoins.<\/p>\n<div id=\"attachment_3242\" style=\"width: 310px\" class=\"wp-caption alignnone\"><img decoding=\"async\" aria-describedby=\"caption-attachment-3242\" class=\"lazyload size-medium wp-image-3242\" src=\"http:\/\/surgeryagency.com\/wp-content\/uploads\/2023\/11\/Audiologist-fitting-a-hearing-aid-scaled-1-300x200.jpeg\" data-orig-src=\"http:\/\/surgeryagency.com\/wp-content\/uploads\/2023\/11\/Audiologist-fitting-a-hearing-aid-scaled-1-300x200.jpeg\" alt=\"\" width=\"300\" height=\"200\" srcset=\"data:image\/svg+xml,%3Csvg%20xmlns%3D%27http%3A%2F%2Fwww.w3.org%2F2000%2Fsvg%27%20width%3D%27300%27%20height%3D%27200%27%20viewBox%3D%270%200%20300%20200%27%3E%3Crect%20width%3D%27300%27%20height%3D%27200%27%20fill-opacity%3D%220%22%2F%3E%3C%2Fsvg%3E\" data-srcset=\"https:\/\/surgeryagency.com\/wp-content\/uploads\/2023\/11\/Audiologist-fitting-a-hearing-aid-scaled-1-18x12.jpeg 18w, https:\/\/surgeryagency.com\/wp-content\/uploads\/2023\/11\/Audiologist-fitting-a-hearing-aid-scaled-1-200x133.jpeg 200w, https:\/\/surgeryagency.com\/wp-content\/uploads\/2023\/11\/Audiologist-fitting-a-hearing-aid-scaled-1-300x200.jpeg 300w, https:\/\/surgeryagency.com\/wp-content\/uploads\/2023\/11\/Audiologist-fitting-a-hearing-aid-scaled-1-400x267.jpeg 400w, https:\/\/surgeryagency.com\/wp-content\/uploads\/2023\/11\/Audiologist-fitting-a-hearing-aid-scaled-1-500x333.jpeg 500w, https:\/\/surgeryagency.com\/wp-content\/uploads\/2023\/11\/Audiologist-fitting-a-hearing-aid-scaled-1-600x400.jpeg 600w, https:\/\/surgeryagency.com\/wp-content\/uploads\/2023\/11\/Audiologist-fitting-a-hearing-aid-scaled-1-700x467.jpeg 700w, https:\/\/surgeryagency.com\/wp-content\/uploads\/2023\/11\/Audiologist-fitting-a-hearing-aid-scaled-1-768x512.jpeg 768w, https:\/\/surgeryagency.com\/wp-content\/uploads\/2023\/11\/Audiologist-fitting-a-hearing-aid-scaled-1-800x533.jpeg 800w, https:\/\/surgeryagency.com\/wp-content\/uploads\/2023\/11\/Audiologist-fitting-a-hearing-aid-scaled-1-1024x683.jpeg 1024w, https:\/\/surgeryagency.com\/wp-content\/uploads\/2023\/11\/Audiologist-fitting-a-hearing-aid-scaled-1-1200x800.jpeg 1200w, https:\/\/surgeryagency.com\/wp-content\/uploads\/2023\/11\/Audiologist-fitting-a-hearing-aid-scaled-1-1536x1024.jpeg 1536w, https:\/\/surgeryagency.com\/wp-content\/uploads\/2023\/11\/Audiologist-fitting-a-hearing-aid-scaled-1.jpeg 2560w\" data-sizes=\"auto\" data-orig-sizes=\"(max-width: 300px) 100vw, 300px\" \/><p id=\"caption-attachment-3242\" class=\"wp-caption-text\">Un oto-rhino-laryngologiste met un appareil auditif dans l\u2019oreille d\u2019un homme \u00e0 l\u2019h\u00f4pital<\/p><\/div>\n<p>3-Appareil<br \/>\nNous vous proposons une large gamme de choix d\u2019aides auditives.<br \/>\nNous offrons \u00e0 nos patients un service personnalis\u00e9 : du r\u00e9glage de l'appareil au suivi r\u00e9gulier du patient, nous restons \u00e0 votre disposition pour faciliter la phase d'adaptation \u00e0 votre appareil.<\/p>\n<p><img decoding=\"async\" class=\"lazyload alignnone size-medium wp-image-3244\" src=\"http:\/\/surgeryagency.com\/wp-content\/uploads\/2023\/11\/hearing-aid-types-jpg-300x200.webp\" data-orig-src=\"http:\/\/surgeryagency.com\/wp-content\/uploads\/2023\/11\/hearing-aid-types-jpg-300x200.webp\" alt=\"\" width=\"300\" height=\"200\" srcset=\"data:image\/svg+xml,%3Csvg%20xmlns%3D%27http%3A%2F%2Fwww.w3.org%2F2000%2Fsvg%27%20width%3D%27300%27%20height%3D%27200%27%20viewBox%3D%270%200%20300%20200%27%3E%3Crect%20width%3D%27300%27%20height%3D%27200%27%20fill-opacity%3D%220%22%2F%3E%3C%2Fsvg%3E\" data-srcset=\"https:\/\/surgeryagency.com\/wp-content\/uploads\/2023\/11\/hearing-aid-types-jpg-18x12.webp 18w, https:\/\/surgeryagency.com\/wp-content\/uploads\/2023\/11\/hearing-aid-types-jpg-200x133.webp 200w, https:\/\/surgeryagency.com\/wp-content\/uploads\/2023\/11\/hearing-aid-types-jpg-300x200.webp 300w, https:\/\/surgeryagency.com\/wp-content\/uploads\/2023\/11\/hearing-aid-types-jpg-400x267.webp 400w, https:\/\/surgeryagency.com\/wp-content\/uploads\/2023\/11\/hearing-aid-types-jpg-500x333.webp 500w, https:\/\/surgeryagency.com\/wp-content\/uploads\/2023\/11\/hearing-aid-types-jpg-600x400.webp 600w, https:\/\/surgeryagency.com\/wp-content\/uploads\/2023\/11\/hearing-aid-types-jpg-700x467.webp 700w, https:\/\/surgeryagency.com\/wp-content\/uploads\/2023\/11\/hearing-aid-types-jpg-768x512.webp 768w, https:\/\/surgeryagency.com\/wp-content\/uploads\/2023\/11\/hearing-aid-types-jpg-800x533.webp 800w, https:\/\/surgeryagency.com\/wp-content\/uploads\/2023\/11\/hearing-aid-types-jpg-1024x683.webp 1024w, https:\/\/surgeryagency.com\/wp-content\/uploads\/2023\/11\/hearing-aid-types-jpg-1200x800.webp 1200w, https:\/\/surgeryagency.com\/wp-content\/uploads\/2023\/11\/hearing-aid-types-jpg.webp 1293w\" data-sizes=\"auto\" data-orig-sizes=\"(max-width: 300px) 100vw, 300px\" \/><br \/>\n4-Service apr\u00e8s-vente et maintenance<br \/>\nNous mettons \u00e0 votre disposition un service apr\u00e8s-vente pour entretenir votre proth\u00e8se.<br \/>\nNous vous offrons :<br \/>\n\u2013 Diagnostic \u2013 Nettoyage de votre appareil \u2013 D\u00e9shumidification \u2013 R\u00e9paration \u2013 Changement du Tube<\/p>","protected":false},"excerpt":{"rendered":"<p>1-Hearing tests Our hearing tests will determine the level of  [&#8230;]<\/p>","protected":false},"featured_media":3243,"comment_status":"open","ping_status":"closed","template":"","meta":[],"product_brand":[],"product_cat":[15],"product_tag":[],"class_list":{"0":"post-3239","1":"product","2":"type-product","3":"status-publish","4":"has-post-thumbnail","6":"product_cat-uncategorized","8":"first","9":"instock","10":"shipping-taxable","11":"product-type-simple"},"_links":{"self":[{"href":"https:\/\/surgeryagency.com\/fr\/wp-json\/wp\/v2\/product\/3239","targetHints":{"allow":["GET"]}}],"collection":[{"href":"https:\/\/surgeryagency.com\/fr\/wp-json\/wp\/v2\/product"}],"about":[{"href":"https:\/\/surgeryagency.com\/fr\/wp-json\/wp\/v2\/types\/product"}],"replies":[{"embeddable":true,"href":"https:\/\/surgeryagency.com\/fr\/wp-json\/wp\/v2\/comments?post=3239"}],"wp:featuredmedia":[{"embeddable":true,"href":"https:\/\/surgeryagency.com\/fr\/wp-json\/wp\/v2\/media\/3243"}],"wp:attachment":[{"href":"https:\/\/surgeryagency.com\/fr\/wp-json\/wp\/v2\/media?parent=3239"}],"wp:term":[{"taxonomy":"product_brand","embeddable":true,"href":"https:\/\/surgeryagency.com\/fr\/wp-json\/wp\/v2\/product_brand?post=3239"},{"taxonomy":"product_cat","embeddable":true,"href":"https:\/\/surgeryagency.com\/fr\/wp-json\/wp\/v2\/product_cat?post=3239"},{"taxonomy":"product_tag","embeddable":true,"href":"https:\/\/surgeryagency.com\/fr\/wp-json\/wp\/v2\/product_tag?post=3239"}],"curies":[{"name":"wp","href":"https:\/\/api.w.org\/{rel}","templated":true}]}}